{"id":2254,"date":"2015-08-15T14:47:14","date_gmt":"2015-08-15T14:47:14","guid":{"rendered":"https:\/\/www.parfumerie-arabe.com\/?post_type=product&#038;p=2254"},"modified":"2025-11-17T19:57:20","modified_gmt":"2025-11-17T19:57:20","slug":"bakhour-al-emarat-al-rehab","status":"publish","type":"product","link":"https:\/\/www.parfumerie-arabe.com\/es\/produit\/bakhour-al-emarat-al-rehab\/","title":{"rendered":"Bakhour Al Emarat 40 g \u2013 Al Rehab"},"content":{"rendered":"<p><strong>Aficionados a los ambientes acogedores adornados con exquisitos aromas.<\/strong>, \u00a1al\u00e9grense! Aqu\u00ed encontrar\u00e1n una verdadera joya que llenar\u00e1 de un aroma delicioso su sal\u00f3n, su dormitorio... y\u00a0<strong>dondequiera que te apetezca<\/strong>\u00a0\u00a1S\u00ed! El Bakhour Al Emarat hace su prodigiosa entrada en la alfombra roja. Y nos regala un momento olfativo encantador.<strong>\u00a0A la vez almizclado y suave.<\/strong>\u00a0Zoom.<\/p>\n<h2><strong>El Bakhour Al Emarat: un c\u00e1lido momento de dulzura<\/strong><\/h2>\n<p>Sin duda, nos gusta el bakhour por el delicado aroma que difunde por toda nuestra casa. De hecho, nos permite disfrutar de un<strong>\u00a0Momento olfativo delicado y refinado.<\/strong>. Pero tambi\u00e9n de una<strong>\u00a0ambiente de bienestar<\/strong>\u00a0en la que nos gusta dejarnos llevar. \u00a1Y sobre todo despu\u00e9s de largas jornadas!<\/p>\n<p>Aqu\u00ed, el bakhour Al Emarat, con su dulzura reconocida, a\u00f1ade\u00a0<strong>delicadeza y ternura<\/strong>\u00a0en ese momento de relajaci\u00f3n que tanto esper\u00e1bamos. Un momento c\u00e1lido, agradable y reconfortante, que sin duda todos apreciamos.<\/p>\n<h2><strong>La delicadeza almizclada de este bakhour en particular<\/strong><\/h2>\n<p><strong>Los aromas de madera de oud y un toque de almizcle prometen la reconocida suavidad de esta aventura olfativa.<\/strong>\u00a0As\u00ed que vas a quemar estas peque\u00f1as virutas de madera perfumadas. Y sin lugar a dudas, el humo que desprenden te permitir\u00e1 descubrir\u00a0<strong>Un aroma absolutamente refinado y delicado.<\/strong>\u00a0As\u00ed que son<strong>\u00a0aromas sensuales, c\u00e1lidos y tiernos<\/strong>\u00a0que caracterizan precisamente esta sublime fragancia.<\/p>\n<h3><strong>Si le seduce el bakhour Al Emarat<\/strong><\/h3>\n<p>Si este bakhour de Al Rehab te ha conquistado con su delicada fragancia, te informamos de que hemos seleccionado una variada gama de la misma marca.<\/p>\n<p>De hecho, por\u00a0<strong>su saber hacer ancestral y su calidad innegable,<\/strong>\u00a0Al Rehab nos seduce con cada dise\u00f1o que nos presenta. Aqu\u00ed podr\u00e1 dejarse llevar por el descubrimiento del\u00a0<strong>bakhour Sondos, Al Bahrain, Sabaya, Shaikhah o incluso del <a href=\"https:\/\/www.parfumerie-arabe.com\/es\/product\/bakhour-aroosah-al-rehab\/\">bakhour Aroosah<\/a>.\u00a0<\/strong>Encu\u00e9ntralos a todos, justo aqu\u00ed.<\/p>","protected":false},"excerpt":{"rendered":"<div class=\"product-short-description\">\n<p><strong>Caracter\u00edsticas:\u00a0<\/strong><\/p>\n<ul>\n<li>Un bakhour con un aroma suave que destaca los aromas de oud y madera, con un toque de notas almizcladas.<\/li>\n<\/ul>\n<\/div>","protected":false},"featured_media":2263,"template":"","meta":[],"product_brand":[],"product_cat":[20,153,82],"product_tag":[],"class_list":{"0":"post-2254","1":"product","2":"type-product","3":"status-publish","4":"has-post-thumbnail","6":"product_cat-al-rehab","7":"product_cat-bakhour-al-rehab","8":"product_cat-parfums-dinterieur","10":"first","11":"outofstock","12":"taxable","13":"shipping-taxable","14":"purchasable","15":"product-type-simple"},"yoast_head":"<!-- This site is optimized with the Yoast SEO plugin v27.4 - https:\/\/yoast.com\/product\/yoast-seo-wordpress\/ -->\n<title>Bakhour Al Emarat | Contenance 40g | Al Rehab<\/title>\n<meta name=\"description\" content=\"Le Bakhour Al Emarat fait sa prodigieuse entr\u00e9e sur le tapis rouge. Et nous livre un instant olfactif charmant\u00a0\u00e0 la fois musqu\u00e9 et doux.\u00a0Zoom.\" \/>\n<meta name=\"robots\" content=\"index, follow, max-snippet:-1, max-image-preview:large, max-video-preview:-1\" \/>\n<link rel=\"canonical\" href=\"https:\/\/www.parfumerie-arabe.com\/es\/product\/bakhour-al-emarat-al-rehab\/\" \/>\n<meta property=\"og:locale\" content=\"es_ES\" \/>\n<meta property=\"og:type\" content=\"article\" \/>\n<meta property=\"og:title\" content=\"Bakhour Al Emarat | Contenance 40g | Al Rehab\" \/>\n<meta property=\"og:description\" content=\"Le Bakhour Al Emarat fait sa prodigieuse entr\u00e9e sur le tapis rouge. Et nous livre un instant olfactif charmant\u00a0\u00e0 la fois musqu\u00e9 et doux.\u00a0Zoom.\" \/>\n<meta property=\"og:url\" content=\"https:\/\/www.parfumerie-arabe.com\/es\/product\/bakhour-al-emarat-al-rehab\/\" \/>\n<meta property=\"og:site_name\" content=\"Parfumerie Arabe\" \/>\n<meta property=\"article:modified_time\" content=\"2025-11-17T19:57:20+00:00\" \/>\n<meta property=\"og:image\" content=\"https:\/\/www.parfumerie-arabe.com\/wp-content\/uploads\/2023\/07\/bakhour-el-emarat-bakhour-bakhoor-el-rehab.jpg\" \/>\n\t<meta property=\"og:image:width\" content=\"600\" \/>\n\t<meta property=\"og:image:height\" content=\"600\" \/>\n\t<meta property=\"og:image:type\" content=\"image\/jpeg\" \/>\n<meta name=\"twitter:card\" content=\"summary_large_image\" \/>\n<meta name=\"twitter:label1\" content=\"Tiempo de lectura\" \/>\n\t<meta name=\"twitter:data1\" content=\"2 minutos\" \/>\n<script type=\"application\/ld+json\" class=\"yoast-schema-graph\">{\"@context\":\"https:\\\/\\\/schema.org\",\"@graph\":[{\"@type\":\"WebPage\",\"@id\":\"https:\\\/\\\/www.parfumerie-arabe.com\\\/produit\\\/bakhour-al-emarat-al-rehab\\\/\",\"url\":\"https:\\\/\\\/www.parfumerie-arabe.com\\\/produit\\\/bakhour-al-emarat-al-rehab\\\/\",\"name\":\"Bakhour Al Emarat | Contenance 40g | Al Rehab\",\"isPartOf\":{\"@id\":\"https:\\\/\\\/www.parfumerie-arabe.com\\\/#website\"},\"primaryImageOfPage\":{\"@id\":\"https:\\\/\\\/www.parfumerie-arabe.com\\\/produit\\\/bakhour-al-emarat-al-rehab\\\/#primaryimage\"},\"image\":{\"@id\":\"https:\\\/\\\/www.parfumerie-arabe.com\\\/produit\\\/bakhour-al-emarat-al-rehab\\\/#primaryimage\"},\"thumbnailUrl\":\"https:\\\/\\\/www.parfumerie-arabe.com\\\/wp-content\\\/uploads\\\/2023\\\/07\\\/bakhour-el-emarat-bakhour-bakhoor-el-rehab.jpg\",\"datePublished\":\"2015-08-15T14:47:14+00:00\",\"dateModified\":\"2025-11-17T19:57:20+00:00\",\"description\":\"Le Bakhour Al Emarat fait sa prodigieuse entr\u00e9e sur le tapis rouge. Et nous livre un instant olfactif charmant\u00a0\u00e0 la fois musqu\u00e9 et doux.\u00a0Zoom.\",\"breadcrumb\":{\"@id\":\"https:\\\/\\\/www.parfumerie-arabe.com\\\/produit\\\/bakhour-al-emarat-al-rehab\\\/#breadcrumb\"},\"inLanguage\":\"es\",\"potentialAction\":[{\"@type\":\"ReadAction\",\"target\":[\"https:\\\/\\\/www.parfumerie-arabe.com\\\/produit\\\/bakhour-al-emarat-al-rehab\\\/\"]}]},{\"@type\":\"ImageObject\",\"inLanguage\":\"es\",\"@id\":\"https:\\\/\\\/www.parfumerie-arabe.com\\\/produit\\\/bakhour-al-emarat-al-rehab\\\/#primaryimage\",\"url\":\"https:\\\/\\\/www.parfumerie-arabe.com\\\/wp-content\\\/uploads\\\/2023\\\/07\\\/bakhour-el-emarat-bakhour-bakhoor-el-rehab.jpg\",\"contentUrl\":\"https:\\\/\\\/www.parfumerie-arabe.com\\\/wp-content\\\/uploads\\\/2023\\\/07\\\/bakhour-el-emarat-bakhour-bakhoor-el-rehab.jpg\",\"width\":600,\"height\":600,\"caption\":\"Bakhour Al Emarat 40g \u2013 Al Rehab\"},{\"@type\":\"BreadcrumbList\",\"@id\":\"https:\\\/\\\/www.parfumerie-arabe.com\\\/produit\\\/bakhour-al-emarat-al-rehab\\\/#breadcrumb\",\"itemListElement\":[{\"@type\":\"ListItem\",\"position\":1,\"name\":\"Accueil\",\"item\":\"https:\\\/\\\/www.parfumerie-arabe.com\\\/\"},{\"@type\":\"ListItem\",\"position\":2,\"name\":\"Boutique\",\"item\":\"https:\\\/\\\/www.parfumerie-arabe.com\\\/boutique\\\/\"},{\"@type\":\"ListItem\",\"position\":3,\"name\":\"Bakhour Al Emarat 40g \u2013 Al Rehab\"}]},{\"@type\":\"WebSite\",\"@id\":\"https:\\\/\\\/www.parfumerie-arabe.com\\\/#website\",\"url\":\"https:\\\/\\\/www.parfumerie-arabe.com\\\/\",\"name\":\"Parfumerie Arabe\",\"description\":\"\",\"publisher\":{\"@id\":\"https:\\\/\\\/www.parfumerie-arabe.com\\\/#organization\"},\"potentialAction\":[{\"@type\":\"SearchAction\",\"target\":{\"@type\":\"EntryPoint\",\"urlTemplate\":\"https:\\\/\\\/www.parfumerie-arabe.com\\\/?s={search_term_string}\"},\"query-input\":{\"@type\":\"PropertyValueSpecification\",\"valueRequired\":true,\"valueName\":\"search_term_string\"}}],\"inLanguage\":\"es\"},{\"@type\":\"Organization\",\"@id\":\"https:\\\/\\\/www.parfumerie-arabe.com\\\/#organization\",\"name\":\"Parfumerie arabe\",\"url\":\"https:\\\/\\\/www.parfumerie-arabe.com\\\/\",\"logo\":{\"@type\":\"ImageObject\",\"inLanguage\":\"es\",\"@id\":\"https:\\\/\\\/www.parfumerie-arabe.com\\\/#\\\/schema\\\/logo\\\/image\\\/\",\"url\":\"https:\\\/\\\/www.parfumerie-arabe.com\\\/wp-content\\\/uploads\\\/2022\\\/08\\\/logo-parfumerie-arabe.png\",\"contentUrl\":\"https:\\\/\\\/www.parfumerie-arabe.com\\\/wp-content\\\/uploads\\\/2022\\\/08\\\/logo-parfumerie-arabe.png\",\"width\":600,\"height\":171,\"caption\":\"Parfumerie arabe\"},\"image\":{\"@id\":\"https:\\\/\\\/www.parfumerie-arabe.com\\\/#\\\/schema\\\/logo\\\/image\\\/\"}}]}<\/script>\n<!-- \/ Yoast SEO plugin. -->","yoast_head_json":{"title":"Bakhour Al Emarat | Contenido: 40 g | Al Rehab","description":"El Bakhour Al Emarat hace su prodigiosa entrada en la alfombra roja. Y nos regala un momento olfativo encantador, a la vez almizclado y suave. Zoom.","robots":{"index":"index","follow":"follow","max-snippet":"max-snippet:-1","max-image-preview":"max-image-preview:large","max-video-preview":"max-video-preview:-1"},"canonical":"https:\/\/www.parfumerie-arabe.com\/es\/product\/bakhour-al-emarat-al-rehab\/","og_locale":"es_ES","og_type":"article","og_title":"Bakhour Al Emarat | Contenance 40g | Al Rehab","og_description":"Le Bakhour Al Emarat fait sa prodigieuse entr\u00e9e sur le tapis rouge. Et nous livre un instant olfactif charmant\u00a0\u00e0 la fois musqu\u00e9 et doux.\u00a0Zoom.","og_url":"https:\/\/www.parfumerie-arabe.com\/es\/product\/bakhour-al-emarat-al-rehab\/","og_site_name":"Parfumerie Arabe","article_modified_time":"2025-11-17T19:57:20+00:00","og_image":[{"width":600,"height":600,"url":"https:\/\/www.parfumerie-arabe.com\/wp-content\/uploads\/2023\/07\/bakhour-el-emarat-bakhour-bakhoor-el-rehab.jpg","type":"image\/jpeg"}],"twitter_card":"summary_large_image","twitter_misc":{"Tiempo de lectura":"2 minutos"},"schema":{"@context":"https:\/\/schema.org","@graph":[{"@type":"WebPage","@id":"https:\/\/www.parfumerie-arabe.com\/produit\/bakhour-al-emarat-al-rehab\/","url":"https:\/\/www.parfumerie-arabe.com\/produit\/bakhour-al-emarat-al-rehab\/","name":"Bakhour Al Emarat | Contenido: 40 g | Al Rehab","isPartOf":{"@id":"https:\/\/www.parfumerie-arabe.com\/#website"},"primaryImageOfPage":{"@id":"https:\/\/www.parfumerie-arabe.com\/produit\/bakhour-al-emarat-al-rehab\/#primaryimage"},"image":{"@id":"https:\/\/www.parfumerie-arabe.com\/produit\/bakhour-al-emarat-al-rehab\/#primaryimage"},"thumbnailUrl":"https:\/\/www.parfumerie-arabe.com\/wp-content\/uploads\/2023\/07\/bakhour-el-emarat-bakhour-bakhoor-el-rehab.jpg","datePublished":"2015-08-15T14:47:14+00:00","dateModified":"2025-11-17T19:57:20+00:00","description":"El Bakhour Al Emarat hace su prodigiosa entrada en la alfombra roja. Y nos regala un momento olfativo encantador, a la vez almizclado y suave. Zoom.","breadcrumb":{"@id":"https:\/\/www.parfumerie-arabe.com\/produit\/bakhour-al-emarat-al-rehab\/#breadcrumb"},"inLanguage":"es","potentialAction":[{"@type":"ReadAction","target":["https:\/\/www.parfumerie-arabe.com\/produit\/bakhour-al-emarat-al-rehab\/"]}]},{"@type":"ImageObject","inLanguage":"es","@id":"https:\/\/www.parfumerie-arabe.com\/produit\/bakhour-al-emarat-al-rehab\/#primaryimage","url":"https:\/\/www.parfumerie-arabe.com\/wp-content\/uploads\/2023\/07\/bakhour-el-emarat-bakhour-bakhoor-el-rehab.jpg","contentUrl":"https:\/\/www.parfumerie-arabe.com\/wp-content\/uploads\/2023\/07\/bakhour-el-emarat-bakhour-bakhoor-el-rehab.jpg","width":600,"height":600,"caption":"Bakhour Al Emarat 40g \u2013 Al Rehab"},{"@type":"BreadcrumbList","@id":"https:\/\/www.parfumerie-arabe.com\/produit\/bakhour-al-emarat-al-rehab\/#breadcrumb","itemListElement":[{"@type":"ListItem","position":1,"name":"Accueil","item":"https:\/\/www.parfumerie-arabe.com\/"},{"@type":"ListItem","position":2,"name":"Boutique","item":"https:\/\/www.parfumerie-arabe.com\/boutique\/"},{"@type":"ListItem","position":3,"name":"Bakhour Al Emarat 40g \u2013 Al Rehab"}]},{"@type":"WebSite","@id":"https:\/\/www.parfumerie-arabe.com\/#website","url":"https:\/\/www.parfumerie-arabe.com\/","name":"Perfumer\u00eda \u00e1rabe","description":"","publisher":{"@id":"https:\/\/www.parfumerie-arabe.com\/#organization"},"potentialAction":[{"@type":"SearchAction","target":{"@type":"EntryPoint","urlTemplate":"https:\/\/www.parfumerie-arabe.com\/?s={search_term_string}"},"query-input":{"@type":"PropertyValueSpecification","valueRequired":true,"valueName":"search_term_string"}}],"inLanguage":"es"},{"@type":"Organization","@id":"https:\/\/www.parfumerie-arabe.com\/#organization","name":"Perfumer\u00eda \u00e1rabe","url":"https:\/\/www.parfumerie-arabe.com\/","logo":{"@type":"ImageObject","inLanguage":"es","@id":"https:\/\/www.parfumerie-arabe.com\/#\/schema\/logo\/image\/","url":"https:\/\/www.parfumerie-arabe.com\/wp-content\/uploads\/2022\/08\/logo-parfumerie-arabe.png","contentUrl":"https:\/\/www.parfumerie-arabe.com\/wp-content\/uploads\/2022\/08\/logo-parfumerie-arabe.png","width":600,"height":171,"caption":"Parfumerie arabe"},"image":{"@id":"https:\/\/www.parfumerie-arabe.com\/#\/schema\/logo\/image\/"}}]}},"_links":{"self":[{"href":"https:\/\/www.parfumerie-arabe.com\/es\/wp-json\/wp\/v2\/product\/2254","targetHints":{"allow":["GET"]}}],"collection":[{"href":"https:\/\/www.parfumerie-arabe.com\/es\/wp-json\/wp\/v2\/product"}],"about":[{"href":"https:\/\/www.parfumerie-arabe.com\/es\/wp-json\/wp\/v2\/types\/product"}],"wp:featuredmedia":[{"embeddable":true,"href":"https:\/\/www.parfumerie-arabe.com\/es\/wp-json\/wp\/v2\/media\/2263"}],"wp:attachment":[{"href":"https:\/\/www.parfumerie-arabe.com\/es\/wp-json\/wp\/v2\/media?parent=2254"}],"wp:term":[{"taxonomy":"product_brand","embeddable":true,"href":"https:\/\/www.parfumerie-arabe.com\/es\/wp-json\/wp\/v2\/product_brand?post=2254"},{"taxonomy":"product_cat","embeddable":true,"href":"https:\/\/www.parfumerie-arabe.com\/es\/wp-json\/wp\/v2\/product_cat?post=2254"},{"taxonomy":"product_tag","embeddable":true,"href":"https:\/\/www.parfumerie-arabe.com\/es\/wp-json\/wp\/v2\/product_tag?post=2254"}],"curies":[{"name":"wp","href":"https:\/\/api.w.org\/{rel}","templated":true}]}}