{"id":2326,"date":"2015-08-21T07:32:26","date_gmt":"2015-08-21T07:32:26","guid":{"rendered":"https:\/\/www.parfumerie-arabe.com\/?post_type=product&#038;p=2326"},"modified":"2025-11-17T20:02:44","modified_gmt":"2025-11-17T20:02:44","slug":"cofre-de-perfume-aceite-perfumado-bakhour-muattar-oud-hamidi","status":"publish","type":"product","link":"https:\/\/www.parfumerie-arabe.com\/es\/produit\/coffret-parfum-huile-parfumee-bakhour-muattar-oud-hamidi\/","title":{"rendered":"Cofre con aceite perfumado y Bakhour Muattar Oud \u2013 Hamidi"},"content":{"rendered":"","protected":false},"excerpt":{"rendered":"<p><strong>Caja Trio Oud de Hamidi:<\/strong><\/p>\n<p>Una\u00a0<strong>bruma perfumada<\/strong>\u00a0al Oud<\/p>\n<p>Un\u00a0<strong>bakhour muattar<\/strong>\u00a0(en virutas) al Oud<\/p>\n<p>Una\u00a0<strong>aceite perfumado<\/strong> Al Anwar<\/p>\n<p>D\u00e9jese seducir por este tr\u00edo compuesto por los imprescindibles de Hamidi,<\/p>\n<p>Si te gusta el oud y los aromas orientales y elegantes, \u00a1este estuche est\u00e1 hecho para ti!<\/p>\n<p><strong>Notas olfativas:<\/strong><\/p>\n<p><strong>Notas de salida<\/strong>\u00a0: Pimienta, cuero.<br \/>\n<strong>Nota de coraz\u00f3n<\/strong>\u00a0: Rosa.<br \/>\n<strong>Notas de fondo<\/strong>\u00a0: Almizcle, \u00e1mbar, madera de agar.<\/p>","protected":false},"featured_media":2346,"template":"","meta":[],"product_brand":[],"product_cat":[35,105,23,27],"product_tag":[],"class_list":{"0":"post-2326","1":"product","2":"type-product","3":"status-publish","4":"has-post-thumbnail","6":"product_cat-bakhour","7":"product_cat-bakhour-hamidi","8":"product_cat-coffrets","9":"product_cat-hamidi","11":"first","12":"outofstock","13":"sale","14":"taxable","15":"shipping-taxable","16":"purchasable","17":"product-type-simple"},"yoast_head":"<!-- This site is optimized with the Yoast SEO plugin v27.4 - https:\/\/yoast.com\/product\/yoast-seo-wordpress\/ -->\n<title>Coffret Parfum huile parfum\u00e9e et Bakhour Muattar Oud \u2013 Hamidi - Parfumerie Arabe<\/title>\n<meta name=\"robots\" content=\"index, follow, max-snippet:-1, max-image-preview:large, max-video-preview:-1\" \/>\n<link rel=\"canonical\" href=\"https:\/\/www.parfumerie-arabe.com\/es\/product\/cofre-de-perfume-aceite-perfumado-bakhour-muattar-oud-hamidi\/\" \/>\n<meta property=\"og:locale\" content=\"es_ES\" \/>\n<meta property=\"og:type\" content=\"article\" \/>\n<meta property=\"og:title\" content=\"Coffret Parfum huile parfum\u00e9e et Bakhour Muattar Oud \u2013 Hamidi - Parfumerie Arabe\" \/>\n<meta property=\"og:description\" content=\"Coffret Trio Oud de Hamidi :  Une\u00a0brume parfum\u00e9e\u00a0au Oud  Un\u00a0bakhour muattar\u00a0(en copeaux) au Oud  Une\u00a0huile parfum\u00e9e Al anwar  Fondez pour ce trio compos\u00e9 des incontournables de chez Hamidi,  Fans de Oud et de senteur orientales et tr\u00e8s classe, ce coffret est fait pour vous !  Les Notes olfactives :  Notes de t\u00eate\u00a0: Poivre, cuir. Note de coeur\u00a0: Rose. Notes de fond\u00a0: Musc, ambre, bois d\u2019agar.\" \/>\n<meta property=\"og:url\" content=\"https:\/\/www.parfumerie-arabe.com\/es\/product\/cofre-de-perfume-aceite-perfumado-bakhour-muattar-oud-hamidi\/\" \/>\n<meta property=\"og:site_name\" content=\"Parfumerie Arabe\" \/>\n<meta property=\"article:modified_time\" content=\"2025-11-17T20:02:44+00:00\" \/>\n<meta property=\"og:image\" content=\"https:\/\/www.parfumerie-arabe.com\/wp-content\/uploads\/2023\/08\/Coffret-Hamidi-parfum-oud-huile-parfume-bakhour-muattar-al-anwar.jpg\" \/>\n\t<meta property=\"og:image:width\" content=\"600\" \/>\n\t<meta property=\"og:image:height\" content=\"600\" \/>\n\t<meta property=\"og:image:type\" content=\"image\/jpeg\" \/>\n<meta name=\"twitter:card\" content=\"summary_large_image\" \/>\n<script type=\"application\/ld+json\" class=\"yoast-schema-graph\">{\"@context\":\"https:\\\/\\\/schema.org\",\"@graph\":[{\"@type\":\"WebPage\",\"@id\":\"https:\\\/\\\/www.parfumerie-arabe.com\\\/produit\\\/coffret-parfum-huile-parfumee-bakhour-muattar-oud-hamidi\\\/\",\"url\":\"https:\\\/\\\/www.parfumerie-arabe.com\\\/produit\\\/coffret-parfum-huile-parfumee-bakhour-muattar-oud-hamidi\\\/\",\"name\":\"Coffret Parfum huile parfum\u00e9e et Bakhour Muattar Oud \u2013 Hamidi - Parfumerie Arabe\",\"isPartOf\":{\"@id\":\"https:\\\/\\\/www.parfumerie-arabe.com\\\/#website\"},\"primaryImageOfPage\":{\"@id\":\"https:\\\/\\\/www.parfumerie-arabe.com\\\/produit\\\/coffret-parfum-huile-parfumee-bakhour-muattar-oud-hamidi\\\/#primaryimage\"},\"image\":{\"@id\":\"https:\\\/\\\/www.parfumerie-arabe.com\\\/produit\\\/coffret-parfum-huile-parfumee-bakhour-muattar-oud-hamidi\\\/#primaryimage\"},\"thumbnailUrl\":\"https:\\\/\\\/www.parfumerie-arabe.com\\\/wp-content\\\/uploads\\\/2023\\\/08\\\/Coffret-Hamidi-parfum-oud-huile-parfume-bakhour-muattar-al-anwar.jpg\",\"datePublished\":\"2015-08-21T07:32:26+00:00\",\"dateModified\":\"2025-11-17T20:02:44+00:00\",\"breadcrumb\":{\"@id\":\"https:\\\/\\\/www.parfumerie-arabe.com\\\/produit\\\/coffret-parfum-huile-parfumee-bakhour-muattar-oud-hamidi\\\/#breadcrumb\"},\"inLanguage\":\"es\",\"potentialAction\":[{\"@type\":\"ReadAction\",\"target\":[\"https:\\\/\\\/www.parfumerie-arabe.com\\\/produit\\\/coffret-parfum-huile-parfumee-bakhour-muattar-oud-hamidi\\\/\"]}]},{\"@type\":\"ImageObject\",\"inLanguage\":\"es\",\"@id\":\"https:\\\/\\\/www.parfumerie-arabe.com\\\/produit\\\/coffret-parfum-huile-parfumee-bakhour-muattar-oud-hamidi\\\/#primaryimage\",\"url\":\"https:\\\/\\\/www.parfumerie-arabe.com\\\/wp-content\\\/uploads\\\/2023\\\/08\\\/Coffret-Hamidi-parfum-oud-huile-parfume-bakhour-muattar-al-anwar.jpg\",\"contentUrl\":\"https:\\\/\\\/www.parfumerie-arabe.com\\\/wp-content\\\/uploads\\\/2023\\\/08\\\/Coffret-Hamidi-parfum-oud-huile-parfume-bakhour-muattar-al-anwar.jpg\",\"width\":600,\"height\":600},{\"@type\":\"BreadcrumbList\",\"@id\":\"https:\\\/\\\/www.parfumerie-arabe.com\\\/produit\\\/coffret-parfum-huile-parfumee-bakhour-muattar-oud-hamidi\\\/#breadcrumb\",\"itemListElement\":[{\"@type\":\"ListItem\",\"position\":1,\"name\":\"Accueil\",\"item\":\"https:\\\/\\\/www.parfumerie-arabe.com\\\/\"},{\"@type\":\"ListItem\",\"position\":2,\"name\":\"Boutique\",\"item\":\"https:\\\/\\\/www.parfumerie-arabe.com\\\/boutique\\\/\"},{\"@type\":\"ListItem\",\"position\":3,\"name\":\"Coffret Parfum huile parfum\u00e9e et Bakhour Muattar Oud \u2013 Hamidi\"}]},{\"@type\":\"WebSite\",\"@id\":\"https:\\\/\\\/www.parfumerie-arabe.com\\\/#website\",\"url\":\"https:\\\/\\\/www.parfumerie-arabe.com\\\/\",\"name\":\"Parfumerie Arabe\",\"description\":\"\",\"publisher\":{\"@id\":\"https:\\\/\\\/www.parfumerie-arabe.com\\\/#organization\"},\"potentialAction\":[{\"@type\":\"SearchAction\",\"target\":{\"@type\":\"EntryPoint\",\"urlTemplate\":\"https:\\\/\\\/www.parfumerie-arabe.com\\\/?s={search_term_string}\"},\"query-input\":{\"@type\":\"PropertyValueSpecification\",\"valueRequired\":true,\"valueName\":\"search_term_string\"}}],\"inLanguage\":\"es\"},{\"@type\":\"Organization\",\"@id\":\"https:\\\/\\\/www.parfumerie-arabe.com\\\/#organization\",\"name\":\"Parfumerie arabe\",\"url\":\"https:\\\/\\\/www.parfumerie-arabe.com\\\/\",\"logo\":{\"@type\":\"ImageObject\",\"inLanguage\":\"es\",\"@id\":\"https:\\\/\\\/www.parfumerie-arabe.com\\\/#\\\/schema\\\/logo\\\/image\\\/\",\"url\":\"https:\\\/\\\/www.parfumerie-arabe.com\\\/wp-content\\\/uploads\\\/2022\\\/08\\\/logo-parfumerie-arabe.png\",\"contentUrl\":\"https:\\\/\\\/www.parfumerie-arabe.com\\\/wp-content\\\/uploads\\\/2022\\\/08\\\/logo-parfumerie-arabe.png\",\"width\":600,\"height\":171,\"caption\":\"Parfumerie arabe\"},\"image\":{\"@id\":\"https:\\\/\\\/www.parfumerie-arabe.com\\\/#\\\/schema\\\/logo\\\/image\\\/\"}}]}<\/script>\n<!-- \/ Yoast SEO plugin. -->","yoast_head_json":{"title":"Cofre con aceite perfumado y Bakhour Muattar Oud \u2013 Hamidi - Perfumer\u00eda \u00e1rabe","robots":{"index":"index","follow":"follow","max-snippet":"max-snippet:-1","max-image-preview":"max-image-preview:large","max-video-preview":"max-video-preview:-1"},"canonical":"https:\/\/www.parfumerie-arabe.com\/es\/product\/cofre-de-perfume-aceite-perfumado-bakhour-muattar-oud-hamidi\/","og_locale":"es_ES","og_type":"article","og_title":"Coffret Parfum huile parfum\u00e9e et Bakhour Muattar Oud \u2013 Hamidi - Parfumerie Arabe","og_description":"Coffret Trio Oud de Hamidi :  Une\u00a0brume parfum\u00e9e\u00a0au Oud  Un\u00a0bakhour muattar\u00a0(en copeaux) au Oud  Une\u00a0huile parfum\u00e9e Al anwar  Fondez pour ce trio compos\u00e9 des incontournables de chez Hamidi,  Fans de Oud et de senteur orientales et tr\u00e8s classe, ce coffret est fait pour vous !  Les Notes olfactives :  Notes de t\u00eate\u00a0: Poivre, cuir. Note de coeur\u00a0: Rose. Notes de fond\u00a0: Musc, ambre, bois d\u2019agar.","og_url":"https:\/\/www.parfumerie-arabe.com\/es\/product\/cofre-de-perfume-aceite-perfumado-bakhour-muattar-oud-hamidi\/","og_site_name":"Parfumerie Arabe","article_modified_time":"2025-11-17T20:02:44+00:00","og_image":[{"width":600,"height":600,"url":"https:\/\/www.parfumerie-arabe.com\/wp-content\/uploads\/2023\/08\/Coffret-Hamidi-parfum-oud-huile-parfume-bakhour-muattar-al-anwar.jpg","type":"image\/jpeg"}],"twitter_card":"summary_large_image","schema":{"@context":"https:\/\/schema.org","@graph":[{"@type":"WebPage","@id":"https:\/\/www.parfumerie-arabe.com\/produit\/coffret-parfum-huile-parfumee-bakhour-muattar-oud-hamidi\/","url":"https:\/\/www.parfumerie-arabe.com\/produit\/coffret-parfum-huile-parfumee-bakhour-muattar-oud-hamidi\/","name":"Cofre con aceite perfumado y Bakhour Muattar Oud \u2013 Hamidi - Perfumer\u00eda \u00e1rabe","isPartOf":{"@id":"https:\/\/www.parfumerie-arabe.com\/#website"},"primaryImageOfPage":{"@id":"https:\/\/www.parfumerie-arabe.com\/produit\/coffret-parfum-huile-parfumee-bakhour-muattar-oud-hamidi\/#primaryimage"},"image":{"@id":"https:\/\/www.parfumerie-arabe.com\/produit\/coffret-parfum-huile-parfumee-bakhour-muattar-oud-hamidi\/#primaryimage"},"thumbnailUrl":"https:\/\/www.parfumerie-arabe.com\/wp-content\/uploads\/2023\/08\/Coffret-Hamidi-parfum-oud-huile-parfume-bakhour-muattar-al-anwar.jpg","datePublished":"2015-08-21T07:32:26+00:00","dateModified":"2025-11-17T20:02:44+00:00","breadcrumb":{"@id":"https:\/\/www.parfumerie-arabe.com\/produit\/coffret-parfum-huile-parfumee-bakhour-muattar-oud-hamidi\/#breadcrumb"},"inLanguage":"es","potentialAction":[{"@type":"ReadAction","target":["https:\/\/www.parfumerie-arabe.com\/produit\/coffret-parfum-huile-parfumee-bakhour-muattar-oud-hamidi\/"]}]},{"@type":"ImageObject","inLanguage":"es","@id":"https:\/\/www.parfumerie-arabe.com\/produit\/coffret-parfum-huile-parfumee-bakhour-muattar-oud-hamidi\/#primaryimage","url":"https:\/\/www.parfumerie-arabe.com\/wp-content\/uploads\/2023\/08\/Coffret-Hamidi-parfum-oud-huile-parfume-bakhour-muattar-al-anwar.jpg","contentUrl":"https:\/\/www.parfumerie-arabe.com\/wp-content\/uploads\/2023\/08\/Coffret-Hamidi-parfum-oud-huile-parfume-bakhour-muattar-al-anwar.jpg","width":600,"height":600},{"@type":"BreadcrumbList","@id":"https:\/\/www.parfumerie-arabe.com\/produit\/coffret-parfum-huile-parfumee-bakhour-muattar-oud-hamidi\/#breadcrumb","itemListElement":[{"@type":"ListItem","position":1,"name":"Accueil","item":"https:\/\/www.parfumerie-arabe.com\/"},{"@type":"ListItem","position":2,"name":"Boutique","item":"https:\/\/www.parfumerie-arabe.com\/boutique\/"},{"@type":"ListItem","position":3,"name":"Coffret Parfum huile parfum\u00e9e et Bakhour Muattar Oud \u2013 Hamidi"}]},{"@type":"WebSite","@id":"https:\/\/www.parfumerie-arabe.com\/#website","url":"https:\/\/www.parfumerie-arabe.com\/","name":"Perfumer\u00eda \u00e1rabe","description":"","publisher":{"@id":"https:\/\/www.parfumerie-arabe.com\/#organization"},"potentialAction":[{"@type":"SearchAction","target":{"@type":"EntryPoint","urlTemplate":"https:\/\/www.parfumerie-arabe.com\/?s={search_term_string}"},"query-input":{"@type":"PropertyValueSpecification","valueRequired":true,"valueName":"search_term_string"}}],"inLanguage":"es"},{"@type":"Organization","@id":"https:\/\/www.parfumerie-arabe.com\/#organization","name":"Perfumer\u00eda \u00e1rabe","url":"https:\/\/www.parfumerie-arabe.com\/","logo":{"@type":"ImageObject","inLanguage":"es","@id":"https:\/\/www.parfumerie-arabe.com\/#\/schema\/logo\/image\/","url":"https:\/\/www.parfumerie-arabe.com\/wp-content\/uploads\/2022\/08\/logo-parfumerie-arabe.png","contentUrl":"https:\/\/www.parfumerie-arabe.com\/wp-content\/uploads\/2022\/08\/logo-parfumerie-arabe.png","width":600,"height":171,"caption":"Parfumerie arabe"},"image":{"@id":"https:\/\/www.parfumerie-arabe.com\/#\/schema\/logo\/image\/"}}]}},"_links":{"self":[{"href":"https:\/\/www.parfumerie-arabe.com\/es\/wp-json\/wp\/v2\/product\/2326","targetHints":{"allow":["GET"]}}],"collection":[{"href":"https:\/\/www.parfumerie-arabe.com\/es\/wp-json\/wp\/v2\/product"}],"about":[{"href":"https:\/\/www.parfumerie-arabe.com\/es\/wp-json\/wp\/v2\/types\/product"}],"wp:featuredmedia":[{"embeddable":true,"href":"https:\/\/www.parfumerie-arabe.com\/es\/wp-json\/wp\/v2\/media\/2346"}],"wp:attachment":[{"href":"https:\/\/www.parfumerie-arabe.com\/es\/wp-json\/wp\/v2\/media?parent=2326"}],"wp:term":[{"taxonomy":"product_brand","embeddable":true,"href":"https:\/\/www.parfumerie-arabe.com\/es\/wp-json\/wp\/v2\/product_brand?post=2326"},{"taxonomy":"product_cat","embeddable":true,"href":"https:\/\/www.parfumerie-arabe.com\/es\/wp-json\/wp\/v2\/product_cat?post=2326"},{"taxonomy":"product_tag","embeddable":true,"href":"https:\/\/www.parfumerie-arabe.com\/es\/wp-json\/wp\/v2\/product_tag?post=2326"}],"curies":[{"name":"wp","href":"https:\/\/api.w.org\/{rel}","templated":true}]}}