{"id":2359,"date":"2023-05-20T11:19:11","date_gmt":"2023-05-20T11:19:11","guid":{"rendered":"https:\/\/www.parfumerie-arabe.com\/?post_type=product&#038;p=2359"},"modified":"2026-04-12T14:24:53","modified_gmt":"2026-04-12T14:24:53","slug":"perfume-azucar-negro-rp-paris","status":"publish","type":"product","link":"https:\/\/www.parfumerie-arabe.com\/es\/produit\/parfum-sucre-noir-rp-paris\/","title":{"rendered":"Perfume Sucre Noir 50 ml \u2013 Rp Paris"},"content":{"rendered":"<p>Descubra el\u00a0<strong>perfume Sucre Noir Rp Paris<\/strong>, una fragancia atractiva que te transporta a un universo dulce y misterioso. \u00a1Descubre por fin las notas golosas y florales de este perfume unisex! Un aut\u00e9ntico placer para los sentidos...<\/p>\n<p>Sum\u00e9rjase en un viaje olfativo \u00fanico y d\u00e9jese seducir por esta cautivadora creaci\u00f3n.<\/p>\n<h2><strong>\u00a1Una sinfon\u00eda gourmet para descubrir con Rp Paris!<\/strong><\/h2>\n<p>Por fin, conoce a un\u00a0<strong>aroma extraordinario<\/strong>... Y ad\u00e9ntrese en un torbellino de sabores con la famosa fragancia Sucre Noir Rp Paris. Descubra sus notas de salida, que combinan caramelo, chocolate y frambuesa, y le transportar\u00e1n instant\u00e1neamente a un universo dulce y goloso. D\u00e9jese seducir por esta sinfon\u00eda olfativa que despierta las papilas gustativas y crea una deliciosa adicci\u00f3n.<\/p>\n<h2><strong>Perfume Sucre Noir: una elegancia floral<\/strong><\/h2>\n<p>De hecho, en el coraz\u00f3n de esta fragancia, descubrir\u00e1 una nota floral blanca que aporta<strong>\u00a0un toque de elegancia<\/strong>\u00a0y frescura. Las flores se mezclan armoniosamente con las notas golosas, creando as\u00ed un equilibrio perfecto entre dulzura y sofisticaci\u00f3n. Esta creaci\u00f3n de Rp Paris es una aut\u00e9ntica oda a la sensualidad.<\/p>\n<h3><strong>Una estela poco com\u00fan le espera con el perfume Sucre Noir.\u00a0<\/strong><\/h3>\n<p>Este perfume Rp Paris, al igual que<strong>\u00a0<a href=\"https:\/\/www.parfumerie-arabe.com\/es\/product\/perfume-cuir-ditalie-rp-paris\/\">Cuero italiano<\/a><\/strong>, deja tras de s\u00ed una estela atractiva gracias a sus notas particulares. De hecho, sus notas c\u00e1lidas y dulces envuelven tu piel en un aura misteriosa y adictiva. D\u00e9jate llevar por este perfume cautivador que sin duda dejar\u00e1 una impresi\u00f3n duradera.<\/p>\n<p>La fragancia Sucre Noir Rp Paris es una creaci\u00f3n olfativa \u00fanica que combina golosidad, elegancia y sensualidad. Tu perfumer\u00eda online desea que disfrutes de fragancias dulces y agradables. Por eso destaca esta creaci\u00f3n de la famosa<strong>\u00a0marca Rp Paris\u00a0<\/strong>!<\/p>\n<p>No lo dude m\u00e1s y d\u00e9jese seducir por esta fragancia cautivadora, dejando su huella all\u00e1 donde vaya.<\/p>","protected":false},"excerpt":{"rendered":"<p><strong>Notas olfativas:<\/strong><\/p>\n<p><strong>Nota de salida<\/strong>\u00a0: Caramelo, chocolate, frambuesa<br \/>\n<strong>Nota de coraz\u00f3n<\/strong>\u00a0: Nota floral blanca<br \/>\n<strong>Nota de fondo<\/strong>\u00a0: Vainilla<\/p>\n<p><strong>G\u00e9nero<\/strong>\u00a0: Mixto.<\/p>","protected":false},"featured_media":2360,"template":"","meta":[],"product_brand":[],"product_cat":[15,50,19,84],"product_tag":[],"class_list":{"0":"post-2359","1":"product","2":"type-product","3":"status-publish","4":"has-post-thumbnail","6":"product_cat-parfum-homme","7":"product_cat-parfum-mixte","8":"product_cat-parfum-oud-femme","9":"product_cat-rp-paris","11":"first","12":"instock","13":"taxable","14":"shipping-taxable","15":"purchasable","16":"product-type-simple"},"yoast_head":"<!-- This site is optimized with the Yoast SEO plugin v27.4 - https:\/\/yoast.com\/product\/yoast-seo-wordpress\/ -->\n<title>Sucre Noir | Parfum fran\u00e7ais 50ml | Collection Rp Paris<\/title>\n<meta name=\"description\" content=\"D\u00e9couvrez le\u00a0parfum Sucre Noir Rp Paris, une fragrance attirante qui vous transporte dans un univers sucr\u00e9 et myst\u00e9rieux.\" \/>\n<meta name=\"robots\" content=\"index, follow, max-snippet:-1, max-image-preview:large, max-video-preview:-1\" \/>\n<link rel=\"canonical\" href=\"https:\/\/www.parfumerie-arabe.com\/es\/product\/perfume-azucar-negro-rp-paris\/\" \/>\n<meta property=\"og:locale\" content=\"es_ES\" \/>\n<meta property=\"og:type\" content=\"article\" \/>\n<meta property=\"og:title\" content=\"Sucre Noir | Parfum fran\u00e7ais 50ml | Collection Rp Paris\" \/>\n<meta property=\"og:description\" content=\"D\u00e9couvrez le\u00a0parfum Sucre Noir Rp Paris, une fragrance attirante qui vous transporte dans un univers sucr\u00e9 et myst\u00e9rieux.\" \/>\n<meta property=\"og:url\" content=\"https:\/\/www.parfumerie-arabe.com\/es\/product\/perfume-azucar-negro-rp-paris\/\" \/>\n<meta property=\"og:site_name\" content=\"Parfumerie Arabe\" \/>\n<meta property=\"article:modified_time\" content=\"2026-04-12T14:24:53+00:00\" \/>\n<meta property=\"og:image\" content=\"https:\/\/www.parfumerie-arabe.com\/wp-content\/uploads\/2023\/09\/sucre-noir-parfum-rp-paris.jpg\" \/>\n\t<meta property=\"og:image:width\" content=\"600\" \/>\n\t<meta property=\"og:image:height\" content=\"600\" \/>\n\t<meta property=\"og:image:type\" content=\"image\/jpeg\" \/>\n<meta name=\"twitter:card\" content=\"summary_large_image\" \/>\n<meta name=\"twitter:label1\" content=\"Tiempo de lectura\" \/>\n\t<meta name=\"twitter:data1\" content=\"2 minutos\" \/>\n<script type=\"application\/ld+json\" class=\"yoast-schema-graph\">{\"@context\":\"https:\\\/\\\/schema.org\",\"@graph\":[{\"@type\":\"WebPage\",\"@id\":\"https:\\\/\\\/www.parfumerie-arabe.com\\\/produit\\\/parfum-sucre-noir-rp-paris\\\/\",\"url\":\"https:\\\/\\\/www.parfumerie-arabe.com\\\/produit\\\/parfum-sucre-noir-rp-paris\\\/\",\"name\":\"Sucre Noir | Parfum fran\u00e7ais 50ml | Collection Rp Paris\",\"isPartOf\":{\"@id\":\"https:\\\/\\\/www.parfumerie-arabe.com\\\/#website\"},\"primaryImageOfPage\":{\"@id\":\"https:\\\/\\\/www.parfumerie-arabe.com\\\/produit\\\/parfum-sucre-noir-rp-paris\\\/#primaryimage\"},\"image\":{\"@id\":\"https:\\\/\\\/www.parfumerie-arabe.com\\\/produit\\\/parfum-sucre-noir-rp-paris\\\/#primaryimage\"},\"thumbnailUrl\":\"https:\\\/\\\/www.parfumerie-arabe.com\\\/wp-content\\\/uploads\\\/2023\\\/09\\\/sucre-noir-parfum-rp-paris.jpg\",\"datePublished\":\"2023-05-20T11:19:11+00:00\",\"dateModified\":\"2026-04-12T14:24:53+00:00\",\"description\":\"D\u00e9couvrez le\u00a0parfum Sucre Noir Rp Paris, une fragrance attirante qui vous transporte dans un univers sucr\u00e9 et myst\u00e9rieux.\",\"breadcrumb\":{\"@id\":\"https:\\\/\\\/www.parfumerie-arabe.com\\\/produit\\\/parfum-sucre-noir-rp-paris\\\/#breadcrumb\"},\"inLanguage\":\"es\",\"potentialAction\":[{\"@type\":\"ReadAction\",\"target\":[\"https:\\\/\\\/www.parfumerie-arabe.com\\\/produit\\\/parfum-sucre-noir-rp-paris\\\/\"]}]},{\"@type\":\"ImageObject\",\"inLanguage\":\"es\",\"@id\":\"https:\\\/\\\/www.parfumerie-arabe.com\\\/produit\\\/parfum-sucre-noir-rp-paris\\\/#primaryimage\",\"url\":\"https:\\\/\\\/www.parfumerie-arabe.com\\\/wp-content\\\/uploads\\\/2023\\\/09\\\/sucre-noir-parfum-rp-paris.jpg\",\"contentUrl\":\"https:\\\/\\\/www.parfumerie-arabe.com\\\/wp-content\\\/uploads\\\/2023\\\/09\\\/sucre-noir-parfum-rp-paris.jpg\",\"width\":600,\"height\":600,\"caption\":\"Parfum Sucre Noir 50ml \u2013 Rp Paris\"},{\"@type\":\"BreadcrumbList\",\"@id\":\"https:\\\/\\\/www.parfumerie-arabe.com\\\/produit\\\/parfum-sucre-noir-rp-paris\\\/#breadcrumb\",\"itemListElement\":[{\"@type\":\"ListItem\",\"position\":1,\"name\":\"Accueil\",\"item\":\"https:\\\/\\\/www.parfumerie-arabe.com\\\/\"},{\"@type\":\"ListItem\",\"position\":2,\"name\":\"Boutique\",\"item\":\"https:\\\/\\\/www.parfumerie-arabe.com\\\/boutique\\\/\"},{\"@type\":\"ListItem\",\"position\":3,\"name\":\"Parfum Sucre Noir 50ml \u2013 Rp Paris\"}]},{\"@type\":\"WebSite\",\"@id\":\"https:\\\/\\\/www.parfumerie-arabe.com\\\/#website\",\"url\":\"https:\\\/\\\/www.parfumerie-arabe.com\\\/\",\"name\":\"Parfumerie Arabe\",\"description\":\"\",\"publisher\":{\"@id\":\"https:\\\/\\\/www.parfumerie-arabe.com\\\/#organization\"},\"potentialAction\":[{\"@type\":\"SearchAction\",\"target\":{\"@type\":\"EntryPoint\",\"urlTemplate\":\"https:\\\/\\\/www.parfumerie-arabe.com\\\/?s={search_term_string}\"},\"query-input\":{\"@type\":\"PropertyValueSpecification\",\"valueRequired\":true,\"valueName\":\"search_term_string\"}}],\"inLanguage\":\"es\"},{\"@type\":\"Organization\",\"@id\":\"https:\\\/\\\/www.parfumerie-arabe.com\\\/#organization\",\"name\":\"Parfumerie arabe\",\"url\":\"https:\\\/\\\/www.parfumerie-arabe.com\\\/\",\"logo\":{\"@type\":\"ImageObject\",\"inLanguage\":\"es\",\"@id\":\"https:\\\/\\\/www.parfumerie-arabe.com\\\/#\\\/schema\\\/logo\\\/image\\\/\",\"url\":\"https:\\\/\\\/www.parfumerie-arabe.com\\\/wp-content\\\/uploads\\\/2022\\\/08\\\/logo-parfumerie-arabe.png\",\"contentUrl\":\"https:\\\/\\\/www.parfumerie-arabe.com\\\/wp-content\\\/uploads\\\/2022\\\/08\\\/logo-parfumerie-arabe.png\",\"width\":600,\"height\":171,\"caption\":\"Parfumerie arabe\"},\"image\":{\"@id\":\"https:\\\/\\\/www.parfumerie-arabe.com\\\/#\\\/schema\\\/logo\\\/image\\\/\"}}]}<\/script>\n<!-- \/ Yoast SEO plugin. -->","yoast_head_json":{"title":"Az\u00facar Negro | Perfume franc\u00e9s 50 ml | Colecci\u00f3n Rp Paris","description":"Descubra el perfume Sucre Noir Rp Paris, una fragancia seductora que le transportar\u00e1 a un universo dulce y misterioso.","robots":{"index":"index","follow":"follow","max-snippet":"max-snippet:-1","max-image-preview":"max-image-preview:large","max-video-preview":"max-video-preview:-1"},"canonical":"https:\/\/www.parfumerie-arabe.com\/es\/product\/perfume-azucar-negro-rp-paris\/","og_locale":"es_ES","og_type":"article","og_title":"Sucre Noir | Parfum fran\u00e7ais 50ml | Collection Rp Paris","og_description":"D\u00e9couvrez le\u00a0parfum Sucre Noir Rp Paris, une fragrance attirante qui vous transporte dans un univers sucr\u00e9 et myst\u00e9rieux.","og_url":"https:\/\/www.parfumerie-arabe.com\/es\/product\/perfume-azucar-negro-rp-paris\/","og_site_name":"Parfumerie Arabe","article_modified_time":"2026-04-12T14:24:53+00:00","og_image":[{"width":600,"height":600,"url":"https:\/\/www.parfumerie-arabe.com\/wp-content\/uploads\/2023\/09\/sucre-noir-parfum-rp-paris.jpg","type":"image\/jpeg"}],"twitter_card":"summary_large_image","twitter_misc":{"Tiempo de lectura":"2 minutos"},"schema":{"@context":"https:\/\/schema.org","@graph":[{"@type":"WebPage","@id":"https:\/\/www.parfumerie-arabe.com\/produit\/parfum-sucre-noir-rp-paris\/","url":"https:\/\/www.parfumerie-arabe.com\/produit\/parfum-sucre-noir-rp-paris\/","name":"Az\u00facar Negro | Perfume franc\u00e9s 50 ml | Colecci\u00f3n Rp Paris","isPartOf":{"@id":"https:\/\/www.parfumerie-arabe.com\/#website"},"primaryImageOfPage":{"@id":"https:\/\/www.parfumerie-arabe.com\/produit\/parfum-sucre-noir-rp-paris\/#primaryimage"},"image":{"@id":"https:\/\/www.parfumerie-arabe.com\/produit\/parfum-sucre-noir-rp-paris\/#primaryimage"},"thumbnailUrl":"https:\/\/www.parfumerie-arabe.com\/wp-content\/uploads\/2023\/09\/sucre-noir-parfum-rp-paris.jpg","datePublished":"2023-05-20T11:19:11+00:00","dateModified":"2026-04-12T14:24:53+00:00","description":"Descubra el perfume Sucre Noir Rp Paris, una fragancia seductora que le transportar\u00e1 a un universo dulce y misterioso.","breadcrumb":{"@id":"https:\/\/www.parfumerie-arabe.com\/produit\/parfum-sucre-noir-rp-paris\/#breadcrumb"},"inLanguage":"es","potentialAction":[{"@type":"ReadAction","target":["https:\/\/www.parfumerie-arabe.com\/produit\/parfum-sucre-noir-rp-paris\/"]}]},{"@type":"ImageObject","inLanguage":"es","@id":"https:\/\/www.parfumerie-arabe.com\/produit\/parfum-sucre-noir-rp-paris\/#primaryimage","url":"https:\/\/www.parfumerie-arabe.com\/wp-content\/uploads\/2023\/09\/sucre-noir-parfum-rp-paris.jpg","contentUrl":"https:\/\/www.parfumerie-arabe.com\/wp-content\/uploads\/2023\/09\/sucre-noir-parfum-rp-paris.jpg","width":600,"height":600,"caption":"Parfum Sucre Noir 50ml \u2013 Rp Paris"},{"@type":"BreadcrumbList","@id":"https:\/\/www.parfumerie-arabe.com\/produit\/parfum-sucre-noir-rp-paris\/#breadcrumb","itemListElement":[{"@type":"ListItem","position":1,"name":"Accueil","item":"https:\/\/www.parfumerie-arabe.com\/"},{"@type":"ListItem","position":2,"name":"Boutique","item":"https:\/\/www.parfumerie-arabe.com\/boutique\/"},{"@type":"ListItem","position":3,"name":"Parfum Sucre Noir 50ml \u2013 Rp Paris"}]},{"@type":"WebSite","@id":"https:\/\/www.parfumerie-arabe.com\/#website","url":"https:\/\/www.parfumerie-arabe.com\/","name":"Perfumer\u00eda \u00e1rabe","description":"","publisher":{"@id":"https:\/\/www.parfumerie-arabe.com\/#organization"},"potentialAction":[{"@type":"SearchAction","target":{"@type":"EntryPoint","urlTemplate":"https:\/\/www.parfumerie-arabe.com\/?s={search_term_string}"},"query-input":{"@type":"PropertyValueSpecification","valueRequired":true,"valueName":"search_term_string"}}],"inLanguage":"es"},{"@type":"Organization","@id":"https:\/\/www.parfumerie-arabe.com\/#organization","name":"Perfumer\u00eda \u00e1rabe","url":"https:\/\/www.parfumerie-arabe.com\/","logo":{"@type":"ImageObject","inLanguage":"es","@id":"https:\/\/www.parfumerie-arabe.com\/#\/schema\/logo\/image\/","url":"https:\/\/www.parfumerie-arabe.com\/wp-content\/uploads\/2022\/08\/logo-parfumerie-arabe.png","contentUrl":"https:\/\/www.parfumerie-arabe.com\/wp-content\/uploads\/2022\/08\/logo-parfumerie-arabe.png","width":600,"height":171,"caption":"Parfumerie arabe"},"image":{"@id":"https:\/\/www.parfumerie-arabe.com\/#\/schema\/logo\/image\/"}}]}},"_links":{"self":[{"href":"https:\/\/www.parfumerie-arabe.com\/es\/wp-json\/wp\/v2\/product\/2359","targetHints":{"allow":["GET"]}}],"collection":[{"href":"https:\/\/www.parfumerie-arabe.com\/es\/wp-json\/wp\/v2\/product"}],"about":[{"href":"https:\/\/www.parfumerie-arabe.com\/es\/wp-json\/wp\/v2\/types\/product"}],"wp:featuredmedia":[{"embeddable":true,"href":"https:\/\/www.parfumerie-arabe.com\/es\/wp-json\/wp\/v2\/media\/2360"}],"wp:attachment":[{"href":"https:\/\/www.parfumerie-arabe.com\/es\/wp-json\/wp\/v2\/media?parent=2359"}],"wp:term":[{"taxonomy":"product_brand","embeddable":true,"href":"https:\/\/www.parfumerie-arabe.com\/es\/wp-json\/wp\/v2\/product_brand?post=2359"},{"taxonomy":"product_cat","embeddable":true,"href":"https:\/\/www.parfumerie-arabe.com\/es\/wp-json\/wp\/v2\/product_cat?post=2359"},{"taxonomy":"product_tag","embeddable":true,"href":"https:\/\/www.parfumerie-arabe.com\/es\/wp-json\/wp\/v2\/product_tag?post=2359"}],"curies":[{"name":"wp","href":"https:\/\/api.w.org\/{rel}","templated":true}]}}