{"id":276,"date":"2022-08-20T17:14:36","date_gmt":"2022-08-20T17:14:36","guid":{"rendered":"https:\/\/www.parfumerie-arabe.com\/?post_type=product&#038;p=276"},"modified":"2025-09-09T12:23:20","modified_gmt":"2025-09-09T12:23:20","slug":"oud-arabe-solido","status":"publish","type":"product","link":"https:\/\/www.parfumerie-arabe.com\/es\/produit\/solid-arabian-oud\/","title":{"rendered":"Solid 75 ml \u2013 Arabian Oud"},"content":{"rendered":"<p><strong>En un elegante y suntuoso estuche se esconde majestuosamente un frasco de incomparable prestancia.<\/strong>\u00a0Adem\u00e1s, el maravilloso jugo que desprende nos sumerge en un momento tan encantador como fresco e irresistible. Es una sinfon\u00eda perfecta de sabores orientales, que se ilustra con voluptuosidad, lujo y sensualidad.\u00a0<strong>Zoom sobre Solid, que la maravillosa casa Arabian Oud cuenta sin lugar a dudas entre sus creaciones m\u00e1s bellas.\u00a0<\/strong><\/p>\n<h2><strong>Una obra maestra firmada por Arabian Oud<\/strong><\/h2>\n<p>S\u00f3lido de oud \u00e1rabe\u00a0<strong>Es una armon\u00eda perfecta de notas tan frescas como suaves con facetas sublimes.<\/strong>\u00a0De hecho, es una simbiosis perfecta entre el dinamismo y la vitalidad, y la sensual dulzura que nos gusta exhalar. En este sublime frasco encontrar\u00e1s un aut\u00e9ntico momento de relajaci\u00f3n jovial sin excepci\u00f3n. Una fragancia que te seduce sin lugar a dudas, al tiempo que<strong>\u00a0reflejando la excelencia total de la casa de perfumes en cuesti\u00f3n.\u00a0<\/strong><\/p>\n<h2><strong>Solid, un acuerdo sublime<\/strong><\/h2>\n<p>As\u00ed es como nos emocionamos desde las primeras notas. Por\u00a0<strong>Este alegre aroma de notas verdes y afrutadas, mezcladas con un toque de c\u00edtricos tan sabrosos y dulces.<\/strong>\u00a0Luego se entromete delicadamente\u00a0<strong>una punta florecida<\/strong>, que aporta una sutil delicadeza a esta eau de parfum Solid. Finalmente, permanecer\u00e1 durante largas horas toda la voluptuosidad de las \u00faltimas notas.\u00a0<strong>El \u00e1mbar y el almizcle aportan toda su sensualidad a esta lujosa creaci\u00f3n perfumada.<\/strong>\u00a0As\u00ed es como esta osmosis nos emociona, ya que es un magn\u00edfico resumen de la alegr\u00eda y el encanto de los aromas de Las mil y una noches.<\/p>\n<h3><strong>Entre las creaciones de Arabian Oud, disfrute tambi\u00e9n de<\/strong><\/h3>\n<p>Si busca otras fragancias majestuosas del perfumista, sin duda alguna, es a<strong>En su perfumer\u00eda \u00e1rabe los encontrar\u00e1 sin falta.<\/strong>\u00a0Y si, como Solid, desea fragancias mixtas,<strong>\u00a0D\u00e9jese llevar por el descubrimiento, en particular, de <a href=\"https:\/\/www.parfumerie-arabe.com\/es\/product\/palo-de-rosa-arabe-oud\/\">Palisandro<\/a> o incluso de <a href=\"https:\/\/www.parfumerie-arabe.com\/es\/product\/madawi-oud-arabe\/\">Madawi<\/a>.<\/strong>\u00a0Sin duda, ambos le sorprender\u00e1n.<\/p>","protected":false},"excerpt":{"rendered":"<p><strong>Notas olfativas:<\/strong><\/p>\n<p><strong>Notas de salida:<\/strong>\u00a0C\u00edtricos, Notas afrutadas, Notas verdes<br \/>\n<strong>Notas de coraz\u00f3n:<\/strong>\u00a0Notas florales<br \/>\n<strong>Notas de fondo:<\/strong>\u00a0\u00c1mbar, almizcle<\/p>\n<p><strong>G\u00e9nero:<\/strong> Mixto.<\/p>","protected":false},"featured_media":325,"template":"","meta":[],"product_brand":[],"product_cat":[36,50],"product_tag":[],"class_list":{"0":"post-276","1":"product","2":"type-product","3":"status-publish","4":"has-post-thumbnail","6":"product_cat-arabian-oud","7":"product_cat-parfum-mixte","9":"first","10":"outofstock","11":"taxable","12":"shipping-taxable","13":"purchasable","14":"product-type-simple"},"yoast_head":"<!-- This site is optimized with the Yoast SEO plugin v27.5 - https:\/\/yoast.com\/product\/yoast-seo-wordpress\/ -->\n<title>Solid Arabian Oud | Parfum oriental de luxe | 75ml<\/title>\n<meta name=\"description\" content=\"Solid de Arabian oud\u00a0c&#039;est une parfaite harmonie de notes aussi fraiches que douces aux facettes sublimes. D\u00e9couvrez-le sans plus attendre !\" \/>\n<meta name=\"robots\" content=\"index, follow, max-snippet:-1, max-image-preview:large, max-video-preview:-1\" \/>\n<link rel=\"canonical\" href=\"https:\/\/www.parfumerie-arabe.com\/es\/product\/oud-arabe-solido\/\" \/>\n<meta property=\"og:locale\" content=\"es_ES\" \/>\n<meta property=\"og:type\" content=\"article\" \/>\n<meta property=\"og:title\" content=\"Solid Arabian Oud | Parfum oriental de luxe | 75ml\" \/>\n<meta property=\"og:description\" content=\"Solid de Arabian oud\u00a0c&#039;est une parfaite harmonie de notes aussi fraiches que douces aux facettes sublimes. D\u00e9couvrez-le sans plus attendre !\" \/>\n<meta property=\"og:url\" content=\"https:\/\/www.parfumerie-arabe.com\/es\/product\/oud-arabe-solido\/\" \/>\n<meta property=\"og:site_name\" content=\"Parfumerie Arabe\" \/>\n<meta property=\"article:modified_time\" content=\"2025-09-09T12:23:20+00:00\" \/>\n<meta property=\"og:image\" content=\"https:\/\/www.parfumerie-arabe.com\/wp-content\/uploads\/2022\/08\/parfum-solid-arabian-oud.jpg\" \/>\n\t<meta property=\"og:image:width\" content=\"600\" \/>\n\t<meta property=\"og:image:height\" content=\"600\" \/>\n\t<meta property=\"og:image:type\" content=\"image\/jpeg\" \/>\n<meta name=\"twitter:card\" content=\"summary_large_image\" \/>\n<meta name=\"twitter:label1\" content=\"Tiempo de lectura\" \/>\n\t<meta name=\"twitter:data1\" content=\"2 minutos\" \/>\n<script type=\"application\/ld+json\" class=\"yoast-schema-graph\">{\"@context\":\"https:\\\/\\\/schema.org\",\"@graph\":[{\"@type\":\"WebPage\",\"@id\":\"https:\\\/\\\/www.parfumerie-arabe.com\\\/produit\\\/solid-arabian-oud\\\/\",\"url\":\"https:\\\/\\\/www.parfumerie-arabe.com\\\/produit\\\/solid-arabian-oud\\\/\",\"name\":\"Solid Arabian Oud | Parfum oriental de luxe | 75ml\",\"isPartOf\":{\"@id\":\"https:\\\/\\\/www.parfumerie-arabe.com\\\/#website\"},\"primaryImageOfPage\":{\"@id\":\"https:\\\/\\\/www.parfumerie-arabe.com\\\/produit\\\/solid-arabian-oud\\\/#primaryimage\"},\"image\":{\"@id\":\"https:\\\/\\\/www.parfumerie-arabe.com\\\/produit\\\/solid-arabian-oud\\\/#primaryimage\"},\"thumbnailUrl\":\"https:\\\/\\\/www.parfumerie-arabe.com\\\/wp-content\\\/uploads\\\/2022\\\/08\\\/parfum-solid-arabian-oud.jpg\",\"datePublished\":\"2022-08-20T17:14:36+00:00\",\"dateModified\":\"2025-09-09T12:23:20+00:00\",\"description\":\"Solid de Arabian oud\u00a0c'est une parfaite harmonie de notes aussi fraiches que douces aux facettes sublimes. D\u00e9couvrez-le sans plus attendre !\",\"breadcrumb\":{\"@id\":\"https:\\\/\\\/www.parfumerie-arabe.com\\\/produit\\\/solid-arabian-oud\\\/#breadcrumb\"},\"inLanguage\":\"es\",\"potentialAction\":[{\"@type\":\"ReadAction\",\"target\":[\"https:\\\/\\\/www.parfumerie-arabe.com\\\/produit\\\/solid-arabian-oud\\\/\"]}]},{\"@type\":\"ImageObject\",\"inLanguage\":\"es\",\"@id\":\"https:\\\/\\\/www.parfumerie-arabe.com\\\/produit\\\/solid-arabian-oud\\\/#primaryimage\",\"url\":\"https:\\\/\\\/www.parfumerie-arabe.com\\\/wp-content\\\/uploads\\\/2022\\\/08\\\/parfum-solid-arabian-oud.jpg\",\"contentUrl\":\"https:\\\/\\\/www.parfumerie-arabe.com\\\/wp-content\\\/uploads\\\/2022\\\/08\\\/parfum-solid-arabian-oud.jpg\",\"width\":600,\"height\":600,\"caption\":\"Solid 75ml - Arabian Oud\"},{\"@type\":\"BreadcrumbList\",\"@id\":\"https:\\\/\\\/www.parfumerie-arabe.com\\\/produit\\\/solid-arabian-oud\\\/#breadcrumb\",\"itemListElement\":[{\"@type\":\"ListItem\",\"position\":1,\"name\":\"Accueil\",\"item\":\"https:\\\/\\\/www.parfumerie-arabe.com\\\/\"},{\"@type\":\"ListItem\",\"position\":2,\"name\":\"Boutique\",\"item\":\"https:\\\/\\\/www.parfumerie-arabe.com\\\/boutique\\\/\"},{\"@type\":\"ListItem\",\"position\":3,\"name\":\"Solid 75ml &#8211; Arabian Oud\"}]},{\"@type\":\"WebSite\",\"@id\":\"https:\\\/\\\/www.parfumerie-arabe.com\\\/#website\",\"url\":\"https:\\\/\\\/www.parfumerie-arabe.com\\\/\",\"name\":\"Parfumerie Arabe\",\"description\":\"\",\"publisher\":{\"@id\":\"https:\\\/\\\/www.parfumerie-arabe.com\\\/#organization\"},\"potentialAction\":[{\"@type\":\"SearchAction\",\"target\":{\"@type\":\"EntryPoint\",\"urlTemplate\":\"https:\\\/\\\/www.parfumerie-arabe.com\\\/?s={search_term_string}\"},\"query-input\":{\"@type\":\"PropertyValueSpecification\",\"valueRequired\":true,\"valueName\":\"search_term_string\"}}],\"inLanguage\":\"es\"},{\"@type\":\"Organization\",\"@id\":\"https:\\\/\\\/www.parfumerie-arabe.com\\\/#organization\",\"name\":\"Parfumerie arabe\",\"url\":\"https:\\\/\\\/www.parfumerie-arabe.com\\\/\",\"logo\":{\"@type\":\"ImageObject\",\"inLanguage\":\"es\",\"@id\":\"https:\\\/\\\/www.parfumerie-arabe.com\\\/#\\\/schema\\\/logo\\\/image\\\/\",\"url\":\"https:\\\/\\\/www.parfumerie-arabe.com\\\/wp-content\\\/uploads\\\/2022\\\/08\\\/logo-parfumerie-arabe.png\",\"contentUrl\":\"https:\\\/\\\/www.parfumerie-arabe.com\\\/wp-content\\\/uploads\\\/2022\\\/08\\\/logo-parfumerie-arabe.png\",\"width\":600,\"height\":171,\"caption\":\"Parfumerie arabe\"},\"image\":{\"@id\":\"https:\\\/\\\/www.parfumerie-arabe.com\\\/#\\\/schema\\\/logo\\\/image\\\/\"}}]}<\/script>\n<!-- \/ Yoast SEO plugin. -->","yoast_head_json":{"title":"Solid Arabian Oud | Perfume oriental de lujo | 75 ml","description":"Solid de Arabian oud es una armon\u00eda perfecta de notas tan frescas como dulces con facetas sublimes. \u00a1Desc\u00fabralo sin m\u00e1s demora!","robots":{"index":"index","follow":"follow","max-snippet":"max-snippet:-1","max-image-preview":"max-image-preview:large","max-video-preview":"max-video-preview:-1"},"canonical":"https:\/\/www.parfumerie-arabe.com\/es\/product\/oud-arabe-solido\/","og_locale":"es_ES","og_type":"article","og_title":"Solid Arabian Oud | Parfum oriental de luxe | 75ml","og_description":"Solid de Arabian oud\u00a0c'est une parfaite harmonie de notes aussi fraiches que douces aux facettes sublimes. D\u00e9couvrez-le sans plus attendre !","og_url":"https:\/\/www.parfumerie-arabe.com\/es\/product\/oud-arabe-solido\/","og_site_name":"Parfumerie Arabe","article_modified_time":"2025-09-09T12:23:20+00:00","og_image":[{"width":600,"height":600,"url":"https:\/\/www.parfumerie-arabe.com\/wp-content\/uploads\/2022\/08\/parfum-solid-arabian-oud.jpg","type":"image\/jpeg"}],"twitter_card":"summary_large_image","twitter_misc":{"Tiempo de lectura":"2 minutos"},"schema":{"@context":"https:\/\/schema.org","@graph":[{"@type":"WebPage","@id":"https:\/\/www.parfumerie-arabe.com\/produit\/solid-arabian-oud\/","url":"https:\/\/www.parfumerie-arabe.com\/produit\/solid-arabian-oud\/","name":"Solid Arabian Oud | Perfume oriental de lujo | 75 ml","isPartOf":{"@id":"https:\/\/www.parfumerie-arabe.com\/#website"},"primaryImageOfPage":{"@id":"https:\/\/www.parfumerie-arabe.com\/produit\/solid-arabian-oud\/#primaryimage"},"image":{"@id":"https:\/\/www.parfumerie-arabe.com\/produit\/solid-arabian-oud\/#primaryimage"},"thumbnailUrl":"https:\/\/www.parfumerie-arabe.com\/wp-content\/uploads\/2022\/08\/parfum-solid-arabian-oud.jpg","datePublished":"2022-08-20T17:14:36+00:00","dateModified":"2025-09-09T12:23:20+00:00","description":"Solid de Arabian oud es una armon\u00eda perfecta de notas tan frescas como dulces con facetas sublimes. \u00a1Desc\u00fabralo sin m\u00e1s demora!","breadcrumb":{"@id":"https:\/\/www.parfumerie-arabe.com\/produit\/solid-arabian-oud\/#breadcrumb"},"inLanguage":"es","potentialAction":[{"@type":"ReadAction","target":["https:\/\/www.parfumerie-arabe.com\/produit\/solid-arabian-oud\/"]}]},{"@type":"ImageObject","inLanguage":"es","@id":"https:\/\/www.parfumerie-arabe.com\/produit\/solid-arabian-oud\/#primaryimage","url":"https:\/\/www.parfumerie-arabe.com\/wp-content\/uploads\/2022\/08\/parfum-solid-arabian-oud.jpg","contentUrl":"https:\/\/www.parfumerie-arabe.com\/wp-content\/uploads\/2022\/08\/parfum-solid-arabian-oud.jpg","width":600,"height":600,"caption":"Solid 75ml - Arabian Oud"},{"@type":"BreadcrumbList","@id":"https:\/\/www.parfumerie-arabe.com\/produit\/solid-arabian-oud\/#breadcrumb","itemListElement":[{"@type":"ListItem","position":1,"name":"Accueil","item":"https:\/\/www.parfumerie-arabe.com\/"},{"@type":"ListItem","position":2,"name":"Boutique","item":"https:\/\/www.parfumerie-arabe.com\/boutique\/"},{"@type":"ListItem","position":3,"name":"Solid 75ml &#8211; Arabian Oud"}]},{"@type":"WebSite","@id":"https:\/\/www.parfumerie-arabe.com\/#website","url":"https:\/\/www.parfumerie-arabe.com\/","name":"Perfumer\u00eda \u00e1rabe","description":"","publisher":{"@id":"https:\/\/www.parfumerie-arabe.com\/#organization"},"potentialAction":[{"@type":"SearchAction","target":{"@type":"EntryPoint","urlTemplate":"https:\/\/www.parfumerie-arabe.com\/?s={search_term_string}"},"query-input":{"@type":"PropertyValueSpecification","valueRequired":true,"valueName":"search_term_string"}}],"inLanguage":"es"},{"@type":"Organization","@id":"https:\/\/www.parfumerie-arabe.com\/#organization","name":"Perfumer\u00eda \u00e1rabe","url":"https:\/\/www.parfumerie-arabe.com\/","logo":{"@type":"ImageObject","inLanguage":"es","@id":"https:\/\/www.parfumerie-arabe.com\/#\/schema\/logo\/image\/","url":"https:\/\/www.parfumerie-arabe.com\/wp-content\/uploads\/2022\/08\/logo-parfumerie-arabe.png","contentUrl":"https:\/\/www.parfumerie-arabe.com\/wp-content\/uploads\/2022\/08\/logo-parfumerie-arabe.png","width":600,"height":171,"caption":"Parfumerie arabe"},"image":{"@id":"https:\/\/www.parfumerie-arabe.com\/#\/schema\/logo\/image\/"}}]}},"_links":{"self":[{"href":"https:\/\/www.parfumerie-arabe.com\/es\/wp-json\/wp\/v2\/product\/276","targetHints":{"allow":["GET"]}}],"collection":[{"href":"https:\/\/www.parfumerie-arabe.com\/es\/wp-json\/wp\/v2\/product"}],"about":[{"href":"https:\/\/www.parfumerie-arabe.com\/es\/wp-json\/wp\/v2\/types\/product"}],"wp:featuredmedia":[{"embeddable":true,"href":"https:\/\/www.parfumerie-arabe.com\/es\/wp-json\/wp\/v2\/media\/325"}],"wp:attachment":[{"href":"https:\/\/www.parfumerie-arabe.com\/es\/wp-json\/wp\/v2\/media?parent=276"}],"wp:term":[{"taxonomy":"product_brand","embeddable":true,"href":"https:\/\/www.parfumerie-arabe.com\/es\/wp-json\/wp\/v2\/product_brand?post=276"},{"taxonomy":"product_cat","embeddable":true,"href":"https:\/\/www.parfumerie-arabe.com\/es\/wp-json\/wp\/v2\/product_cat?post=276"},{"taxonomy":"product_tag","embeddable":true,"href":"https:\/\/www.parfumerie-arabe.com\/es\/wp-json\/wp\/v2\/product_tag?post=276"}],"curies":[{"name":"wp","href":"https:\/\/api.w.org\/{rel}","templated":true}]}}