{"id":319,"date":"2015-04-23T14:10:00","date_gmt":"2015-04-23T14:10:00","guid":{"rendered":"https:\/\/www.parfumerie-arabe.com\/?post_type=product&#038;p=319"},"modified":"2026-04-29T10:39:18","modified_gmt":"2026-04-29T10:39:18","slug":"eau-de-parfum-yara-100-ml-lattafa","status":"publish","type":"product","link":"https:\/\/www.parfumerie-arabe.com\/es\/produit\/eau-de-parfum-yara-100ml-lattafa\/","title":{"rendered":"Eau de parfum Yara 100 ml \u2013 Lattafa"},"content":{"rendered":"<p>Yara de Lattafa es la fragancia de las mujeres.\u00a0<strong>generosas y sensuales<\/strong>. Es un perfume \u00fanico que te reconfortar\u00e1 y har\u00e1 brillar los ojos de tu ser querido. Porque, sin duda, es el adorno de las mujeres que aman la vida. Aquellas a las que amamos por su sonrisa y su contagioso buen humor.<\/p>\n<h2><strong>Yara de Lattafa: un perfume sensual<\/strong><\/h2>\n<p>Es el adorno de las mujeres seguras de s\u00ed mismas. Pero tambi\u00e9n el de las personalidades discretas que quieren afirmarse. De hecho, la c\u00e1lida y golosa vainilla le dar\u00e1 alas para lograr lo que desea.\u00a0\u00a0Sus notas dulces son una invitaci\u00f3n a la alegr\u00eda y al placer. Y las maderas de \u00e1mbar y s\u00e1ndalo aportan una profundidad \u00fanica a esta alegr\u00eda. Es una joya que te iluminar\u00e1. Tambi\u00e9n encontrar\u00e1s esta mezcla de maderas y notas golosas en el carism\u00e1tico\u00a0<strong>Opulento<\/strong>. Aqu\u00ed, la vainilla da paso al haba tonka, acompa\u00f1ada de flores y frutas frescas.<\/p>\n<h2><strong>Yara de Lattafa, una fragancia femenina<\/strong><\/h2>\n<p>En el pa\u00eds de los perfumes orientales, las creaciones mixtas son numerosas. Sin embargo, algunos aromas han sido creados especialmente para la mujer. Porque su belleza, su delicadeza y su sensualidad merecen una adoraci\u00f3n especial. Yara es un himno a esa feminidad dulce y generosa. Con esta fragancia, ser\u00e1s la reina, la estrella, la \u00fanica. Del mismo modo, las notas golosas que se combinan con el almizcle y las flores ser\u00e1n su adorno con\u00a0<a href=\"https:\/\/www.parfumerie-arabe.com\/es\/product\/azucar-almizclado-ciruela-100-ml-lattafa\/\"><strong>Az\u00facar de almendra<\/strong><\/a>. Y, para acentuar el sabor,\u00a0<strong><a href=\"https:\/\/www.parfumerie-arabe.com\/es\/product\/ekhtiari-100-ml-lattafa\/\">Ekhtiari<\/a>\u00a0<\/strong>te cautivar\u00e1 con su c\u00f3ctel goloso, potente y especiado.<\/p>\n<h3><strong>Descubra los perfumes para el cabello de Lattafa<\/strong><\/h3>\n<p>Este perfume embellecedor es el must de la elegancia. De hecho, combinar\u00e1 dos sentidos: el<strong>\u00a0vista<\/strong>\u00a0una hermosa cabellera y el\u2019<strong>olor agradable\u00a0<\/strong>que se desprende de \u00e9l. Estos\u00a0<strong>brumas para el cabello<\/strong>\u00a0con aromas orientales se pueden aplicar tanto sobre el cabello h\u00famedo como seco. De este modo, podr\u00e1 perfumarse f\u00e1cilmente una vez peinada y en cualquier momento del d\u00eda.<\/p>","protected":false},"excerpt":{"rendered":"<p><strong>Notas olfativas:<\/strong><\/p>\n<p><strong>Nota de salida: <\/strong>\u00c1mbar<br \/>\n<strong>Nota de coraz\u00f3n: <\/strong>S\u00e1ndalo<br \/>\n<strong>Nota de fondo: <\/strong>Vainilla<\/p>\n<p><strong>G\u00e9nero<\/strong>\u00a0: Femenino.<\/p>","protected":false},"featured_media":368,"template":"","meta":[],"product_brand":[],"product_cat":[17,160,19,91,162],"product_tag":[],"class_list":{"0":"post-319","1":"product","2":"type-product","3":"status-publish","4":"has-post-thumbnail","6":"product_cat-lattafa","7":"product_cat-parfum-femme","8":"product_cat-parfum-oud-femme","9":"product_cat-parfum-vanille","10":"product_cat-parfums-mixtes","12":"first","13":"instock","14":"taxable","15":"shipping-taxable","16":"purchasable","17":"product-type-simple"},"yoast_head":"<!-- This site is optimized with the Yoast SEO plugin v27.4 - https:\/\/yoast.com\/product\/yoast-seo-wordpress\/ -->\n<title>Yara I Eau de parfum 100ml I Collection Latatfa<\/title>\n<meta name=\"description\" content=\"Yara de Lattafa est la fragrance des femmes\u00a0g\u00e9n\u00e9reuses et sensuelles. C\u2019est un parfum \u00e0 part qui vous r\u00e9chauffera. Adoptez-le rapidement !\" \/>\n<meta name=\"robots\" content=\"index, follow, max-snippet:-1, max-image-preview:large, max-video-preview:-1\" \/>\n<link rel=\"canonical\" href=\"https:\/\/www.parfumerie-arabe.com\/es\/product\/eau-de-parfum-yara-100-ml-lattafa\/\" \/>\n<meta property=\"og:locale\" content=\"es_ES\" \/>\n<meta property=\"og:type\" content=\"article\" \/>\n<meta property=\"og:title\" content=\"Yara I Eau de parfum 100ml I Collection Latatfa\" \/>\n<meta property=\"og:description\" content=\"Yara de Lattafa est la fragrance des femmes\u00a0g\u00e9n\u00e9reuses et sensuelles. C\u2019est un parfum \u00e0 part qui vous r\u00e9chauffera. Adoptez-le rapidement !\" \/>\n<meta property=\"og:url\" content=\"https:\/\/www.parfumerie-arabe.com\/es\/product\/eau-de-parfum-yara-100-ml-lattafa\/\" \/>\n<meta property=\"og:site_name\" content=\"Parfumerie Arabe\" \/>\n<meta property=\"article:modified_time\" content=\"2026-04-29T10:39:18+00:00\" \/>\n<meta property=\"og:image\" content=\"https:\/\/www.parfumerie-arabe.com\/wp-content\/uploads\/2022\/08\/eau-de-parfum-yara-lattafa.jpg\" \/>\n\t<meta property=\"og:image:width\" content=\"600\" \/>\n\t<meta property=\"og:image:height\" content=\"600\" \/>\n\t<meta property=\"og:image:type\" content=\"image\/jpeg\" \/>\n<meta name=\"twitter:card\" content=\"summary_large_image\" \/>\n<meta name=\"twitter:label1\" content=\"Tiempo de lectura\" \/>\n\t<meta name=\"twitter:data1\" content=\"2 minutos\" \/>\n<script type=\"application\/ld+json\" class=\"yoast-schema-graph\">{\"@context\":\"https:\\\/\\\/schema.org\",\"@graph\":[{\"@type\":\"WebPage\",\"@id\":\"https:\\\/\\\/www.parfumerie-arabe.com\\\/produit\\\/eau-de-parfum-yara-100ml-lattafa\\\/\",\"url\":\"https:\\\/\\\/www.parfumerie-arabe.com\\\/produit\\\/eau-de-parfum-yara-100ml-lattafa\\\/\",\"name\":\"Yara I Eau de parfum 100ml I Collection Latatfa\",\"isPartOf\":{\"@id\":\"https:\\\/\\\/www.parfumerie-arabe.com\\\/#website\"},\"primaryImageOfPage\":{\"@id\":\"https:\\\/\\\/www.parfumerie-arabe.com\\\/produit\\\/eau-de-parfum-yara-100ml-lattafa\\\/#primaryimage\"},\"image\":{\"@id\":\"https:\\\/\\\/www.parfumerie-arabe.com\\\/produit\\\/eau-de-parfum-yara-100ml-lattafa\\\/#primaryimage\"},\"thumbnailUrl\":\"https:\\\/\\\/www.parfumerie-arabe.com\\\/wp-content\\\/uploads\\\/2022\\\/08\\\/eau-de-parfum-yara-lattafa.jpg\",\"datePublished\":\"2015-04-23T14:10:00+00:00\",\"dateModified\":\"2026-04-29T10:39:18+00:00\",\"description\":\"Yara de Lattafa est la fragrance des femmes\u00a0g\u00e9n\u00e9reuses et sensuelles. C\u2019est un parfum \u00e0 part qui vous r\u00e9chauffera. Adoptez-le rapidement !\",\"breadcrumb\":{\"@id\":\"https:\\\/\\\/www.parfumerie-arabe.com\\\/produit\\\/eau-de-parfum-yara-100ml-lattafa\\\/#breadcrumb\"},\"inLanguage\":\"es\",\"potentialAction\":[{\"@type\":\"ReadAction\",\"target\":[\"https:\\\/\\\/www.parfumerie-arabe.com\\\/produit\\\/eau-de-parfum-yara-100ml-lattafa\\\/\"]}]},{\"@type\":\"ImageObject\",\"inLanguage\":\"es\",\"@id\":\"https:\\\/\\\/www.parfumerie-arabe.com\\\/produit\\\/eau-de-parfum-yara-100ml-lattafa\\\/#primaryimage\",\"url\":\"https:\\\/\\\/www.parfumerie-arabe.com\\\/wp-content\\\/uploads\\\/2022\\\/08\\\/eau-de-parfum-yara-lattafa.jpg\",\"contentUrl\":\"https:\\\/\\\/www.parfumerie-arabe.com\\\/wp-content\\\/uploads\\\/2022\\\/08\\\/eau-de-parfum-yara-lattafa.jpg\",\"width\":600,\"height\":600},{\"@type\":\"BreadcrumbList\",\"@id\":\"https:\\\/\\\/www.parfumerie-arabe.com\\\/produit\\\/eau-de-parfum-yara-100ml-lattafa\\\/#breadcrumb\",\"itemListElement\":[{\"@type\":\"ListItem\",\"position\":1,\"name\":\"Accueil\",\"item\":\"https:\\\/\\\/www.parfumerie-arabe.com\\\/\"},{\"@type\":\"ListItem\",\"position\":2,\"name\":\"Boutique\",\"item\":\"https:\\\/\\\/www.parfumerie-arabe.com\\\/boutique\\\/\"},{\"@type\":\"ListItem\",\"position\":3,\"name\":\"Eau de parfum Yara 100ml \u2013 Lattafa\"}]},{\"@type\":\"WebSite\",\"@id\":\"https:\\\/\\\/www.parfumerie-arabe.com\\\/#website\",\"url\":\"https:\\\/\\\/www.parfumerie-arabe.com\\\/\",\"name\":\"Parfumerie Arabe\",\"description\":\"\",\"publisher\":{\"@id\":\"https:\\\/\\\/www.parfumerie-arabe.com\\\/#organization\"},\"potentialAction\":[{\"@type\":\"SearchAction\",\"target\":{\"@type\":\"EntryPoint\",\"urlTemplate\":\"https:\\\/\\\/www.parfumerie-arabe.com\\\/?s={search_term_string}\"},\"query-input\":{\"@type\":\"PropertyValueSpecification\",\"valueRequired\":true,\"valueName\":\"search_term_string\"}}],\"inLanguage\":\"es\"},{\"@type\":\"Organization\",\"@id\":\"https:\\\/\\\/www.parfumerie-arabe.com\\\/#organization\",\"name\":\"Parfumerie arabe\",\"url\":\"https:\\\/\\\/www.parfumerie-arabe.com\\\/\",\"logo\":{\"@type\":\"ImageObject\",\"inLanguage\":\"es\",\"@id\":\"https:\\\/\\\/www.parfumerie-arabe.com\\\/#\\\/schema\\\/logo\\\/image\\\/\",\"url\":\"https:\\\/\\\/www.parfumerie-arabe.com\\\/wp-content\\\/uploads\\\/2022\\\/08\\\/logo-parfumerie-arabe.png\",\"contentUrl\":\"https:\\\/\\\/www.parfumerie-arabe.com\\\/wp-content\\\/uploads\\\/2022\\\/08\\\/logo-parfumerie-arabe.png\",\"width\":600,\"height\":171,\"caption\":\"Parfumerie arabe\"},\"image\":{\"@id\":\"https:\\\/\\\/www.parfumerie-arabe.com\\\/#\\\/schema\\\/logo\\\/image\\\/\"}}]}<\/script>\n<!-- \/ Yoast SEO plugin. -->","yoast_head_json":{"title":"Yara I Eau de parfum 100 ml I Colecci\u00f3n Latatfa","description":"Yara de Lattafa es la fragancia de las mujeres generosas y sensuales. Es un perfume \u00fanico que te reconfortar\u00e1. \u00a1No esperes m\u00e1s y hazte con \u00e9l!","robots":{"index":"index","follow":"follow","max-snippet":"max-snippet:-1","max-image-preview":"max-image-preview:large","max-video-preview":"max-video-preview:-1"},"canonical":"https:\/\/www.parfumerie-arabe.com\/es\/product\/eau-de-parfum-yara-100-ml-lattafa\/","og_locale":"es_ES","og_type":"article","og_title":"Yara I Eau de parfum 100ml I Collection Latatfa","og_description":"Yara de Lattafa est la fragrance des femmes\u00a0g\u00e9n\u00e9reuses et sensuelles. C\u2019est un parfum \u00e0 part qui vous r\u00e9chauffera. Adoptez-le rapidement !","og_url":"https:\/\/www.parfumerie-arabe.com\/es\/product\/eau-de-parfum-yara-100-ml-lattafa\/","og_site_name":"Parfumerie Arabe","article_modified_time":"2026-04-29T10:39:18+00:00","og_image":[{"width":600,"height":600,"url":"https:\/\/www.parfumerie-arabe.com\/wp-content\/uploads\/2022\/08\/eau-de-parfum-yara-lattafa.jpg","type":"image\/jpeg"}],"twitter_card":"summary_large_image","twitter_misc":{"Tiempo de lectura":"2 minutos"},"schema":{"@context":"https:\/\/schema.org","@graph":[{"@type":"WebPage","@id":"https:\/\/www.parfumerie-arabe.com\/produit\/eau-de-parfum-yara-100ml-lattafa\/","url":"https:\/\/www.parfumerie-arabe.com\/produit\/eau-de-parfum-yara-100ml-lattafa\/","name":"Yara I Eau de parfum 100 ml I Colecci\u00f3n Latatfa","isPartOf":{"@id":"https:\/\/www.parfumerie-arabe.com\/#website"},"primaryImageOfPage":{"@id":"https:\/\/www.parfumerie-arabe.com\/produit\/eau-de-parfum-yara-100ml-lattafa\/#primaryimage"},"image":{"@id":"https:\/\/www.parfumerie-arabe.com\/produit\/eau-de-parfum-yara-100ml-lattafa\/#primaryimage"},"thumbnailUrl":"https:\/\/www.parfumerie-arabe.com\/wp-content\/uploads\/2022\/08\/eau-de-parfum-yara-lattafa.jpg","datePublished":"2015-04-23T14:10:00+00:00","dateModified":"2026-04-29T10:39:18+00:00","description":"Yara de Lattafa es la fragancia de las mujeres generosas y sensuales. Es un perfume \u00fanico que te reconfortar\u00e1. \u00a1No esperes m\u00e1s y hazte con \u00e9l!","breadcrumb":{"@id":"https:\/\/www.parfumerie-arabe.com\/produit\/eau-de-parfum-yara-100ml-lattafa\/#breadcrumb"},"inLanguage":"es","potentialAction":[{"@type":"ReadAction","target":["https:\/\/www.parfumerie-arabe.com\/produit\/eau-de-parfum-yara-100ml-lattafa\/"]}]},{"@type":"ImageObject","inLanguage":"es","@id":"https:\/\/www.parfumerie-arabe.com\/produit\/eau-de-parfum-yara-100ml-lattafa\/#primaryimage","url":"https:\/\/www.parfumerie-arabe.com\/wp-content\/uploads\/2022\/08\/eau-de-parfum-yara-lattafa.jpg","contentUrl":"https:\/\/www.parfumerie-arabe.com\/wp-content\/uploads\/2022\/08\/eau-de-parfum-yara-lattafa.jpg","width":600,"height":600},{"@type":"BreadcrumbList","@id":"https:\/\/www.parfumerie-arabe.com\/produit\/eau-de-parfum-yara-100ml-lattafa\/#breadcrumb","itemListElement":[{"@type":"ListItem","position":1,"name":"Accueil","item":"https:\/\/www.parfumerie-arabe.com\/"},{"@type":"ListItem","position":2,"name":"Boutique","item":"https:\/\/www.parfumerie-arabe.com\/boutique\/"},{"@type":"ListItem","position":3,"name":"Eau de parfum Yara 100ml \u2013 Lattafa"}]},{"@type":"WebSite","@id":"https:\/\/www.parfumerie-arabe.com\/#website","url":"https:\/\/www.parfumerie-arabe.com\/","name":"Perfumer\u00eda \u00e1rabe","description":"","publisher":{"@id":"https:\/\/www.parfumerie-arabe.com\/#organization"},"potentialAction":[{"@type":"SearchAction","target":{"@type":"EntryPoint","urlTemplate":"https:\/\/www.parfumerie-arabe.com\/?s={search_term_string}"},"query-input":{"@type":"PropertyValueSpecification","valueRequired":true,"valueName":"search_term_string"}}],"inLanguage":"es"},{"@type":"Organization","@id":"https:\/\/www.parfumerie-arabe.com\/#organization","name":"Perfumer\u00eda \u00e1rabe","url":"https:\/\/www.parfumerie-arabe.com\/","logo":{"@type":"ImageObject","inLanguage":"es","@id":"https:\/\/www.parfumerie-arabe.com\/#\/schema\/logo\/image\/","url":"https:\/\/www.parfumerie-arabe.com\/wp-content\/uploads\/2022\/08\/logo-parfumerie-arabe.png","contentUrl":"https:\/\/www.parfumerie-arabe.com\/wp-content\/uploads\/2022\/08\/logo-parfumerie-arabe.png","width":600,"height":171,"caption":"Parfumerie arabe"},"image":{"@id":"https:\/\/www.parfumerie-arabe.com\/#\/schema\/logo\/image\/"}}]}},"_links":{"self":[{"href":"https:\/\/www.parfumerie-arabe.com\/es\/wp-json\/wp\/v2\/product\/319","targetHints":{"allow":["GET"]}}],"collection":[{"href":"https:\/\/www.parfumerie-arabe.com\/es\/wp-json\/wp\/v2\/product"}],"about":[{"href":"https:\/\/www.parfumerie-arabe.com\/es\/wp-json\/wp\/v2\/types\/product"}],"wp:featuredmedia":[{"embeddable":true,"href":"https:\/\/www.parfumerie-arabe.com\/es\/wp-json\/wp\/v2\/media\/368"}],"wp:attachment":[{"href":"https:\/\/www.parfumerie-arabe.com\/es\/wp-json\/wp\/v2\/media?parent=319"}],"wp:term":[{"taxonomy":"product_brand","embeddable":true,"href":"https:\/\/www.parfumerie-arabe.com\/es\/wp-json\/wp\/v2\/product_brand?post=319"},{"taxonomy":"product_cat","embeddable":true,"href":"https:\/\/www.parfumerie-arabe.com\/es\/wp-json\/wp\/v2\/product_cat?post=319"},{"taxonomy":"product_tag","embeddable":true,"href":"https:\/\/www.parfumerie-arabe.com\/es\/wp-json\/wp\/v2\/product_tag?post=319"}],"curies":[{"name":"wp","href":"https:\/\/api.w.org\/{rel}","templated":true}]}}