{"id":353,"date":"2022-08-20T17:15:23","date_gmt":"2022-08-20T17:15:23","guid":{"rendered":"https:\/\/www.parfumerie-arabe.com\/?post_type=product&#038;p=353"},"modified":"2025-09-09T12:24:00","modified_gmt":"2025-09-09T12:24:00","slug":"aceite-perfumado-tanasuk-al-haramain","status":"publish","type":"product","link":"https:\/\/www.parfumerie-arabe.com\/es\/produit\/huile-parfumee-tanasuk-al-haramain\/","title":{"rendered":"Aceite perfumado Tanasuk 12 ml \u2013 Al Haramain"},"content":{"rendered":"<p>El aceite perfumado Tanasuk de Al Haramain es un\u00a0<strong>joya olfativa<\/strong>\u00a0del que te volver\u00e1s adicto. De hecho, en el mundo de los aceites, se encuentra entre los m\u00e1s vendidos.\u00a0<strong>Fresca y profunda<\/strong>\u00a0Al mismo tiempo, te embellecer\u00e1 con sus notas encantadoras. Adem\u00e1s, gracias a su alta concentraci\u00f3n en esencias de perfume, tendr\u00e1 un\u00a0<strong>larga estela<\/strong>. As\u00ed, podr\u00e1 disfrutar de este maravilloso viaje olfativo durante horas.<\/p>\n<h2><strong>El aceite perfumado Tanasuk de Al Haramain: una oda fresca<\/strong><\/h2>\n<p>Este perfume es simplemente adictivo. Porque, ya sea en cuanto a la\u00a0<strong>olor<\/strong>, de la\u00a0<strong>vestimenta <\/strong>o de la\u00a0<strong>textura<\/strong>, Al Haramain le promete un\u00a0<strong>magn\u00edfico <\/strong>Cambio de aires. Te transportar\u00e1 a tierras lejanas que evocan misterio, sensualidad y serenidad.  \u00a1Justo lo que necesitas para que tu d\u00eda sea un \u00e9xito! De hecho, es una combinaci\u00f3n en la que la frescura floral y afrutada se mezcla con las maderas y el almizcle.<\/p>\n<p>Y eso sin contar con el \u00e1mbar y el pachul\u00ed, que te har\u00e1n perder la cabeza con sus especias t\u00edpicamente orientales. Adem\u00e1s, para aromas m\u00e1s profundos, prueba\u00a0<strong>Oud Blanco<\/strong>. Pero, si prefiere la combinaci\u00f3n fresca y potente, le gustar\u00e1.,\u00a0<strong>Lamsat\u00a0<\/strong>tambi\u00e9n le seducir\u00e1, sin duda alguna.<\/p>\n<h2><strong>El aceite perfumado Tanasuk de Al Haramain: un frasco que hace so\u00f1ar<\/strong><\/h2>\n<p>La forma y los colores de este envase ya invitan a\u00a0<strong>viaje inolvidable<\/strong>. De hecho, nada m\u00e1s verlo, evoca una joya que se lleva en una ocasi\u00f3n especial. En primer lugar, est\u00e1 el dise\u00f1o multicolor que hace que te marees. Pero, en este caso, nos referimos al que se siente cuando los\u00a0<strong>emociones felices<\/strong>\u00a0nos abruman.<\/p>\n<p>Porque eso es lo que sentir\u00e1 en cuanto las notas olfativas se escapen de este precioso frasco. Adem\u00e1s, el dorado semipresente le advierte de la exquisitez del elixir que le espera. Hace brillar toda esta obra de arte. En primer lugar, en la base, para indicarle que est\u00e1 elaborado con los mejores ingredientes.<\/p>\n<p>A continuaci\u00f3n, este oro se esparce por todo el frasco. Por \u00faltimo, como colof\u00f3n, colorea majestuosamente todo el tap\u00f3n, con forma de corona. De hecho, esta peque\u00f1a joya es la imagen de un rey.<\/p>\n<p>En el mundo de los aceites concentrados, los frascos son especialmente bonitos. As\u00ed, las marcas\u00a0<strong><a href=\"https:\/\/www.parfumerie-arabe.com\/es\/coleccion\/hamidi\/\">Hamidi<\/a>\u00a0<\/strong>y\u00a0<a href=\"https:\/\/www.parfumerie-arabe.com\/es\/coleccion\/mis-perfumes\/\"><strong>Mis perfumes<\/strong><\/a>, oferta de botellas peque\u00f1as\u00a0<strong>rondas<\/strong>\u00a0que recuerdan la voluptuosidad y la dulzura de estos n\u00e9ctares.\u00a0<a href=\"https:\/\/www.parfumerie-arabe.com\/es\/coleccion\/banafa-para-oud\/\"><strong>Banafa para Oud<\/strong><\/a>, por su parte, rinde homenaje a la tradici\u00f3n \u00e1rabe. De hecho, su frasco es una r\u00e9plica de las peque\u00f1as espadas orientales que se utilizaban antiguamente y que hoy en d\u00eda se lucen con orgullo en las ceremonias.<\/p>\n<h3><strong>Comb\u00ednalo con un eau de parfum.<\/strong><\/h3>\n<p>Estos elixires son tan potentes que se pueden llevar f\u00e1cilmente solos. Pero tambi\u00e9n se pueden mezclar con un\u00a0<strong>agua de perfume<\/strong>. Esto tendr\u00e1 como efecto prolongar su estela. Pero tambi\u00e9n ser\u00e1 una oportunidad para\u00a0<strong>crear <\/strong>tu propia fragancia. De hecho, las notas se mezclar\u00e1n para dar un\u00a0<strong>resultado original<\/strong>.<\/p>\n<p>Tenga en cuenta que esta mezcla de aromas est\u00e1 muy de moda actualmente. Adem\u00e1s, se aplica el mismo principio con una\u00a0<strong>bruma perfumada<\/strong>\u00a0que ser\u00e1 a\u00fan m\u00e1s ligera que el eau de parfum. Sea cual sea tu elecci\u00f3n, sus aromas te dar\u00e1n alas.<\/p>","protected":false},"excerpt":{"rendered":"<p><strong>Notas olfativas:\u00a0<\/strong><\/p>\n<p><strong>Notas de salida<\/strong> : Especias, azafr\u00e1n, geranio, lim\u00f3n, lavanda, clavo.<br \/>\n<strong>Notas de coraz\u00f3n<\/strong> : Madera de cedro, Madera de s\u00e1ndalo, Rosa, Pachul\u00ed<br \/>\n<strong>Notas de fondo<\/strong> : S\u00e1ndalo, Guayaco, \u00c1mbar, Animalico, Pachul\u00ed, Amyris, L\u00e1dano, Almizcle<\/p>","protected":false},"featured_media":401,"template":"","meta":[],"product_brand":[],"product_cat":[41,39],"product_tag":[],"class_list":{"0":"post-353","1":"product","2":"type-product","3":"status-publish","4":"has-post-thumbnail","6":"product_cat-al-haramain","7":"product_cat-huile-de-oud-huile-parfumee","9":"first","10":"outofstock","11":"taxable","12":"shipping-taxable","13":"purchasable","14":"product-type-simple"},"yoast_head":"<!-- This site is optimized with the Yoast SEO plugin v27.4 - https:\/\/yoast.com\/product\/yoast-seo-wordpress\/ -->\n<title>Tanasuk Al Haramain I Huile parfum\u00e9e I Contenance 12ml<\/title>\n<meta name=\"description\" content=\"L\u2019huile parfum\u00e9e Tanasuk Al Haramain est un\u00a0bijou olfactif\u00a0dont vous allez devenir addict. Dans le monde des huiles, elle est sur le podium des best-sellers\" \/>\n<meta name=\"robots\" content=\"index, follow, max-snippet:-1, max-image-preview:large, max-video-preview:-1\" \/>\n<link rel=\"canonical\" href=\"https:\/\/www.parfumerie-arabe.com\/es\/product\/aceite-perfumado-tanasuk-al-haramain\/\" \/>\n<meta property=\"og:locale\" content=\"es_ES\" \/>\n<meta property=\"og:type\" content=\"article\" \/>\n<meta property=\"og:title\" content=\"Tanasuk Al Haramain I Huile parfum\u00e9e I Contenance 12ml\" \/>\n<meta property=\"og:description\" content=\"L\u2019huile parfum\u00e9e Tanasuk Al Haramain est un\u00a0bijou olfactif\u00a0dont vous allez devenir addict. Dans le monde des huiles, elle est sur le podium des best-sellers\" \/>\n<meta property=\"og:url\" content=\"https:\/\/www.parfumerie-arabe.com\/es\/product\/aceite-perfumado-tanasuk-al-haramain\/\" \/>\n<meta property=\"og:site_name\" content=\"Parfumerie Arabe\" \/>\n<meta property=\"article:modified_time\" content=\"2025-09-09T12:24:00+00:00\" \/>\n<meta property=\"og:image\" content=\"https:\/\/www.parfumerie-arabe.com\/wp-content\/uploads\/2022\/08\/huile-parfumee-tanasuk-al-haramain.jpg\" \/>\n\t<meta property=\"og:image:width\" content=\"600\" \/>\n\t<meta property=\"og:image:height\" content=\"600\" \/>\n\t<meta property=\"og:image:type\" content=\"image\/jpeg\" \/>\n<meta name=\"twitter:card\" content=\"summary_large_image\" \/>\n<meta name=\"twitter:label1\" content=\"Tiempo de lectura\" \/>\n\t<meta name=\"twitter:data1\" content=\"3 minutos\" \/>\n<script type=\"application\/ld+json\" class=\"yoast-schema-graph\">{\"@context\":\"https:\\\/\\\/schema.org\",\"@graph\":[{\"@type\":\"WebPage\",\"@id\":\"https:\\\/\\\/www.parfumerie-arabe.com\\\/produit\\\/huile-parfumee-tanasuk-al-haramain\\\/\",\"url\":\"https:\\\/\\\/www.parfumerie-arabe.com\\\/produit\\\/huile-parfumee-tanasuk-al-haramain\\\/\",\"name\":\"Tanasuk Al Haramain I Huile parfum\u00e9e I Contenance 12ml\",\"isPartOf\":{\"@id\":\"https:\\\/\\\/www.parfumerie-arabe.com\\\/#website\"},\"primaryImageOfPage\":{\"@id\":\"https:\\\/\\\/www.parfumerie-arabe.com\\\/produit\\\/huile-parfumee-tanasuk-al-haramain\\\/#primaryimage\"},\"image\":{\"@id\":\"https:\\\/\\\/www.parfumerie-arabe.com\\\/produit\\\/huile-parfumee-tanasuk-al-haramain\\\/#primaryimage\"},\"thumbnailUrl\":\"https:\\\/\\\/www.parfumerie-arabe.com\\\/wp-content\\\/uploads\\\/2022\\\/08\\\/huile-parfumee-tanasuk-al-haramain.jpg\",\"datePublished\":\"2022-08-20T17:15:23+00:00\",\"dateModified\":\"2025-09-09T12:24:00+00:00\",\"description\":\"L\u2019huile parfum\u00e9e Tanasuk Al Haramain est un\u00a0bijou olfactif\u00a0dont vous allez devenir addict. Dans le monde des huiles, elle est sur le podium des best-sellers\",\"breadcrumb\":{\"@id\":\"https:\\\/\\\/www.parfumerie-arabe.com\\\/produit\\\/huile-parfumee-tanasuk-al-haramain\\\/#breadcrumb\"},\"inLanguage\":\"es\",\"potentialAction\":[{\"@type\":\"ReadAction\",\"target\":[\"https:\\\/\\\/www.parfumerie-arabe.com\\\/produit\\\/huile-parfumee-tanasuk-al-haramain\\\/\"]}]},{\"@type\":\"ImageObject\",\"inLanguage\":\"es\",\"@id\":\"https:\\\/\\\/www.parfumerie-arabe.com\\\/produit\\\/huile-parfumee-tanasuk-al-haramain\\\/#primaryimage\",\"url\":\"https:\\\/\\\/www.parfumerie-arabe.com\\\/wp-content\\\/uploads\\\/2022\\\/08\\\/huile-parfumee-tanasuk-al-haramain.jpg\",\"contentUrl\":\"https:\\\/\\\/www.parfumerie-arabe.com\\\/wp-content\\\/uploads\\\/2022\\\/08\\\/huile-parfumee-tanasuk-al-haramain.jpg\",\"width\":600,\"height\":600,\"caption\":\"Huile parfum\u00e9e Tanasuk 12ml - Al Haramain\"},{\"@type\":\"BreadcrumbList\",\"@id\":\"https:\\\/\\\/www.parfumerie-arabe.com\\\/produit\\\/huile-parfumee-tanasuk-al-haramain\\\/#breadcrumb\",\"itemListElement\":[{\"@type\":\"ListItem\",\"position\":1,\"name\":\"Accueil\",\"item\":\"https:\\\/\\\/www.parfumerie-arabe.com\\\/\"},{\"@type\":\"ListItem\",\"position\":2,\"name\":\"Boutique\",\"item\":\"https:\\\/\\\/www.parfumerie-arabe.com\\\/boutique\\\/\"},{\"@type\":\"ListItem\",\"position\":3,\"name\":\"Huile parfum\u00e9e Tanasuk 12ml &#8211; Al Haramain\"}]},{\"@type\":\"WebSite\",\"@id\":\"https:\\\/\\\/www.parfumerie-arabe.com\\\/#website\",\"url\":\"https:\\\/\\\/www.parfumerie-arabe.com\\\/\",\"name\":\"Parfumerie Arabe\",\"description\":\"\",\"publisher\":{\"@id\":\"https:\\\/\\\/www.parfumerie-arabe.com\\\/#organization\"},\"potentialAction\":[{\"@type\":\"SearchAction\",\"target\":{\"@type\":\"EntryPoint\",\"urlTemplate\":\"https:\\\/\\\/www.parfumerie-arabe.com\\\/?s={search_term_string}\"},\"query-input\":{\"@type\":\"PropertyValueSpecification\",\"valueRequired\":true,\"valueName\":\"search_term_string\"}}],\"inLanguage\":\"es\"},{\"@type\":\"Organization\",\"@id\":\"https:\\\/\\\/www.parfumerie-arabe.com\\\/#organization\",\"name\":\"Parfumerie arabe\",\"url\":\"https:\\\/\\\/www.parfumerie-arabe.com\\\/\",\"logo\":{\"@type\":\"ImageObject\",\"inLanguage\":\"es\",\"@id\":\"https:\\\/\\\/www.parfumerie-arabe.com\\\/#\\\/schema\\\/logo\\\/image\\\/\",\"url\":\"https:\\\/\\\/www.parfumerie-arabe.com\\\/wp-content\\\/uploads\\\/2022\\\/08\\\/logo-parfumerie-arabe.png\",\"contentUrl\":\"https:\\\/\\\/www.parfumerie-arabe.com\\\/wp-content\\\/uploads\\\/2022\\\/08\\\/logo-parfumerie-arabe.png\",\"width\":600,\"height\":171,\"caption\":\"Parfumerie arabe\"},\"image\":{\"@id\":\"https:\\\/\\\/www.parfumerie-arabe.com\\\/#\\\/schema\\\/logo\\\/image\\\/\"}}]}<\/script>\n<!-- \/ Yoast SEO plugin. -->","yoast_head_json":{"title":"Tanasuk Al Haramain I Aceite perfumado I Contenido: 12 ml","description":"El aceite perfumado Tanasuk Al Haramain es una joya olfativa que te volver\u00e1 adicto. En el mundo de los aceites, se encuentra entre los m\u00e1s vendidos.","robots":{"index":"index","follow":"follow","max-snippet":"max-snippet:-1","max-image-preview":"max-image-preview:large","max-video-preview":"max-video-preview:-1"},"canonical":"https:\/\/www.parfumerie-arabe.com\/es\/product\/aceite-perfumado-tanasuk-al-haramain\/","og_locale":"es_ES","og_type":"article","og_title":"Tanasuk Al Haramain I Huile parfum\u00e9e I Contenance 12ml","og_description":"L\u2019huile parfum\u00e9e Tanasuk Al Haramain est un\u00a0bijou olfactif\u00a0dont vous allez devenir addict. Dans le monde des huiles, elle est sur le podium des best-sellers","og_url":"https:\/\/www.parfumerie-arabe.com\/es\/product\/aceite-perfumado-tanasuk-al-haramain\/","og_site_name":"Parfumerie Arabe","article_modified_time":"2025-09-09T12:24:00+00:00","og_image":[{"width":600,"height":600,"url":"https:\/\/www.parfumerie-arabe.com\/wp-content\/uploads\/2022\/08\/huile-parfumee-tanasuk-al-haramain.jpg","type":"image\/jpeg"}],"twitter_card":"summary_large_image","twitter_misc":{"Tiempo de lectura":"3 minutos"},"schema":{"@context":"https:\/\/schema.org","@graph":[{"@type":"WebPage","@id":"https:\/\/www.parfumerie-arabe.com\/produit\/huile-parfumee-tanasuk-al-haramain\/","url":"https:\/\/www.parfumerie-arabe.com\/produit\/huile-parfumee-tanasuk-al-haramain\/","name":"Tanasuk Al Haramain I Aceite perfumado I Contenido: 12 ml","isPartOf":{"@id":"https:\/\/www.parfumerie-arabe.com\/#website"},"primaryImageOfPage":{"@id":"https:\/\/www.parfumerie-arabe.com\/produit\/huile-parfumee-tanasuk-al-haramain\/#primaryimage"},"image":{"@id":"https:\/\/www.parfumerie-arabe.com\/produit\/huile-parfumee-tanasuk-al-haramain\/#primaryimage"},"thumbnailUrl":"https:\/\/www.parfumerie-arabe.com\/wp-content\/uploads\/2022\/08\/huile-parfumee-tanasuk-al-haramain.jpg","datePublished":"2022-08-20T17:15:23+00:00","dateModified":"2025-09-09T12:24:00+00:00","description":"El aceite perfumado Tanasuk Al Haramain es una joya olfativa que te volver\u00e1 adicto. En el mundo de los aceites, se encuentra entre los m\u00e1s vendidos.","breadcrumb":{"@id":"https:\/\/www.parfumerie-arabe.com\/produit\/huile-parfumee-tanasuk-al-haramain\/#breadcrumb"},"inLanguage":"es","potentialAction":[{"@type":"ReadAction","target":["https:\/\/www.parfumerie-arabe.com\/produit\/huile-parfumee-tanasuk-al-haramain\/"]}]},{"@type":"ImageObject","inLanguage":"es","@id":"https:\/\/www.parfumerie-arabe.com\/produit\/huile-parfumee-tanasuk-al-haramain\/#primaryimage","url":"https:\/\/www.parfumerie-arabe.com\/wp-content\/uploads\/2022\/08\/huile-parfumee-tanasuk-al-haramain.jpg","contentUrl":"https:\/\/www.parfumerie-arabe.com\/wp-content\/uploads\/2022\/08\/huile-parfumee-tanasuk-al-haramain.jpg","width":600,"height":600,"caption":"Huile parfum\u00e9e Tanasuk 12ml - Al Haramain"},{"@type":"BreadcrumbList","@id":"https:\/\/www.parfumerie-arabe.com\/produit\/huile-parfumee-tanasuk-al-haramain\/#breadcrumb","itemListElement":[{"@type":"ListItem","position":1,"name":"Accueil","item":"https:\/\/www.parfumerie-arabe.com\/"},{"@type":"ListItem","position":2,"name":"Boutique","item":"https:\/\/www.parfumerie-arabe.com\/boutique\/"},{"@type":"ListItem","position":3,"name":"Huile parfum\u00e9e Tanasuk 12ml &#8211; Al Haramain"}]},{"@type":"WebSite","@id":"https:\/\/www.parfumerie-arabe.com\/#website","url":"https:\/\/www.parfumerie-arabe.com\/","name":"Perfumer\u00eda \u00e1rabe","description":"","publisher":{"@id":"https:\/\/www.parfumerie-arabe.com\/#organization"},"potentialAction":[{"@type":"SearchAction","target":{"@type":"EntryPoint","urlTemplate":"https:\/\/www.parfumerie-arabe.com\/?s={search_term_string}"},"query-input":{"@type":"PropertyValueSpecification","valueRequired":true,"valueName":"search_term_string"}}],"inLanguage":"es"},{"@type":"Organization","@id":"https:\/\/www.parfumerie-arabe.com\/#organization","name":"Perfumer\u00eda \u00e1rabe","url":"https:\/\/www.parfumerie-arabe.com\/","logo":{"@type":"ImageObject","inLanguage":"es","@id":"https:\/\/www.parfumerie-arabe.com\/#\/schema\/logo\/image\/","url":"https:\/\/www.parfumerie-arabe.com\/wp-content\/uploads\/2022\/08\/logo-parfumerie-arabe.png","contentUrl":"https:\/\/www.parfumerie-arabe.com\/wp-content\/uploads\/2022\/08\/logo-parfumerie-arabe.png","width":600,"height":171,"caption":"Parfumerie arabe"},"image":{"@id":"https:\/\/www.parfumerie-arabe.com\/#\/schema\/logo\/image\/"}}]}},"_links":{"self":[{"href":"https:\/\/www.parfumerie-arabe.com\/es\/wp-json\/wp\/v2\/product\/353","targetHints":{"allow":["GET"]}}],"collection":[{"href":"https:\/\/www.parfumerie-arabe.com\/es\/wp-json\/wp\/v2\/product"}],"about":[{"href":"https:\/\/www.parfumerie-arabe.com\/es\/wp-json\/wp\/v2\/types\/product"}],"wp:featuredmedia":[{"embeddable":true,"href":"https:\/\/www.parfumerie-arabe.com\/es\/wp-json\/wp\/v2\/media\/401"}],"wp:attachment":[{"href":"https:\/\/www.parfumerie-arabe.com\/es\/wp-json\/wp\/v2\/media?parent=353"}],"wp:term":[{"taxonomy":"product_brand","embeddable":true,"href":"https:\/\/www.parfumerie-arabe.com\/es\/wp-json\/wp\/v2\/product_brand?post=353"},{"taxonomy":"product_cat","embeddable":true,"href":"https:\/\/www.parfumerie-arabe.com\/es\/wp-json\/wp\/v2\/product_cat?post=353"},{"taxonomy":"product_tag","embeddable":true,"href":"https:\/\/www.parfumerie-arabe.com\/es\/wp-json\/wp\/v2\/product_tag?post=353"}],"curies":[{"name":"wp","href":"https:\/\/api.w.org\/{rel}","templated":true}]}}