{"id":357,"date":"2022-08-20T17:15:23","date_gmt":"2022-08-20T17:15:23","guid":{"rendered":"https:\/\/www.parfumerie-arabe.com\/?post_type=product&#038;p=357"},"modified":"2025-09-09T12:23:02","modified_gmt":"2025-09-09T12:23:02","slug":"soy-el-rey-ana-al-malik","status":"publish","type":"product","link":"https:\/\/www.parfumerie-arabe.com\/es\/produit\/i-am-the-king-ana-al-malik\/","title":{"rendered":"Eau de parfum I am the king ana al malik 100 ml \u2013 Ard Al Zaafaran"},"content":{"rendered":"<p>El agua de\u00a0<strong>perfume I am the king<\/strong>\u00a0o tambi\u00e9n conocida como<strong>\u00a0Ana al Malik\u00a0<\/strong>es una creaci\u00f3n audaz de\u00a0<strong>la marca Ard Al Zaafaran<\/strong>, dise\u00f1ada especialmente para hombres que desean afirmar su presencia con elegancia y confianza.<\/p>\n<p>De hecho, esta cautivadora fragancia combina notas frescas y especiadas. Y todo ello para crear un perfume \u00fanico que deja una impresi\u00f3n duradera. Descubra los secretos de esta esencia real y d\u00e9jese llevar por su encanto...<\/p>\n<h2><strong>Perfume I am the king: notas olfativas potentes y sofisticadas<\/strong><\/h2>\n<p>En primer lugar, descubre las notas de salida de bergamota y pimienta negra. Estas notas marcan la pauta desde las primeras pulverizaciones, aportando una sensaci\u00f3n de frescura y vivacidad. Adem\u00e1s, estas notas se ven r\u00e1pidamente seguidas por una mezcla de pimienta de Sichuan, lavanda, pachul\u00ed, geranio, vetiver, pimienta rosa y elem\u00ed, que aportan<strong>\u00a0una profundidad<\/strong>\u00a0y sofisticaci\u00f3n a la fragancia.<\/p>\n<p>Por \u00faltimo, las notas de fondo de ambroxan, cedro y jara a\u00f1aden un toque de calidez y sensualidad.<\/p>\n<h2><strong>Una fragancia masculina y decidida<\/strong><\/h2>\n<p>El eau de parfum Ana al malik, al igual que\u00a0<a href=\"https:\/\/www.parfumerie-arabe.com\/es\/product\/agua-de-perfume-rayan-black-al-rehab\/\"><strong>Ryan Black<\/strong><\/a>\u00a0encarna la masculinidad en todo su esplendor. De hecho, los acordes especiados y amaderados se combinan armoniosamente para crear una fragancia que refleja fuerza y confianza.<\/p>\n<p>El eau de parfum I am the king ana al malik es una aut\u00e9ntica\u00a0<strong>declaraci\u00f3n olfativa\u00a0<\/strong>Para hombres que buscan una fragancia distintiva y sofisticada.<\/p>\n<h3><strong>I am the king: un frasco elegante y refinado<\/strong><\/h3>\n<p>En resumen, el frasco del eau de parfum I am the king es un reflejo de la fragancia que contiene.\u00a0<strong>Elegante y refinado<\/strong>, su dise\u00f1o depurado y sus l\u00edneas masculinas lo convierten en un objeto de colecci\u00f3n por derecho propio. Adem\u00e1s, el frasco est\u00e1 adornado con un tap\u00f3n dorado que le a\u00f1ade un toque de lujo adicional. Tambi\u00e9n es pr\u00e1ctico de llevar, lo que le permite llevarlo consigo a todas partes para retocarse el perfume en cualquier momento.<\/p>\n<p>D\u00e9jese seducir por esta esencia real y descubra el poder de Ana al malik.<\/p>","protected":false},"excerpt":{"rendered":"<p><strong>Notas olfativas:<\/strong><\/p>\n<p><strong>Notas de salida<\/strong> : Bergamota y pimienta negra<br \/>\n<strong>Notas de coraz\u00f3n<\/strong> : Pimienta de Sichuan, lavanda, pachul\u00ed, geranio, vetiver, pimienta rosa y elem\u00ed.<br \/>\n<strong>Notas de fondo<\/strong> : Ambroxan, cedro y jara.<\/p>\n<p><strong>G\u00e9nero<\/strong> : Masculino.<\/p>","protected":false},"featured_media":730,"template":"","meta":[],"product_brand":[],"product_cat":[18,15],"product_tag":[],"class_list":{"0":"post-357","1":"product","2":"type-product","3":"status-publish","4":"has-post-thumbnail","6":"product_cat-ard-al-zaafaran","7":"product_cat-parfum-homme","9":"first","10":"instock","11":"taxable","12":"shipping-taxable","13":"purchasable","14":"product-type-simple"},"yoast_head":"<!-- This site is optimized with the Yoast SEO plugin v27.4 - https:\/\/yoast.com\/product\/yoast-seo-wordpress\/ -->\n<title>I am the king ana al malik | Eau de parfum 100ml | Ard Al Zaafaran<\/title>\n<meta name=\"description\" content=\"L&#039;eau de\u00a0parfum I am the king\u00a0ou aussi connue sous le nom de\u00a0Ana al malik\u00a0est une cr\u00e9ation audacieuse de\u00a0la marque Ard Al Zaafaran.\" \/>\n<meta name=\"robots\" content=\"index, follow, max-snippet:-1, max-image-preview:large, max-video-preview:-1\" \/>\n<link rel=\"canonical\" href=\"https:\/\/www.parfumerie-arabe.com\/es\/product\/soy-el-rey-ana-al-malik\/\" \/>\n<meta property=\"og:locale\" content=\"es_ES\" \/>\n<meta property=\"og:type\" content=\"article\" \/>\n<meta property=\"og:title\" content=\"I am the king ana al malik | Eau de parfum 100ml | Ard Al Zaafaran\" \/>\n<meta property=\"og:description\" content=\"L&#039;eau de\u00a0parfum I am the king\u00a0ou aussi connue sous le nom de\u00a0Ana al malik\u00a0est une cr\u00e9ation audacieuse de\u00a0la marque Ard Al Zaafaran.\" \/>\n<meta property=\"og:url\" content=\"https:\/\/www.parfumerie-arabe.com\/es\/product\/soy-el-rey-ana-al-malik\/\" \/>\n<meta property=\"og:site_name\" content=\"Parfumerie Arabe\" \/>\n<meta property=\"article:modified_time\" content=\"2025-09-09T12:23:02+00:00\" \/>\n<meta property=\"og:image\" content=\"https:\/\/www.parfumerie-arabe.com\/wp-content\/uploads\/2022\/08\/i-am-the-king-eau-de-parfum-lataffa.jpg\" \/>\n\t<meta property=\"og:image:width\" content=\"600\" \/>\n\t<meta property=\"og:image:height\" content=\"600\" \/>\n\t<meta property=\"og:image:type\" content=\"image\/jpeg\" \/>\n<meta name=\"twitter:card\" content=\"summary_large_image\" \/>\n<meta name=\"twitter:label1\" content=\"Tiempo de lectura\" \/>\n\t<meta name=\"twitter:data1\" content=\"2 minutos\" \/>\n<script type=\"application\/ld+json\" class=\"yoast-schema-graph\">{\"@context\":\"https:\\\/\\\/schema.org\",\"@graph\":[{\"@type\":\"WebPage\",\"@id\":\"https:\\\/\\\/www.parfumerie-arabe.com\\\/produit\\\/i-am-the-king-ana-al-malik\\\/\",\"url\":\"https:\\\/\\\/www.parfumerie-arabe.com\\\/produit\\\/i-am-the-king-ana-al-malik\\\/\",\"name\":\"I am the king ana al malik | Eau de parfum 100ml | Ard Al Zaafaran\",\"isPartOf\":{\"@id\":\"https:\\\/\\\/www.parfumerie-arabe.com\\\/#website\"},\"primaryImageOfPage\":{\"@id\":\"https:\\\/\\\/www.parfumerie-arabe.com\\\/produit\\\/i-am-the-king-ana-al-malik\\\/#primaryimage\"},\"image\":{\"@id\":\"https:\\\/\\\/www.parfumerie-arabe.com\\\/produit\\\/i-am-the-king-ana-al-malik\\\/#primaryimage\"},\"thumbnailUrl\":\"https:\\\/\\\/www.parfumerie-arabe.com\\\/wp-content\\\/uploads\\\/2022\\\/08\\\/i-am-the-king-eau-de-parfum-lataffa.jpg\",\"datePublished\":\"2022-08-20T17:15:23+00:00\",\"dateModified\":\"2025-09-09T12:23:02+00:00\",\"description\":\"L'eau de\u00a0parfum I am the king\u00a0ou aussi connue sous le nom de\u00a0Ana al malik\u00a0est une cr\u00e9ation audacieuse de\u00a0la marque Ard Al Zaafaran.\",\"breadcrumb\":{\"@id\":\"https:\\\/\\\/www.parfumerie-arabe.com\\\/produit\\\/i-am-the-king-ana-al-malik\\\/#breadcrumb\"},\"inLanguage\":\"es\",\"potentialAction\":[{\"@type\":\"ReadAction\",\"target\":[\"https:\\\/\\\/www.parfumerie-arabe.com\\\/produit\\\/i-am-the-king-ana-al-malik\\\/\"]}]},{\"@type\":\"ImageObject\",\"inLanguage\":\"es\",\"@id\":\"https:\\\/\\\/www.parfumerie-arabe.com\\\/produit\\\/i-am-the-king-ana-al-malik\\\/#primaryimage\",\"url\":\"https:\\\/\\\/www.parfumerie-arabe.com\\\/wp-content\\\/uploads\\\/2022\\\/08\\\/i-am-the-king-eau-de-parfum-lataffa.jpg\",\"contentUrl\":\"https:\\\/\\\/www.parfumerie-arabe.com\\\/wp-content\\\/uploads\\\/2022\\\/08\\\/i-am-the-king-eau-de-parfum-lataffa.jpg\",\"width\":600,\"height\":600,\"caption\":\"i am the king eau de parfum lataffa\"},{\"@type\":\"BreadcrumbList\",\"@id\":\"https:\\\/\\\/www.parfumerie-arabe.com\\\/produit\\\/i-am-the-king-ana-al-malik\\\/#breadcrumb\",\"itemListElement\":[{\"@type\":\"ListItem\",\"position\":1,\"name\":\"Accueil\",\"item\":\"https:\\\/\\\/www.parfumerie-arabe.com\\\/\"},{\"@type\":\"ListItem\",\"position\":2,\"name\":\"Boutique\",\"item\":\"https:\\\/\\\/www.parfumerie-arabe.com\\\/boutique\\\/\"},{\"@type\":\"ListItem\",\"position\":3,\"name\":\"Eau de parfum I am the king ana al malik 100ml \u2013 Ard Al Zaafaran\"}]},{\"@type\":\"WebSite\",\"@id\":\"https:\\\/\\\/www.parfumerie-arabe.com\\\/#website\",\"url\":\"https:\\\/\\\/www.parfumerie-arabe.com\\\/\",\"name\":\"Parfumerie Arabe\",\"description\":\"\",\"publisher\":{\"@id\":\"https:\\\/\\\/www.parfumerie-arabe.com\\\/#organization\"},\"potentialAction\":[{\"@type\":\"SearchAction\",\"target\":{\"@type\":\"EntryPoint\",\"urlTemplate\":\"https:\\\/\\\/www.parfumerie-arabe.com\\\/?s={search_term_string}\"},\"query-input\":{\"@type\":\"PropertyValueSpecification\",\"valueRequired\":true,\"valueName\":\"search_term_string\"}}],\"inLanguage\":\"es\"},{\"@type\":\"Organization\",\"@id\":\"https:\\\/\\\/www.parfumerie-arabe.com\\\/#organization\",\"name\":\"Parfumerie arabe\",\"url\":\"https:\\\/\\\/www.parfumerie-arabe.com\\\/\",\"logo\":{\"@type\":\"ImageObject\",\"inLanguage\":\"es\",\"@id\":\"https:\\\/\\\/www.parfumerie-arabe.com\\\/#\\\/schema\\\/logo\\\/image\\\/\",\"url\":\"https:\\\/\\\/www.parfumerie-arabe.com\\\/wp-content\\\/uploads\\\/2022\\\/08\\\/logo-parfumerie-arabe.png\",\"contentUrl\":\"https:\\\/\\\/www.parfumerie-arabe.com\\\/wp-content\\\/uploads\\\/2022\\\/08\\\/logo-parfumerie-arabe.png\",\"width\":600,\"height\":171,\"caption\":\"Parfumerie arabe\"},\"image\":{\"@id\":\"https:\\\/\\\/www.parfumerie-arabe.com\\\/#\\\/schema\\\/logo\\\/image\\\/\"}}]}<\/script>\n<!-- \/ Yoast SEO plugin. -->","yoast_head_json":{"title":"I am the king ana al malik | Eau de parfum 100 ml | Ard Al Zaafaran","description":"El eau de parfum I am the king, tambi\u00e9n conocido como Ana al malik, es una atrevida creaci\u00f3n de la marca Ard Al Zaafaran.","robots":{"index":"index","follow":"follow","max-snippet":"max-snippet:-1","max-image-preview":"max-image-preview:large","max-video-preview":"max-video-preview:-1"},"canonical":"https:\/\/www.parfumerie-arabe.com\/es\/product\/soy-el-rey-ana-al-malik\/","og_locale":"es_ES","og_type":"article","og_title":"I am the king ana al malik | Eau de parfum 100ml | Ard Al Zaafaran","og_description":"L'eau de\u00a0parfum I am the king\u00a0ou aussi connue sous le nom de\u00a0Ana al malik\u00a0est une cr\u00e9ation audacieuse de\u00a0la marque Ard Al Zaafaran.","og_url":"https:\/\/www.parfumerie-arabe.com\/es\/product\/soy-el-rey-ana-al-malik\/","og_site_name":"Parfumerie Arabe","article_modified_time":"2025-09-09T12:23:02+00:00","og_image":[{"width":600,"height":600,"url":"https:\/\/www.parfumerie-arabe.com\/wp-content\/uploads\/2022\/08\/i-am-the-king-eau-de-parfum-lataffa.jpg","type":"image\/jpeg"}],"twitter_card":"summary_large_image","twitter_misc":{"Tiempo de lectura":"2 minutos"},"schema":{"@context":"https:\/\/schema.org","@graph":[{"@type":"WebPage","@id":"https:\/\/www.parfumerie-arabe.com\/produit\/i-am-the-king-ana-al-malik\/","url":"https:\/\/www.parfumerie-arabe.com\/produit\/i-am-the-king-ana-al-malik\/","name":"I am the king ana al malik | Eau de parfum 100 ml | Ard Al Zaafaran","isPartOf":{"@id":"https:\/\/www.parfumerie-arabe.com\/#website"},"primaryImageOfPage":{"@id":"https:\/\/www.parfumerie-arabe.com\/produit\/i-am-the-king-ana-al-malik\/#primaryimage"},"image":{"@id":"https:\/\/www.parfumerie-arabe.com\/produit\/i-am-the-king-ana-al-malik\/#primaryimage"},"thumbnailUrl":"https:\/\/www.parfumerie-arabe.com\/wp-content\/uploads\/2022\/08\/i-am-the-king-eau-de-parfum-lataffa.jpg","datePublished":"2022-08-20T17:15:23+00:00","dateModified":"2025-09-09T12:23:02+00:00","description":"El eau de parfum I am the king, tambi\u00e9n conocido como Ana al malik, es una atrevida creaci\u00f3n de la marca Ard Al Zaafaran.","breadcrumb":{"@id":"https:\/\/www.parfumerie-arabe.com\/produit\/i-am-the-king-ana-al-malik\/#breadcrumb"},"inLanguage":"es","potentialAction":[{"@type":"ReadAction","target":["https:\/\/www.parfumerie-arabe.com\/produit\/i-am-the-king-ana-al-malik\/"]}]},{"@type":"ImageObject","inLanguage":"es","@id":"https:\/\/www.parfumerie-arabe.com\/produit\/i-am-the-king-ana-al-malik\/#primaryimage","url":"https:\/\/www.parfumerie-arabe.com\/wp-content\/uploads\/2022\/08\/i-am-the-king-eau-de-parfum-lataffa.jpg","contentUrl":"https:\/\/www.parfumerie-arabe.com\/wp-content\/uploads\/2022\/08\/i-am-the-king-eau-de-parfum-lataffa.jpg","width":600,"height":600,"caption":"i am the king eau de parfum lataffa"},{"@type":"BreadcrumbList","@id":"https:\/\/www.parfumerie-arabe.com\/produit\/i-am-the-king-ana-al-malik\/#breadcrumb","itemListElement":[{"@type":"ListItem","position":1,"name":"Accueil","item":"https:\/\/www.parfumerie-arabe.com\/"},{"@type":"ListItem","position":2,"name":"Boutique","item":"https:\/\/www.parfumerie-arabe.com\/boutique\/"},{"@type":"ListItem","position":3,"name":"Eau de parfum I am the king ana al malik 100ml \u2013 Ard Al Zaafaran"}]},{"@type":"WebSite","@id":"https:\/\/www.parfumerie-arabe.com\/#website","url":"https:\/\/www.parfumerie-arabe.com\/","name":"Perfumer\u00eda \u00e1rabe","description":"","publisher":{"@id":"https:\/\/www.parfumerie-arabe.com\/#organization"},"potentialAction":[{"@type":"SearchAction","target":{"@type":"EntryPoint","urlTemplate":"https:\/\/www.parfumerie-arabe.com\/?s={search_term_string}"},"query-input":{"@type":"PropertyValueSpecification","valueRequired":true,"valueName":"search_term_string"}}],"inLanguage":"es"},{"@type":"Organization","@id":"https:\/\/www.parfumerie-arabe.com\/#organization","name":"Perfumer\u00eda \u00e1rabe","url":"https:\/\/www.parfumerie-arabe.com\/","logo":{"@type":"ImageObject","inLanguage":"es","@id":"https:\/\/www.parfumerie-arabe.com\/#\/schema\/logo\/image\/","url":"https:\/\/www.parfumerie-arabe.com\/wp-content\/uploads\/2022\/08\/logo-parfumerie-arabe.png","contentUrl":"https:\/\/www.parfumerie-arabe.com\/wp-content\/uploads\/2022\/08\/logo-parfumerie-arabe.png","width":600,"height":171,"caption":"Parfumerie arabe"},"image":{"@id":"https:\/\/www.parfumerie-arabe.com\/#\/schema\/logo\/image\/"}}]}},"_links":{"self":[{"href":"https:\/\/www.parfumerie-arabe.com\/es\/wp-json\/wp\/v2\/product\/357","targetHints":{"allow":["GET"]}}],"collection":[{"href":"https:\/\/www.parfumerie-arabe.com\/es\/wp-json\/wp\/v2\/product"}],"about":[{"href":"https:\/\/www.parfumerie-arabe.com\/es\/wp-json\/wp\/v2\/types\/product"}],"wp:featuredmedia":[{"embeddable":true,"href":"https:\/\/www.parfumerie-arabe.com\/es\/wp-json\/wp\/v2\/media\/730"}],"wp:attachment":[{"href":"https:\/\/www.parfumerie-arabe.com\/es\/wp-json\/wp\/v2\/media?parent=357"}],"wp:term":[{"taxonomy":"product_brand","embeddable":true,"href":"https:\/\/www.parfumerie-arabe.com\/es\/wp-json\/wp\/v2\/product_brand?post=357"},{"taxonomy":"product_cat","embeddable":true,"href":"https:\/\/www.parfumerie-arabe.com\/es\/wp-json\/wp\/v2\/product_cat?post=357"},{"taxonomy":"product_tag","embeddable":true,"href":"https:\/\/www.parfumerie-arabe.com\/es\/wp-json\/wp\/v2\/product_tag?post=357"}],"curies":[{"name":"wp","href":"https:\/\/api.w.org\/{rel}","templated":true}]}}