{"id":389,"date":"2019-08-20T17:15:46","date_gmt":"2019-08-20T17:15:46","guid":{"rendered":"https:\/\/www.parfumerie-arabe.com\/?post_type=product&#038;p=389"},"modified":"2023-12-19T07:13:06","modified_gmt":"2023-12-19T07:13:06","slug":"eau-de-parfum-majd-al-sultan-100-ml-asdaaf","status":"publish","type":"product","link":"https:\/\/www.parfumerie-arabe.com\/es\/produit\/eau-de-parfum-majd-al-sultan-100ml-asdaaf\/","title":{"rendered":"Eau de parfum Majd al sultan 100 ml \u2013 Asdaaf"},"content":{"rendered":"<p>D\u00e9jese guiar en<strong>\u00a0esa poderosa estela que encierra el sublime frasco de Majd Al Sultan.<\/strong>\u00a0Esta creaci\u00f3n magistral y sensual ofrece una fragancia con un car\u00e1cter inigualable. Es, por tanto, una mezcla perfecta entre\u00a0<strong>profunda sensualidad y delicada calidez<\/strong>, que se encuentra en este sublime aroma. Por lo tanto, descubrirlo ser\u00e1 una aut\u00e9ntica delicia.<\/p>\n<h2><strong>El carisma casi insolente de Majd al Sultan<\/strong><\/h2>\n<p>Sin duda, es una<strong>\u00a0creaci\u00f3n de car\u00e1cter<\/strong>\u00a0que descubrimos en esta sublime y elegante botella. Este lujoso perfume de la casa Asdaaf se\u00a0<strong>Se muestra carism\u00e1tico, cordial y jovial.<\/strong>\u00a0De hecho, este dise\u00f1o majestuosamente oriental ofrece\u00a0<strong>Un encuentro provocador y audaz que no se olvida.<\/strong>\u00a0Este acuerdo resulta a la vez valiente y original, con sensuales reflejos de calor tropical.<\/p>\n<h2><strong>El car\u00e1cter y la sensualidad de Oriente en esta sublime fragancia.<\/strong><\/h2>\n<p>Las primeras notas de esta fragancia especial revelan un perfume con una personalidad sin igual. De hecho, la sorprendente combinaci\u00f3n de aromas de<strong>\u00a0El humo y el tabaco tambi\u00e9n aportan un toque especiado, c\u00e1lido y tropical.<\/strong>\u00a0Adem\u00e1s, la presencia de la mirra le aporta un toque de delicadeza. Majd Al Sultan tambi\u00e9n es sin\u00f3nimo de profunda sensualidad, especialmente por\u00a0<strong>La combinaci\u00f3n de incienso y azafr\u00e1n, suaves y cautivadores.<\/strong>\u00a0Por \u00faltimo, el toque final es sin duda amaderado, con un aroma fresco que perdura. Son\u00a0<strong>\u00e1mbar, abeto y cedro que cierran<\/strong>\u00a0sublimemente este perfume de car\u00e1cter intenso.<\/p>\n<h3><strong>Asdaaf, una referencia en la perfumer\u00eda \u00e1rabe<\/strong><\/h3>\n<p>Sin lugar a dudas,\u00a0<strong>Una vez que descubra este perfume \u00fanico y de calidad, querr\u00e1 disfrutar de otros aromas.<\/strong>\u00a0deliciosamente elaboradas por el perfumista mencionado anteriormente. \u00a1Y cuidadosamente seleccionadas por la perfumer\u00eda \u00e1rabe en particular! Por lo tanto, en la categor\u00eda de perfumes mixtos de Asdaaf, le recomendamos que se deje llevar por el descubrimiento de\u00a0<strong><a href=\"https:\/\/www.parfumerie-arabe.com\/es\/product\/eau-de-parfum-oud-code-100-ml-asdaaf\/\">C\u00f3digo Oud<\/a>, <a href=\"https:\/\/www.parfumerie-arabe.com\/es\/product\/eau-de-parfum-yaqeen-100-ml-asdaaf\/\">Yaqeen<\/a>, o incluso <a href=\"https:\/\/www.parfumerie-arabe.com\/es\/product\/eau-de-parfum-andaleeb-100-ml-asdaaf\/\">Andaleeb<\/a>.<\/strong>\u00a0Tu sentido del olfato quedar\u00e1 seducido, seg\u00fan los especialistas.<\/p>","protected":false},"excerpt":{"rendered":"<p><strong>Notas olfativas:<\/strong><\/p>\n<p><strong>Notas de salida<\/strong> : Humo y tabaco<br \/>\n<strong>Notas de coraz\u00f3n<\/strong> : Mirra, incienso, pimienta y azafr\u00e1n.<br \/>\n<strong>Notas de fondo<\/strong> : Resinas, \u00c1mbar, Abeto y Cedro<\/p>\n<p><strong>G\u00e9nero<\/strong> : Mixto.<\/p>","protected":false},"featured_media":417,"template":"","meta":[],"product_brand":[],"product_cat":[24,50],"product_tag":[],"class_list":{"0":"post-389","1":"product","2":"type-product","3":"status-publish","4":"has-post-thumbnail","6":"product_cat-asdaaf","7":"product_cat-parfum-mixte","9":"first","10":"outofstock","11":"taxable","12":"shipping-taxable","13":"purchasable","14":"product-type-simple"},"yoast_head":"<!-- This site is optimized with the Yoast SEO plugin v27.4 - https:\/\/yoast.com\/product\/yoast-seo-wordpress\/ -->\n<title>Majd al sultan | Eau de parfum 100ml | Asdaaf<\/title>\n<meta name=\"description\" content=\"Laissez-vous guider dans\u00a0ce puissant sillage que renferme le sublime flacon de Majd Al Sultan.\u00a0Une cr\u00e9ation magistrale et sensuelle by Asdaaf.\" \/>\n<meta name=\"robots\" content=\"index, follow, max-snippet:-1, max-image-preview:large, max-video-preview:-1\" \/>\n<link rel=\"canonical\" href=\"https:\/\/www.parfumerie-arabe.com\/es\/product\/eau-de-parfum-majd-al-sultan-100-ml-asdaaf\/\" \/>\n<meta property=\"og:locale\" content=\"es_ES\" \/>\n<meta property=\"og:type\" content=\"article\" \/>\n<meta property=\"og:title\" content=\"Majd al sultan | Eau de parfum 100ml | Asdaaf\" \/>\n<meta property=\"og:description\" content=\"Laissez-vous guider dans\u00a0ce puissant sillage que renferme le sublime flacon de Majd Al Sultan.\u00a0Une cr\u00e9ation magistrale et sensuelle by Asdaaf.\" \/>\n<meta property=\"og:url\" content=\"https:\/\/www.parfumerie-arabe.com\/es\/product\/eau-de-parfum-majd-al-sultan-100-ml-asdaaf\/\" \/>\n<meta property=\"og:site_name\" content=\"Parfumerie Arabe\" \/>\n<meta property=\"article:modified_time\" content=\"2023-12-19T07:13:06+00:00\" \/>\n<meta property=\"og:image\" content=\"https:\/\/www.parfumerie-arabe.com\/wp-content\/uploads\/2022\/08\/majd-al-sultan-asdaaf.jpg\" \/>\n\t<meta property=\"og:image:width\" content=\"600\" \/>\n\t<meta property=\"og:image:height\" content=\"600\" \/>\n\t<meta property=\"og:image:type\" content=\"image\/jpeg\" \/>\n<meta name=\"twitter:card\" content=\"summary_large_image\" \/>\n<meta name=\"twitter:label1\" content=\"Tiempo de lectura\" \/>\n\t<meta name=\"twitter:data1\" content=\"2 minutos\" \/>\n<script type=\"application\/ld+json\" class=\"yoast-schema-graph\">{\"@context\":\"https:\\\/\\\/schema.org\",\"@graph\":[{\"@type\":\"WebPage\",\"@id\":\"https:\\\/\\\/www.parfumerie-arabe.com\\\/produit\\\/eau-de-parfum-majd-al-sultan-100ml-asdaaf\\\/\",\"url\":\"https:\\\/\\\/www.parfumerie-arabe.com\\\/produit\\\/eau-de-parfum-majd-al-sultan-100ml-asdaaf\\\/\",\"name\":\"Majd al sultan | Eau de parfum 100ml | Asdaaf\",\"isPartOf\":{\"@id\":\"https:\\\/\\\/www.parfumerie-arabe.com\\\/#website\"},\"primaryImageOfPage\":{\"@id\":\"https:\\\/\\\/www.parfumerie-arabe.com\\\/produit\\\/eau-de-parfum-majd-al-sultan-100ml-asdaaf\\\/#primaryimage\"},\"image\":{\"@id\":\"https:\\\/\\\/www.parfumerie-arabe.com\\\/produit\\\/eau-de-parfum-majd-al-sultan-100ml-asdaaf\\\/#primaryimage\"},\"thumbnailUrl\":\"https:\\\/\\\/www.parfumerie-arabe.com\\\/wp-content\\\/uploads\\\/2022\\\/08\\\/majd-al-sultan-asdaaf.jpg\",\"datePublished\":\"2019-08-20T17:15:46+00:00\",\"dateModified\":\"2023-12-19T07:13:06+00:00\",\"description\":\"Laissez-vous guider dans\u00a0ce puissant sillage que renferme le sublime flacon de Majd Al Sultan.\u00a0Une cr\u00e9ation magistrale et sensuelle by Asdaaf.\",\"breadcrumb\":{\"@id\":\"https:\\\/\\\/www.parfumerie-arabe.com\\\/produit\\\/eau-de-parfum-majd-al-sultan-100ml-asdaaf\\\/#breadcrumb\"},\"inLanguage\":\"es\",\"potentialAction\":[{\"@type\":\"ReadAction\",\"target\":[\"https:\\\/\\\/www.parfumerie-arabe.com\\\/produit\\\/eau-de-parfum-majd-al-sultan-100ml-asdaaf\\\/\"]}]},{\"@type\":\"ImageObject\",\"inLanguage\":\"es\",\"@id\":\"https:\\\/\\\/www.parfumerie-arabe.com\\\/produit\\\/eau-de-parfum-majd-al-sultan-100ml-asdaaf\\\/#primaryimage\",\"url\":\"https:\\\/\\\/www.parfumerie-arabe.com\\\/wp-content\\\/uploads\\\/2022\\\/08\\\/majd-al-sultan-asdaaf.jpg\",\"contentUrl\":\"https:\\\/\\\/www.parfumerie-arabe.com\\\/wp-content\\\/uploads\\\/2022\\\/08\\\/majd-al-sultan-asdaaf.jpg\",\"width\":600,\"height\":600,\"caption\":\"Majd al sultan\"},{\"@type\":\"BreadcrumbList\",\"@id\":\"https:\\\/\\\/www.parfumerie-arabe.com\\\/produit\\\/eau-de-parfum-majd-al-sultan-100ml-asdaaf\\\/#breadcrumb\",\"itemListElement\":[{\"@type\":\"ListItem\",\"position\":1,\"name\":\"Accueil\",\"item\":\"https:\\\/\\\/www.parfumerie-arabe.com\\\/\"},{\"@type\":\"ListItem\",\"position\":2,\"name\":\"Boutique\",\"item\":\"https:\\\/\\\/www.parfumerie-arabe.com\\\/boutique\\\/\"},{\"@type\":\"ListItem\",\"position\":3,\"name\":\"Eau de parfum Majd al sultan 100ml &#8211; Asdaaf\"}]},{\"@type\":\"WebSite\",\"@id\":\"https:\\\/\\\/www.parfumerie-arabe.com\\\/#website\",\"url\":\"https:\\\/\\\/www.parfumerie-arabe.com\\\/\",\"name\":\"Parfumerie Arabe\",\"description\":\"\",\"publisher\":{\"@id\":\"https:\\\/\\\/www.parfumerie-arabe.com\\\/#organization\"},\"potentialAction\":[{\"@type\":\"SearchAction\",\"target\":{\"@type\":\"EntryPoint\",\"urlTemplate\":\"https:\\\/\\\/www.parfumerie-arabe.com\\\/?s={search_term_string}\"},\"query-input\":{\"@type\":\"PropertyValueSpecification\",\"valueRequired\":true,\"valueName\":\"search_term_string\"}}],\"inLanguage\":\"es\"},{\"@type\":\"Organization\",\"@id\":\"https:\\\/\\\/www.parfumerie-arabe.com\\\/#organization\",\"name\":\"Parfumerie arabe\",\"url\":\"https:\\\/\\\/www.parfumerie-arabe.com\\\/\",\"logo\":{\"@type\":\"ImageObject\",\"inLanguage\":\"es\",\"@id\":\"https:\\\/\\\/www.parfumerie-arabe.com\\\/#\\\/schema\\\/logo\\\/image\\\/\",\"url\":\"https:\\\/\\\/www.parfumerie-arabe.com\\\/wp-content\\\/uploads\\\/2022\\\/08\\\/logo-parfumerie-arabe.png\",\"contentUrl\":\"https:\\\/\\\/www.parfumerie-arabe.com\\\/wp-content\\\/uploads\\\/2022\\\/08\\\/logo-parfumerie-arabe.png\",\"width\":600,\"height\":171,\"caption\":\"Parfumerie arabe\"},\"image\":{\"@id\":\"https:\\\/\\\/www.parfumerie-arabe.com\\\/#\\\/schema\\\/logo\\\/image\\\/\"}}]}<\/script>\n<!-- \/ Yoast SEO plugin. -->","yoast_head_json":{"title":"Majd al sultan | Eau de parfum 100 ml | Asdaaf","description":"D\u00e9jese llevar por la poderosa estela que encierra el sublime frasco de Majd Al Sultan. Una creaci\u00f3n magistral y sensual de Asdaaf.","robots":{"index":"index","follow":"follow","max-snippet":"max-snippet:-1","max-image-preview":"max-image-preview:large","max-video-preview":"max-video-preview:-1"},"canonical":"https:\/\/www.parfumerie-arabe.com\/es\/product\/eau-de-parfum-majd-al-sultan-100-ml-asdaaf\/","og_locale":"es_ES","og_type":"article","og_title":"Majd al sultan | Eau de parfum 100ml | Asdaaf","og_description":"Laissez-vous guider dans\u00a0ce puissant sillage que renferme le sublime flacon de Majd Al Sultan.\u00a0Une cr\u00e9ation magistrale et sensuelle by Asdaaf.","og_url":"https:\/\/www.parfumerie-arabe.com\/es\/product\/eau-de-parfum-majd-al-sultan-100-ml-asdaaf\/","og_site_name":"Parfumerie Arabe","article_modified_time":"2023-12-19T07:13:06+00:00","og_image":[{"width":600,"height":600,"url":"https:\/\/www.parfumerie-arabe.com\/wp-content\/uploads\/2022\/08\/majd-al-sultan-asdaaf.jpg","type":"image\/jpeg"}],"twitter_card":"summary_large_image","twitter_misc":{"Tiempo de lectura":"2 minutos"},"schema":{"@context":"https:\/\/schema.org","@graph":[{"@type":"WebPage","@id":"https:\/\/www.parfumerie-arabe.com\/produit\/eau-de-parfum-majd-al-sultan-100ml-asdaaf\/","url":"https:\/\/www.parfumerie-arabe.com\/produit\/eau-de-parfum-majd-al-sultan-100ml-asdaaf\/","name":"Majd al sultan | Eau de parfum 100 ml | Asdaaf","isPartOf":{"@id":"https:\/\/www.parfumerie-arabe.com\/#website"},"primaryImageOfPage":{"@id":"https:\/\/www.parfumerie-arabe.com\/produit\/eau-de-parfum-majd-al-sultan-100ml-asdaaf\/#primaryimage"},"image":{"@id":"https:\/\/www.parfumerie-arabe.com\/produit\/eau-de-parfum-majd-al-sultan-100ml-asdaaf\/#primaryimage"},"thumbnailUrl":"https:\/\/www.parfumerie-arabe.com\/wp-content\/uploads\/2022\/08\/majd-al-sultan-asdaaf.jpg","datePublished":"2019-08-20T17:15:46+00:00","dateModified":"2023-12-19T07:13:06+00:00","description":"D\u00e9jese llevar por la poderosa estela que encierra el sublime frasco de Majd Al Sultan. Una creaci\u00f3n magistral y sensual de Asdaaf.","breadcrumb":{"@id":"https:\/\/www.parfumerie-arabe.com\/produit\/eau-de-parfum-majd-al-sultan-100ml-asdaaf\/#breadcrumb"},"inLanguage":"es","potentialAction":[{"@type":"ReadAction","target":["https:\/\/www.parfumerie-arabe.com\/produit\/eau-de-parfum-majd-al-sultan-100ml-asdaaf\/"]}]},{"@type":"ImageObject","inLanguage":"es","@id":"https:\/\/www.parfumerie-arabe.com\/produit\/eau-de-parfum-majd-al-sultan-100ml-asdaaf\/#primaryimage","url":"https:\/\/www.parfumerie-arabe.com\/wp-content\/uploads\/2022\/08\/majd-al-sultan-asdaaf.jpg","contentUrl":"https:\/\/www.parfumerie-arabe.com\/wp-content\/uploads\/2022\/08\/majd-al-sultan-asdaaf.jpg","width":600,"height":600,"caption":"Majd al sultan"},{"@type":"BreadcrumbList","@id":"https:\/\/www.parfumerie-arabe.com\/produit\/eau-de-parfum-majd-al-sultan-100ml-asdaaf\/#breadcrumb","itemListElement":[{"@type":"ListItem","position":1,"name":"Accueil","item":"https:\/\/www.parfumerie-arabe.com\/"},{"@type":"ListItem","position":2,"name":"Boutique","item":"https:\/\/www.parfumerie-arabe.com\/boutique\/"},{"@type":"ListItem","position":3,"name":"Eau de parfum Majd al sultan 100ml &#8211; Asdaaf"}]},{"@type":"WebSite","@id":"https:\/\/www.parfumerie-arabe.com\/#website","url":"https:\/\/www.parfumerie-arabe.com\/","name":"Perfumer\u00eda \u00e1rabe","description":"","publisher":{"@id":"https:\/\/www.parfumerie-arabe.com\/#organization"},"potentialAction":[{"@type":"SearchAction","target":{"@type":"EntryPoint","urlTemplate":"https:\/\/www.parfumerie-arabe.com\/?s={search_term_string}"},"query-input":{"@type":"PropertyValueSpecification","valueRequired":true,"valueName":"search_term_string"}}],"inLanguage":"es"},{"@type":"Organization","@id":"https:\/\/www.parfumerie-arabe.com\/#organization","name":"Perfumer\u00eda \u00e1rabe","url":"https:\/\/www.parfumerie-arabe.com\/","logo":{"@type":"ImageObject","inLanguage":"es","@id":"https:\/\/www.parfumerie-arabe.com\/#\/schema\/logo\/image\/","url":"https:\/\/www.parfumerie-arabe.com\/wp-content\/uploads\/2022\/08\/logo-parfumerie-arabe.png","contentUrl":"https:\/\/www.parfumerie-arabe.com\/wp-content\/uploads\/2022\/08\/logo-parfumerie-arabe.png","width":600,"height":171,"caption":"Parfumerie arabe"},"image":{"@id":"https:\/\/www.parfumerie-arabe.com\/#\/schema\/logo\/image\/"}}]}},"_links":{"self":[{"href":"https:\/\/www.parfumerie-arabe.com\/es\/wp-json\/wp\/v2\/product\/389","targetHints":{"allow":["GET"]}}],"collection":[{"href":"https:\/\/www.parfumerie-arabe.com\/es\/wp-json\/wp\/v2\/product"}],"about":[{"href":"https:\/\/www.parfumerie-arabe.com\/es\/wp-json\/wp\/v2\/types\/product"}],"wp:featuredmedia":[{"embeddable":true,"href":"https:\/\/www.parfumerie-arabe.com\/es\/wp-json\/wp\/v2\/media\/417"}],"wp:attachment":[{"href":"https:\/\/www.parfumerie-arabe.com\/es\/wp-json\/wp\/v2\/media?parent=389"}],"wp:term":[{"taxonomy":"product_brand","embeddable":true,"href":"https:\/\/www.parfumerie-arabe.com\/es\/wp-json\/wp\/v2\/product_brand?post=389"},{"taxonomy":"product_cat","embeddable":true,"href":"https:\/\/www.parfumerie-arabe.com\/es\/wp-json\/wp\/v2\/product_cat?post=389"},{"taxonomy":"product_tag","embeddable":true,"href":"https:\/\/www.parfumerie-arabe.com\/es\/wp-json\/wp\/v2\/product_tag?post=389"}],"curies":[{"name":"wp","href":"https:\/\/api.w.org\/{rel}","templated":true}]}}