{"id":434,"date":"2022-08-20T17:16:08","date_gmt":"2022-08-20T17:16:08","guid":{"rendered":"https:\/\/www.parfumerie-arabe.com\/?post_type=product&#038;p=434"},"modified":"2025-09-09T12:22:23","modified_gmt":"2025-09-09T12:22:23","slug":"agua-de-perfume-bright-peach","status":"publish","type":"product","link":"https:\/\/www.parfumerie-arabe.com\/es\/produit\/eau-de-parfum-bright-peach\/","title":{"rendered":"Eau de parfum Bright peach 80 ml \u2013 Maison Alhambra"},"content":{"rendered":"<p><strong>Si te gustan los ambientes acogedores\u00ab<\/strong>\u00a0entre chocolate caliente junto al fuego y una peque\u00f1a vela para crear un ambiente tenue,\u00a0<strong>Te enamorar\u00e1s de esta fragancia que sabr\u00e1 combinarse a la perfecci\u00f3n con ella.<\/strong>. Para amplificar esta magia, el intrigante Bright peach es el perfume que debes llevar con precisi\u00f3n. Esta fragancia de la casa Alhambra encierra un coraz\u00f3n c\u00e1lido y sensual, ideal para un momento de cercan\u00eda y bienestar.<\/p>\n<h2><strong>Bright Peach de la casa Alhambra, un encuentro c\u00e1lido que no se olvida.<\/strong><\/h2>\n<p>Este acuerdo brillante\u00a0<strong>Nos seduce tanto por su voluptuosidad como por su prestancia.<\/strong>\u00a0De hecho, este perfume femenino ilustra a la perfecci\u00f3n el car\u00e1cter encantador e irresistible de la mujer. Es\u00a0<strong>una combinaci\u00f3n de aromas sensuales, casi carnales, sobre un fondo ardiente e igualmente goloso<\/strong>\u00a0que nos seduce al instante. As\u00ed, desde el primer encuentro con estas gotitas de encanto y bienestar, es un flechazo indiscutible.<\/p>\n<h2><strong>Un seductor flechazo por este elegante maridaje.<\/strong><\/h2>\n<p>Efectivamente, si, como nosotros, aprecia la calidad y la originalidad de la casa Alhambra, con Bright Peach sin duda no se equivocar\u00e1. Esta suave y delicada combinaci\u00f3n comienza con\u00a0<strong>Un acorde de haba tonka e iris, que sacude maravillosamente nuestras emociones.<\/strong>. A continuaci\u00f3n, el aceite de\u2019<strong>La almendra amarga le da un toque sabroso.\u00a0<\/strong><\/p>\n<p>Que nos transporta con delicadeza a un ambiente c\u00e1lido y gourmet sin igual. Por \u00faltimo, son<strong>\u00a0Notas de cuero y salvia esclarea.<\/strong>\u00a0que perdurar\u00e1n para garantizar un toque sensual. Esta combinaci\u00f3n despertar\u00e1 plenamente tus sentidos. Y sin duda te deslumbrar\u00e1 con su sutil descaro. Descubre sin m\u00e1s demora esta sublime fragancia.<\/p>\n<h3><strong>Con bright Peach, tambi\u00e9n te gustar\u00e1<\/strong><\/h3>\n<p>Si busca otras fragancias decididamente femeninas, seleccionadas con todo nuestro cuidado y experiencia, sin duda apreciar\u00e1 la excelencia de\u00a0<strong><a href=\"https:\/\/www.parfumerie-arabe.com\/es\/product\/agua-de-perfume-lovely-cherie\/\">Lovely, cari\u00f1o<\/a>. Un perfume que tambi\u00e9n luce una presencia incomparable.<\/strong>\u00a0Por supuesto, le esperan otras fragancias igualmente exquisitas en nuestra categor\u00eda dedicada espec\u00edficamente a la Maison Alhambra.<\/p>","protected":false},"excerpt":{"rendered":"<p><strong>Notas olfativas:<\/strong><\/p>\n<p><strong>Notas de salida<\/strong> : Resina de haba tonka, iris,<br \/>\n<strong>Notas de coraz\u00f3n<\/strong>\u00a0: Aceite de almendra amarga<br \/>\n<strong>Notas de fondo<\/strong> : Acuerdo de cuero, salvia esclarea<\/p>\n<p><strong>G\u00e9nero<\/strong> : Femenino<\/p>\n<p>&nbsp;<\/p>","protected":false},"featured_media":464,"template":"","meta":[],"product_brand":[],"product_cat":[158],"product_tag":[],"class_list":{"0":"post-434","1":"product","2":"type-product","3":"status-publish","4":"has-post-thumbnail","6":"product_cat-rupture-de-stock","8":"first","9":"outofstock","10":"taxable","11":"shipping-taxable","12":"purchasable","13":"product-type-simple"},"yoast_head":"<!-- This site is optimized with the Yoast SEO plugin v27.5 - https:\/\/yoast.com\/product\/yoast-seo-wordpress\/ -->\n<title>Bright peach | Eau de parfum 80ml | Maison Alhambra<\/title>\n<meta name=\"description\" content=\"Effectivement, si, comme nous, vous appr\u00e9ciez la qualit\u00e9 et l&#039;originalit\u00e9 de la maison Alhambra, avec Bright Peach assur\u00e9ment vous n&#039;y manquerez pas.\" \/>\n<meta name=\"robots\" content=\"index, follow, max-snippet:-1, max-image-preview:large, max-video-preview:-1\" \/>\n<link rel=\"canonical\" href=\"https:\/\/www.parfumerie-arabe.com\/es\/product\/agua-de-perfume-bright-peach\/\" \/>\n<meta property=\"og:locale\" content=\"es_ES\" \/>\n<meta property=\"og:type\" content=\"article\" \/>\n<meta property=\"og:title\" content=\"Bright peach | Eau de parfum 80ml | Maison Alhambra\" \/>\n<meta property=\"og:description\" content=\"Effectivement, si, comme nous, vous appr\u00e9ciez la qualit\u00e9 et l&#039;originalit\u00e9 de la maison Alhambra, avec Bright Peach assur\u00e9ment vous n&#039;y manquerez pas.\" \/>\n<meta property=\"og:url\" content=\"https:\/\/www.parfumerie-arabe.com\/es\/product\/agua-de-perfume-bright-peach\/\" \/>\n<meta property=\"og:site_name\" content=\"Parfumerie Arabe\" \/>\n<meta property=\"article:modified_time\" content=\"2025-09-09T12:22:23+00:00\" \/>\n<meta property=\"og:image\" content=\"https:\/\/www.parfumerie-arabe.com\/wp-content\/uploads\/2022\/08\/Bright-Peach-80ml-Maison-Alhambra.jpg\" \/>\n\t<meta property=\"og:image:width\" content=\"600\" \/>\n\t<meta property=\"og:image:height\" content=\"600\" \/>\n\t<meta property=\"og:image:type\" content=\"image\/jpeg\" \/>\n<meta name=\"twitter:card\" content=\"summary_large_image\" \/>\n<meta name=\"twitter:label1\" content=\"Tiempo de lectura\" \/>\n\t<meta name=\"twitter:data1\" content=\"2 minutos\" \/>\n<script type=\"application\/ld+json\" class=\"yoast-schema-graph\">{\"@context\":\"https:\\\/\\\/schema.org\",\"@graph\":[{\"@type\":\"WebPage\",\"@id\":\"https:\\\/\\\/www.parfumerie-arabe.com\\\/produit\\\/eau-de-parfum-bright-peach\\\/\",\"url\":\"https:\\\/\\\/www.parfumerie-arabe.com\\\/produit\\\/eau-de-parfum-bright-peach\\\/\",\"name\":\"Bright peach | Eau de parfum 80ml | Maison Alhambra\",\"isPartOf\":{\"@id\":\"https:\\\/\\\/www.parfumerie-arabe.com\\\/#website\"},\"primaryImageOfPage\":{\"@id\":\"https:\\\/\\\/www.parfumerie-arabe.com\\\/produit\\\/eau-de-parfum-bright-peach\\\/#primaryimage\"},\"image\":{\"@id\":\"https:\\\/\\\/www.parfumerie-arabe.com\\\/produit\\\/eau-de-parfum-bright-peach\\\/#primaryimage\"},\"thumbnailUrl\":\"https:\\\/\\\/www.parfumerie-arabe.com\\\/wp-content\\\/uploads\\\/2022\\\/08\\\/Bright-Peach-80ml-Maison-Alhambra.jpg\",\"datePublished\":\"2022-08-20T17:16:08+00:00\",\"dateModified\":\"2025-09-09T12:22:23+00:00\",\"description\":\"Effectivement, si, comme nous, vous appr\u00e9ciez la qualit\u00e9 et l'originalit\u00e9 de la maison Alhambra, avec Bright Peach assur\u00e9ment vous n'y manquerez pas.\",\"breadcrumb\":{\"@id\":\"https:\\\/\\\/www.parfumerie-arabe.com\\\/produit\\\/eau-de-parfum-bright-peach\\\/#breadcrumb\"},\"inLanguage\":\"es\",\"potentialAction\":[{\"@type\":\"ReadAction\",\"target\":[\"https:\\\/\\\/www.parfumerie-arabe.com\\\/produit\\\/eau-de-parfum-bright-peach\\\/\"]}]},{\"@type\":\"ImageObject\",\"inLanguage\":\"es\",\"@id\":\"https:\\\/\\\/www.parfumerie-arabe.com\\\/produit\\\/eau-de-parfum-bright-peach\\\/#primaryimage\",\"url\":\"https:\\\/\\\/www.parfumerie-arabe.com\\\/wp-content\\\/uploads\\\/2022\\\/08\\\/Bright-Peach-80ml-Maison-Alhambra.jpg\",\"contentUrl\":\"https:\\\/\\\/www.parfumerie-arabe.com\\\/wp-content\\\/uploads\\\/2022\\\/08\\\/Bright-Peach-80ml-Maison-Alhambra.jpg\",\"width\":600,\"height\":600,\"caption\":\"Bright peach\"},{\"@type\":\"BreadcrumbList\",\"@id\":\"https:\\\/\\\/www.parfumerie-arabe.com\\\/produit\\\/eau-de-parfum-bright-peach\\\/#breadcrumb\",\"itemListElement\":[{\"@type\":\"ListItem\",\"position\":1,\"name\":\"Accueil\",\"item\":\"https:\\\/\\\/www.parfumerie-arabe.com\\\/\"},{\"@type\":\"ListItem\",\"position\":2,\"name\":\"Boutique\",\"item\":\"https:\\\/\\\/www.parfumerie-arabe.com\\\/boutique\\\/\"},{\"@type\":\"ListItem\",\"position\":3,\"name\":\"Eau de parfum Bright peach 80ml &#8211; Maison Alhambra\"}]},{\"@type\":\"WebSite\",\"@id\":\"https:\\\/\\\/www.parfumerie-arabe.com\\\/#website\",\"url\":\"https:\\\/\\\/www.parfumerie-arabe.com\\\/\",\"name\":\"Parfumerie Arabe\",\"description\":\"\",\"publisher\":{\"@id\":\"https:\\\/\\\/www.parfumerie-arabe.com\\\/#organization\"},\"potentialAction\":[{\"@type\":\"SearchAction\",\"target\":{\"@type\":\"EntryPoint\",\"urlTemplate\":\"https:\\\/\\\/www.parfumerie-arabe.com\\\/?s={search_term_string}\"},\"query-input\":{\"@type\":\"PropertyValueSpecification\",\"valueRequired\":true,\"valueName\":\"search_term_string\"}}],\"inLanguage\":\"es\"},{\"@type\":\"Organization\",\"@id\":\"https:\\\/\\\/www.parfumerie-arabe.com\\\/#organization\",\"name\":\"Parfumerie arabe\",\"url\":\"https:\\\/\\\/www.parfumerie-arabe.com\\\/\",\"logo\":{\"@type\":\"ImageObject\",\"inLanguage\":\"es\",\"@id\":\"https:\\\/\\\/www.parfumerie-arabe.com\\\/#\\\/schema\\\/logo\\\/image\\\/\",\"url\":\"https:\\\/\\\/www.parfumerie-arabe.com\\\/wp-content\\\/uploads\\\/2022\\\/08\\\/logo-parfumerie-arabe.png\",\"contentUrl\":\"https:\\\/\\\/www.parfumerie-arabe.com\\\/wp-content\\\/uploads\\\/2022\\\/08\\\/logo-parfumerie-arabe.png\",\"width\":600,\"height\":171,\"caption\":\"Parfumerie arabe\"},\"image\":{\"@id\":\"https:\\\/\\\/www.parfumerie-arabe.com\\\/#\\\/schema\\\/logo\\\/image\\\/\"}}]}<\/script>\n<!-- \/ Yoast SEO plugin. -->","yoast_head_json":{"title":"Bright peach | Eau de parfum 80 ml | Maison Alhambra","description":"Si, como nosotros, aprecia la calidad y la originalidad de la casa Alhambra, con Bright Peach sin duda acertar\u00e1.","robots":{"index":"index","follow":"follow","max-snippet":"max-snippet:-1","max-image-preview":"max-image-preview:large","max-video-preview":"max-video-preview:-1"},"canonical":"https:\/\/www.parfumerie-arabe.com\/es\/product\/agua-de-perfume-bright-peach\/","og_locale":"es_ES","og_type":"article","og_title":"Bright peach | Eau de parfum 80ml | Maison Alhambra","og_description":"Effectivement, si, comme nous, vous appr\u00e9ciez la qualit\u00e9 et l'originalit\u00e9 de la maison Alhambra, avec Bright Peach assur\u00e9ment vous n'y manquerez pas.","og_url":"https:\/\/www.parfumerie-arabe.com\/es\/product\/agua-de-perfume-bright-peach\/","og_site_name":"Parfumerie Arabe","article_modified_time":"2025-09-09T12:22:23+00:00","og_image":[{"width":600,"height":600,"url":"https:\/\/www.parfumerie-arabe.com\/wp-content\/uploads\/2022\/08\/Bright-Peach-80ml-Maison-Alhambra.jpg","type":"image\/jpeg"}],"twitter_card":"summary_large_image","twitter_misc":{"Tiempo de lectura":"2 minutos"},"schema":{"@context":"https:\/\/schema.org","@graph":[{"@type":"WebPage","@id":"https:\/\/www.parfumerie-arabe.com\/produit\/eau-de-parfum-bright-peach\/","url":"https:\/\/www.parfumerie-arabe.com\/produit\/eau-de-parfum-bright-peach\/","name":"Bright peach | Eau de parfum 80 ml | Maison Alhambra","isPartOf":{"@id":"https:\/\/www.parfumerie-arabe.com\/#website"},"primaryImageOfPage":{"@id":"https:\/\/www.parfumerie-arabe.com\/produit\/eau-de-parfum-bright-peach\/#primaryimage"},"image":{"@id":"https:\/\/www.parfumerie-arabe.com\/produit\/eau-de-parfum-bright-peach\/#primaryimage"},"thumbnailUrl":"https:\/\/www.parfumerie-arabe.com\/wp-content\/uploads\/2022\/08\/Bright-Peach-80ml-Maison-Alhambra.jpg","datePublished":"2022-08-20T17:16:08+00:00","dateModified":"2025-09-09T12:22:23+00:00","description":"Si, como nosotros, aprecia la calidad y la originalidad de la casa Alhambra, con Bright Peach sin duda acertar\u00e1.","breadcrumb":{"@id":"https:\/\/www.parfumerie-arabe.com\/produit\/eau-de-parfum-bright-peach\/#breadcrumb"},"inLanguage":"es","potentialAction":[{"@type":"ReadAction","target":["https:\/\/www.parfumerie-arabe.com\/produit\/eau-de-parfum-bright-peach\/"]}]},{"@type":"ImageObject","inLanguage":"es","@id":"https:\/\/www.parfumerie-arabe.com\/produit\/eau-de-parfum-bright-peach\/#primaryimage","url":"https:\/\/www.parfumerie-arabe.com\/wp-content\/uploads\/2022\/08\/Bright-Peach-80ml-Maison-Alhambra.jpg","contentUrl":"https:\/\/www.parfumerie-arabe.com\/wp-content\/uploads\/2022\/08\/Bright-Peach-80ml-Maison-Alhambra.jpg","width":600,"height":600,"caption":"Bright peach"},{"@type":"BreadcrumbList","@id":"https:\/\/www.parfumerie-arabe.com\/produit\/eau-de-parfum-bright-peach\/#breadcrumb","itemListElement":[{"@type":"ListItem","position":1,"name":"Accueil","item":"https:\/\/www.parfumerie-arabe.com\/"},{"@type":"ListItem","position":2,"name":"Boutique","item":"https:\/\/www.parfumerie-arabe.com\/boutique\/"},{"@type":"ListItem","position":3,"name":"Eau de parfum Bright peach 80ml &#8211; Maison Alhambra"}]},{"@type":"WebSite","@id":"https:\/\/www.parfumerie-arabe.com\/#website","url":"https:\/\/www.parfumerie-arabe.com\/","name":"Perfumer\u00eda \u00e1rabe","description":"","publisher":{"@id":"https:\/\/www.parfumerie-arabe.com\/#organization"},"potentialAction":[{"@type":"SearchAction","target":{"@type":"EntryPoint","urlTemplate":"https:\/\/www.parfumerie-arabe.com\/?s={search_term_string}"},"query-input":{"@type":"PropertyValueSpecification","valueRequired":true,"valueName":"search_term_string"}}],"inLanguage":"es"},{"@type":"Organization","@id":"https:\/\/www.parfumerie-arabe.com\/#organization","name":"Perfumer\u00eda \u00e1rabe","url":"https:\/\/www.parfumerie-arabe.com\/","logo":{"@type":"ImageObject","inLanguage":"es","@id":"https:\/\/www.parfumerie-arabe.com\/#\/schema\/logo\/image\/","url":"https:\/\/www.parfumerie-arabe.com\/wp-content\/uploads\/2022\/08\/logo-parfumerie-arabe.png","contentUrl":"https:\/\/www.parfumerie-arabe.com\/wp-content\/uploads\/2022\/08\/logo-parfumerie-arabe.png","width":600,"height":171,"caption":"Parfumerie arabe"},"image":{"@id":"https:\/\/www.parfumerie-arabe.com\/#\/schema\/logo\/image\/"}}]}},"_links":{"self":[{"href":"https:\/\/www.parfumerie-arabe.com\/es\/wp-json\/wp\/v2\/product\/434","targetHints":{"allow":["GET"]}}],"collection":[{"href":"https:\/\/www.parfumerie-arabe.com\/es\/wp-json\/wp\/v2\/product"}],"about":[{"href":"https:\/\/www.parfumerie-arabe.com\/es\/wp-json\/wp\/v2\/types\/product"}],"wp:featuredmedia":[{"embeddable":true,"href":"https:\/\/www.parfumerie-arabe.com\/es\/wp-json\/wp\/v2\/media\/464"}],"wp:attachment":[{"href":"https:\/\/www.parfumerie-arabe.com\/es\/wp-json\/wp\/v2\/media?parent=434"}],"wp:term":[{"taxonomy":"product_brand","embeddable":true,"href":"https:\/\/www.parfumerie-arabe.com\/es\/wp-json\/wp\/v2\/product_brand?post=434"},{"taxonomy":"product_cat","embeddable":true,"href":"https:\/\/www.parfumerie-arabe.com\/es\/wp-json\/wp\/v2\/product_cat?post=434"},{"taxonomy":"product_tag","embeddable":true,"href":"https:\/\/www.parfumerie-arabe.com\/es\/wp-json\/wp\/v2\/product_tag?post=434"}],"curies":[{"name":"wp","href":"https:\/\/api.w.org\/{rel}","templated":true}]}}