{"id":449,"date":"2022-08-20T17:16:09","date_gmt":"2022-08-20T17:16:09","guid":{"rendered":"https:\/\/www.parfumerie-arabe.com\/?post_type=product&#038;p=449"},"modified":"2025-11-17T20:00:40","modified_gmt":"2025-11-17T20:00:40","slug":"bakhour-al-khanjar","status":"publish","type":"product","link":"https:\/\/www.parfumerie-arabe.com\/es\/produit\/bakhour-al-khanjar\/","title":{"rendered":"Bakhour Al Khanjar 50 g \u2013 Banafa For Oud"},"content":{"rendered":"<p>El bakhour, para quienes no lo sepan, es un incienso procedente de Oriente Medio. Sin embargo, en los pa\u00edses occidentales, cada vez se utiliza m\u00e1s. Este <strong>perfume para el hogar <\/strong>Ilumine sus d\u00edas creando un ambiente de tranquilidad y serenidad en su hogar. Descubramos juntos lo imprescindible. <strong>bakhour Al Khanjar<\/strong>.<\/p>\n<h2><strong>Bakhour Al Khanjar, \u00a1un incienso oriental que se exporta bastante bien!<\/strong><\/h2>\n<p>Banafa For Oud le invita a descubrir uno de sus productos estrella, el bakhour Al Khanjar. D\u00e9jese seducir en primer lugar por su extraordinario envase con los colores de Oriente. En \u00e9l aparece un cuchillo t\u00edpicamente oriental, el \u00abAl khanjar\u00bb.<\/p>\n<p>Este maravilloso perfume para el hogar proviene directamente de Arabia Saud\u00ed. Adem\u00e1s, re\u00fane tantas cualidades, empezando por su aroma, que le seducir\u00e1 y le har\u00e1 amar el bakhour.<\/p>\n<h2><strong>Definici\u00f3n de bakhour<\/strong><\/h2>\n<p>En realidad, se trata de\u2019<strong>incienso oriental <\/strong>compuesto por varios trozos peque\u00f1os de madera. Pida uno. <strong>incensario redondo negro<\/strong>, necesario para consumir el incienso. Estos est\u00e1n impregnados de diferentes perfumes, <a href=\"https:\/\/www.parfumerie-arabe.com\/es\/coleccion\/aceite-de-oud-aceite-perfumado\/\"><strong>aceites<\/strong><\/a> y <strong>almizcles<\/strong>. \u00a1Regale a su olfato una experiencia olfativa extraordinaria!<\/p>\n<p>El bakhour Al Khanjar es m\u00e1s bien una fragancia floral y amaderada. El mundo de la perfumer\u00eda no se limita \u00fanicamente a la\u2019<strong>agua de perfume<\/strong>. Mon Parfum Duba\u00ef se complace en poder hacerle descubrir los aromas agradables en sus m\u00faltiples facetas.<\/p>\n<p>Viaja por las diferentes grandes ciudades saud\u00edes desde tu sof\u00e1. Pasa de una ciudad a otra atravesando el suntuoso e inmenso desierto. El s\u00e1ndalo, el incienso y el oud presentes en este producto arom\u00e1tico lo convierten en un potente perfume para el hogar. En la composici\u00f3n de este incienso tambi\u00e9n se encuentra el \u00e1mbar, conocido por su aroma misterioso y animal.<\/p>\n<h3><strong>Una gota de dulzura con el bakhour Al Khanjar<\/strong><\/h3>\n<p>D\u00e9jese seducir tambi\u00e9n por la delicadeza y la suavidad de la rosa, que suaviza este <strong>perfume oriental<\/strong>. Este perfume ha sido concebido con el objetivo de despertar tus sentidos.<\/p>","protected":false},"excerpt":{"rendered":"<p><strong>Notas olfativas:<\/strong><\/p>\n<p>Compuesto por s\u00e1ndalo, incienso, oud, almizcle, \u00e1mbar y rosa.<\/p>","protected":false},"featured_media":480,"template":"","meta":[],"product_brand":[],"product_cat":[35,38],"product_tag":[],"class_list":{"0":"post-449","1":"product","2":"type-product","3":"status-publish","4":"has-post-thumbnail","6":"product_cat-bakhour","7":"product_cat-banafa-for-oud","9":"first","10":"outofstock","11":"taxable","12":"shipping-taxable","13":"purchasable","14":"product-type-simple"},"yoast_head":"<!-- This site is optimized with the Yoast SEO plugin v27.4 - https:\/\/yoast.com\/product\/yoast-seo-wordpress\/ -->\n<title>Bakhour Al Khanjar I Parfum d&#039;int\u00e9rieur Made in Duba\u00ef<\/title>\n<meta name=\"description\" content=\"Ce parfum d&#039;int\u00e9rieur \u00e9blouit vos journ\u00e9es en installant dans vos foyers une ambiance de tranquillit\u00e9. D\u00e9couvrons ensemble le bakhour Al Khanjar.\" \/>\n<meta name=\"robots\" content=\"index, follow, max-snippet:-1, max-image-preview:large, max-video-preview:-1\" \/>\n<link rel=\"canonical\" href=\"https:\/\/www.parfumerie-arabe.com\/es\/product\/bakhour-al-khanjar\/\" \/>\n<meta property=\"og:locale\" content=\"es_ES\" \/>\n<meta property=\"og:type\" content=\"article\" \/>\n<meta property=\"og:title\" content=\"Bakhour Al Khanjar I Parfum d&#039;int\u00e9rieur Made in Duba\u00ef\" \/>\n<meta property=\"og:description\" content=\"Ce parfum d&#039;int\u00e9rieur \u00e9blouit vos journ\u00e9es en installant dans vos foyers une ambiance de tranquillit\u00e9. D\u00e9couvrons ensemble le bakhour Al Khanjar.\" \/>\n<meta property=\"og:url\" content=\"https:\/\/www.parfumerie-arabe.com\/es\/product\/bakhour-al-khanjar\/\" \/>\n<meta property=\"og:site_name\" content=\"Parfumerie Arabe\" \/>\n<meta property=\"article:modified_time\" content=\"2025-11-17T20:00:40+00:00\" \/>\n<meta property=\"og:image\" content=\"https:\/\/www.parfumerie-arabe.com\/wp-content\/uploads\/2022\/08\/bakhour-al-khanjar.jpeg\" \/>\n\t<meta property=\"og:image:width\" content=\"600\" \/>\n\t<meta property=\"og:image:height\" content=\"600\" \/>\n\t<meta property=\"og:image:type\" content=\"image\/jpeg\" \/>\n<meta name=\"twitter:card\" content=\"summary_large_image\" \/>\n<meta name=\"twitter:label1\" content=\"Tiempo de lectura\" \/>\n\t<meta name=\"twitter:data1\" content=\"2 minutos\" \/>\n<script type=\"application\/ld+json\" class=\"yoast-schema-graph\">{\"@context\":\"https:\\\/\\\/schema.org\",\"@graph\":[{\"@type\":\"WebPage\",\"@id\":\"https:\\\/\\\/www.parfumerie-arabe.com\\\/produit\\\/bakhour-al-khanjar\\\/\",\"url\":\"https:\\\/\\\/www.parfumerie-arabe.com\\\/produit\\\/bakhour-al-khanjar\\\/\",\"name\":\"Bakhour Al Khanjar I Parfum d'int\u00e9rieur Made in Duba\u00ef\",\"isPartOf\":{\"@id\":\"https:\\\/\\\/www.parfumerie-arabe.com\\\/#website\"},\"primaryImageOfPage\":{\"@id\":\"https:\\\/\\\/www.parfumerie-arabe.com\\\/produit\\\/bakhour-al-khanjar\\\/#primaryimage\"},\"image\":{\"@id\":\"https:\\\/\\\/www.parfumerie-arabe.com\\\/produit\\\/bakhour-al-khanjar\\\/#primaryimage\"},\"thumbnailUrl\":\"https:\\\/\\\/www.parfumerie-arabe.com\\\/wp-content\\\/uploads\\\/2022\\\/08\\\/bakhour-al-khanjar.jpeg\",\"datePublished\":\"2022-08-20T17:16:09+00:00\",\"dateModified\":\"2025-11-17T20:00:40+00:00\",\"description\":\"Ce parfum d'int\u00e9rieur \u00e9blouit vos journ\u00e9es en installant dans vos foyers une ambiance de tranquillit\u00e9. D\u00e9couvrons ensemble le bakhour Al Khanjar.\",\"breadcrumb\":{\"@id\":\"https:\\\/\\\/www.parfumerie-arabe.com\\\/produit\\\/bakhour-al-khanjar\\\/#breadcrumb\"},\"inLanguage\":\"es\",\"potentialAction\":[{\"@type\":\"ReadAction\",\"target\":[\"https:\\\/\\\/www.parfumerie-arabe.com\\\/produit\\\/bakhour-al-khanjar\\\/\"]}]},{\"@type\":\"ImageObject\",\"inLanguage\":\"es\",\"@id\":\"https:\\\/\\\/www.parfumerie-arabe.com\\\/produit\\\/bakhour-al-khanjar\\\/#primaryimage\",\"url\":\"https:\\\/\\\/www.parfumerie-arabe.com\\\/wp-content\\\/uploads\\\/2022\\\/08\\\/bakhour-al-khanjar.jpeg\",\"contentUrl\":\"https:\\\/\\\/www.parfumerie-arabe.com\\\/wp-content\\\/uploads\\\/2022\\\/08\\\/bakhour-al-khanjar.jpeg\",\"width\":600,\"height\":600,\"caption\":\"Bakhour Al Khanjar\"},{\"@type\":\"BreadcrumbList\",\"@id\":\"https:\\\/\\\/www.parfumerie-arabe.com\\\/produit\\\/bakhour-al-khanjar\\\/#breadcrumb\",\"itemListElement\":[{\"@type\":\"ListItem\",\"position\":1,\"name\":\"Accueil\",\"item\":\"https:\\\/\\\/www.parfumerie-arabe.com\\\/\"},{\"@type\":\"ListItem\",\"position\":2,\"name\":\"Boutique\",\"item\":\"https:\\\/\\\/www.parfumerie-arabe.com\\\/boutique\\\/\"},{\"@type\":\"ListItem\",\"position\":3,\"name\":\"Bakhour Al Khanjar 50g \u2013 Banafa For Oud\"}]},{\"@type\":\"WebSite\",\"@id\":\"https:\\\/\\\/www.parfumerie-arabe.com\\\/#website\",\"url\":\"https:\\\/\\\/www.parfumerie-arabe.com\\\/\",\"name\":\"Parfumerie Arabe\",\"description\":\"\",\"publisher\":{\"@id\":\"https:\\\/\\\/www.parfumerie-arabe.com\\\/#organization\"},\"potentialAction\":[{\"@type\":\"SearchAction\",\"target\":{\"@type\":\"EntryPoint\",\"urlTemplate\":\"https:\\\/\\\/www.parfumerie-arabe.com\\\/?s={search_term_string}\"},\"query-input\":{\"@type\":\"PropertyValueSpecification\",\"valueRequired\":true,\"valueName\":\"search_term_string\"}}],\"inLanguage\":\"es\"},{\"@type\":\"Organization\",\"@id\":\"https:\\\/\\\/www.parfumerie-arabe.com\\\/#organization\",\"name\":\"Parfumerie arabe\",\"url\":\"https:\\\/\\\/www.parfumerie-arabe.com\\\/\",\"logo\":{\"@type\":\"ImageObject\",\"inLanguage\":\"es\",\"@id\":\"https:\\\/\\\/www.parfumerie-arabe.com\\\/#\\\/schema\\\/logo\\\/image\\\/\",\"url\":\"https:\\\/\\\/www.parfumerie-arabe.com\\\/wp-content\\\/uploads\\\/2022\\\/08\\\/logo-parfumerie-arabe.png\",\"contentUrl\":\"https:\\\/\\\/www.parfumerie-arabe.com\\\/wp-content\\\/uploads\\\/2022\\\/08\\\/logo-parfumerie-arabe.png\",\"width\":600,\"height\":171,\"caption\":\"Parfumerie arabe\"},\"image\":{\"@id\":\"https:\\\/\\\/www.parfumerie-arabe.com\\\/#\\\/schema\\\/logo\\\/image\\\/\"}}]}<\/script>\n<!-- \/ Yoast SEO plugin. -->","yoast_head_json":{"title":"Bakhour Al Khanjar I Perfume para el hogar Fabricado en Dub\u00e1i","description":"Este perfume para el hogar ilumina tus d\u00edas creando un ambiente de tranquilidad en tu hogar. Descubramos juntos el bakhour Al Khanjar.","robots":{"index":"index","follow":"follow","max-snippet":"max-snippet:-1","max-image-preview":"max-image-preview:large","max-video-preview":"max-video-preview:-1"},"canonical":"https:\/\/www.parfumerie-arabe.com\/es\/product\/bakhour-al-khanjar\/","og_locale":"es_ES","og_type":"article","og_title":"Bakhour Al Khanjar I Parfum d'int\u00e9rieur Made in Duba\u00ef","og_description":"Ce parfum d'int\u00e9rieur \u00e9blouit vos journ\u00e9es en installant dans vos foyers une ambiance de tranquillit\u00e9. D\u00e9couvrons ensemble le bakhour Al Khanjar.","og_url":"https:\/\/www.parfumerie-arabe.com\/es\/product\/bakhour-al-khanjar\/","og_site_name":"Parfumerie Arabe","article_modified_time":"2025-11-17T20:00:40+00:00","og_image":[{"width":600,"height":600,"url":"https:\/\/www.parfumerie-arabe.com\/wp-content\/uploads\/2022\/08\/bakhour-al-khanjar.jpeg","type":"image\/jpeg"}],"twitter_card":"summary_large_image","twitter_misc":{"Tiempo de lectura":"2 minutos"},"schema":{"@context":"https:\/\/schema.org","@graph":[{"@type":"WebPage","@id":"https:\/\/www.parfumerie-arabe.com\/produit\/bakhour-al-khanjar\/","url":"https:\/\/www.parfumerie-arabe.com\/produit\/bakhour-al-khanjar\/","name":"Bakhour Al Khanjar I Perfume para el hogar Fabricado en Dub\u00e1i","isPartOf":{"@id":"https:\/\/www.parfumerie-arabe.com\/#website"},"primaryImageOfPage":{"@id":"https:\/\/www.parfumerie-arabe.com\/produit\/bakhour-al-khanjar\/#primaryimage"},"image":{"@id":"https:\/\/www.parfumerie-arabe.com\/produit\/bakhour-al-khanjar\/#primaryimage"},"thumbnailUrl":"https:\/\/www.parfumerie-arabe.com\/wp-content\/uploads\/2022\/08\/bakhour-al-khanjar.jpeg","datePublished":"2022-08-20T17:16:09+00:00","dateModified":"2025-11-17T20:00:40+00:00","description":"Este perfume para el hogar ilumina tus d\u00edas creando un ambiente de tranquilidad en tu hogar. Descubramos juntos el bakhour Al Khanjar.","breadcrumb":{"@id":"https:\/\/www.parfumerie-arabe.com\/produit\/bakhour-al-khanjar\/#breadcrumb"},"inLanguage":"es","potentialAction":[{"@type":"ReadAction","target":["https:\/\/www.parfumerie-arabe.com\/produit\/bakhour-al-khanjar\/"]}]},{"@type":"ImageObject","inLanguage":"es","@id":"https:\/\/www.parfumerie-arabe.com\/produit\/bakhour-al-khanjar\/#primaryimage","url":"https:\/\/www.parfumerie-arabe.com\/wp-content\/uploads\/2022\/08\/bakhour-al-khanjar.jpeg","contentUrl":"https:\/\/www.parfumerie-arabe.com\/wp-content\/uploads\/2022\/08\/bakhour-al-khanjar.jpeg","width":600,"height":600,"caption":"Bakhour Al Khanjar"},{"@type":"BreadcrumbList","@id":"https:\/\/www.parfumerie-arabe.com\/produit\/bakhour-al-khanjar\/#breadcrumb","itemListElement":[{"@type":"ListItem","position":1,"name":"Accueil","item":"https:\/\/www.parfumerie-arabe.com\/"},{"@type":"ListItem","position":2,"name":"Boutique","item":"https:\/\/www.parfumerie-arabe.com\/boutique\/"},{"@type":"ListItem","position":3,"name":"Bakhour Al Khanjar 50g \u2013 Banafa For Oud"}]},{"@type":"WebSite","@id":"https:\/\/www.parfumerie-arabe.com\/#website","url":"https:\/\/www.parfumerie-arabe.com\/","name":"Perfumer\u00eda \u00e1rabe","description":"","publisher":{"@id":"https:\/\/www.parfumerie-arabe.com\/#organization"},"potentialAction":[{"@type":"SearchAction","target":{"@type":"EntryPoint","urlTemplate":"https:\/\/www.parfumerie-arabe.com\/?s={search_term_string}"},"query-input":{"@type":"PropertyValueSpecification","valueRequired":true,"valueName":"search_term_string"}}],"inLanguage":"es"},{"@type":"Organization","@id":"https:\/\/www.parfumerie-arabe.com\/#organization","name":"Perfumer\u00eda \u00e1rabe","url":"https:\/\/www.parfumerie-arabe.com\/","logo":{"@type":"ImageObject","inLanguage":"es","@id":"https:\/\/www.parfumerie-arabe.com\/#\/schema\/logo\/image\/","url":"https:\/\/www.parfumerie-arabe.com\/wp-content\/uploads\/2022\/08\/logo-parfumerie-arabe.png","contentUrl":"https:\/\/www.parfumerie-arabe.com\/wp-content\/uploads\/2022\/08\/logo-parfumerie-arabe.png","width":600,"height":171,"caption":"Parfumerie arabe"},"image":{"@id":"https:\/\/www.parfumerie-arabe.com\/#\/schema\/logo\/image\/"}}]}},"_links":{"self":[{"href":"https:\/\/www.parfumerie-arabe.com\/es\/wp-json\/wp\/v2\/product\/449","targetHints":{"allow":["GET"]}}],"collection":[{"href":"https:\/\/www.parfumerie-arabe.com\/es\/wp-json\/wp\/v2\/product"}],"about":[{"href":"https:\/\/www.parfumerie-arabe.com\/es\/wp-json\/wp\/v2\/types\/product"}],"wp:featuredmedia":[{"embeddable":true,"href":"https:\/\/www.parfumerie-arabe.com\/es\/wp-json\/wp\/v2\/media\/480"}],"wp:attachment":[{"href":"https:\/\/www.parfumerie-arabe.com\/es\/wp-json\/wp\/v2\/media?parent=449"}],"wp:term":[{"taxonomy":"product_brand","embeddable":true,"href":"https:\/\/www.parfumerie-arabe.com\/es\/wp-json\/wp\/v2\/product_brand?post=449"},{"taxonomy":"product_cat","embeddable":true,"href":"https:\/\/www.parfumerie-arabe.com\/es\/wp-json\/wp\/v2\/product_cat?post=449"},{"taxonomy":"product_tag","embeddable":true,"href":"https:\/\/www.parfumerie-arabe.com\/es\/wp-json\/wp\/v2\/product_tag?post=449"}],"curies":[{"name":"wp","href":"https:\/\/api.w.org\/{rel}","templated":true}]}}