{"id":594,"date":"2022-10-02T20:22:47","date_gmt":"2022-10-02T20:22:47","guid":{"rendered":"https:\/\/www.parfumerie-arabe.com\/?post_type=product&#038;p=594"},"modified":"2025-09-09T12:22:39","modified_gmt":"2025-09-09T12:22:39","slug":"delilah-para-mujer-100-ml-maison-alhambra","status":"publish","type":"product","link":"https:\/\/www.parfumerie-arabe.com\/es\/produit\/delilah-pour-femme-100ml-maison-alhambra\/","title":{"rendered":"Delilah para mujer 100 ml \u2013 Maison Alhambra"},"content":{"rendered":"<p>Delilah para mujer de Maison Alhambra ser\u00e1 tu\u00a0<strong>atractivo<\/strong>. De hecho, sus ligeras notas florales y frutales, combinadas con vainilla y aromas orientales, realzar\u00e1n tu feminidad. Porque es una fragancia creada para embellecerte y hacerte sentir especial. D\u00e9jate llevar por una escapada perfumada.<\/p>\n<h2><strong>Delilah para mujer de Maison Alhambra: un c\u00f3ctel goloso, fresco y sensual.<\/strong><\/h2>\n<p>Si est\u00e1s buscando un perfume que te realce, no busques m\u00e1s, \u00a1Delilah te har\u00e1 feliz! De hecho, es una combinaci\u00f3n que estimular\u00e1 tu\u00a0<strong>imaginario<\/strong>, pero sobre todo el de los afortunados que lo perciban. Porque es el adorno ideal para usted.\u00a0<strong>embellecer con mil luces<\/strong>. Las notas<strong>\u00a0frescas y chispeantes<\/strong>\u00a0La bergamota y el lichi se combinan sensualmente con la vainilla y las\u00a0<strong>notas orientales<\/strong>\u00a0representada por el almizcle. Y a\u00f1\u00e1dele un delicado abrigo con estampado floral en\u00a0<strong>rosa\u00a0<\/strong>y la\u00a0<strong>peon\u00eda<\/strong>\u00a0que te envolver\u00e1.<\/p>\n<h2><strong>Delilah para mujer de Maison Alhambra: un frasco distinguido<\/strong><\/h2>\n<p>\u00a1Esta peque\u00f1a botella est\u00e1 hecha para ti! Te encantar\u00e1 su color rosa, que recuerda al\u00a0<strong>dulzura<\/strong>\u00a0que te caracteriza, sino tambi\u00e9n la flor que realzar\u00e1 esta fragancia. Y eso sin contar con su bonito pomp\u00f3n, que le da un toque adicional a esta\u00a0<strong>elegancia femenina<\/strong>. Porque, tenedlo en cuenta, cualquiera que vea este frasco sabr\u00e1 que en su interior se esconde un n\u00e9ctar extraordinario. Adem\u00e1s, el de\u00a0<a href=\"https:\/\/www.parfumerie-arabe.com\/es\/product\/eau-de-parfum-teef-al-hub-100-ml-ard-al-zaafaran\/\"><strong>Teef Al Hub<\/strong><\/a>\u00a0Le seducir\u00e1 con sus formas redondeadas, un homenaje a la sensualidad.<\/p>\n<h3><strong>Combine una agradable bruma perfumada con su fragancia.<\/strong><\/h3>\n<p>No hay nada mejor para intensificar el efecto olfativo. De hecho, la\u00a0<strong>niebla<\/strong>\u00a0dejar\u00e1 una ligera huella que se combinar\u00e1 con las notas de tu perfume favorito. As\u00ed,\u00a0<a href=\"https:\/\/www.musc-tahara-intime.com\/\" target=\"_blank\" rel=\"noopener\"><strong>Musk Tahara<\/strong><\/a>\u00a0contrastar\u00e1 con las notas frescas y golosas de Delilah. Pero, sobre todo, tendr\u00e1 el placer de aumentar la estela de la rosa, el almizcle y la vainilla.<\/p>","protected":false},"excerpt":{"rendered":"<p><strong>Notas olfativas:<\/strong><\/p>\n<p><strong>Notas de salida<\/strong> : Ruibarbo, lichi, esencia de bergamota.<br \/>\n<strong>Notas de coraz\u00f3n <\/strong>: Rosa, peon\u00eda, vainilla<br \/>\n<strong>Notas de fondo<\/strong> : Cashmeran, almizcle, vetiver<\/p>\n<p><strong>G\u00e9nero<\/strong> : Femenino.<\/p>","protected":false},"featured_media":607,"template":"","meta":[],"product_brand":[],"product_cat":[46,19],"product_tag":[],"class_list":{"0":"post-594","1":"product","2":"type-product","3":"status-publish","4":"has-post-thumbnail","6":"product_cat-maison-alhambra","7":"product_cat-parfum-oud-femme","9":"first","10":"outofstock","11":"taxable","12":"shipping-taxable","13":"purchasable","14":"product-type-simple"},"yoast_head":"<!-- This site is optimized with the Yoast SEO plugin v27.4 - https:\/\/yoast.com\/product\/yoast-seo-wordpress\/ -->\n<title>Delilah I Parfum oriental pour femme I Maison Alhambra<\/title>\n<meta name=\"description\" content=\"Delilah pour femme de Maison Alhambra va \u00eatre votre\u00a0atout s\u00e9duction. Ici d\u00e9couvrez-le en quelques clics sans plus attendre !\" \/>\n<meta name=\"robots\" content=\"index, follow, max-snippet:-1, max-image-preview:large, max-video-preview:-1\" \/>\n<link rel=\"canonical\" href=\"https:\/\/www.parfumerie-arabe.com\/es\/product\/delilah-para-mujer-100-ml-maison-alhambra\/\" \/>\n<meta property=\"og:locale\" content=\"es_ES\" \/>\n<meta property=\"og:type\" content=\"article\" \/>\n<meta property=\"og:title\" content=\"Delilah I Parfum oriental pour femme I Maison Alhambra\" \/>\n<meta property=\"og:description\" content=\"Delilah pour femme de Maison Alhambra va \u00eatre votre\u00a0atout s\u00e9duction. Ici d\u00e9couvrez-le en quelques clics sans plus attendre !\" \/>\n<meta property=\"og:url\" content=\"https:\/\/www.parfumerie-arabe.com\/es\/product\/delilah-para-mujer-100-ml-maison-alhambra\/\" \/>\n<meta property=\"og:site_name\" content=\"Parfumerie Arabe\" \/>\n<meta property=\"article:modified_time\" content=\"2025-09-09T12:22:39+00:00\" \/>\n<meta property=\"og:image\" content=\"https:\/\/www.parfumerie-arabe.com\/wp-content\/uploads\/2022\/10\/delilah-pour-femme-maison-alhambra.jpg\" \/>\n\t<meta property=\"og:image:width\" content=\"600\" \/>\n\t<meta property=\"og:image:height\" content=\"600\" \/>\n\t<meta property=\"og:image:type\" content=\"image\/jpeg\" \/>\n<meta name=\"twitter:card\" content=\"summary_large_image\" \/>\n<meta name=\"twitter:label1\" content=\"Tiempo de lectura\" \/>\n\t<meta name=\"twitter:data1\" content=\"2 minutos\" \/>\n<script type=\"application\/ld+json\" class=\"yoast-schema-graph\">{\"@context\":\"https:\\\/\\\/schema.org\",\"@graph\":[{\"@type\":\"WebPage\",\"@id\":\"https:\\\/\\\/www.parfumerie-arabe.com\\\/produit\\\/delilah-pour-femme-100ml-maison-alhambra\\\/\",\"url\":\"https:\\\/\\\/www.parfumerie-arabe.com\\\/produit\\\/delilah-pour-femme-100ml-maison-alhambra\\\/\",\"name\":\"Delilah I Parfum oriental pour femme I Maison Alhambra\",\"isPartOf\":{\"@id\":\"https:\\\/\\\/www.parfumerie-arabe.com\\\/#website\"},\"primaryImageOfPage\":{\"@id\":\"https:\\\/\\\/www.parfumerie-arabe.com\\\/produit\\\/delilah-pour-femme-100ml-maison-alhambra\\\/#primaryimage\"},\"image\":{\"@id\":\"https:\\\/\\\/www.parfumerie-arabe.com\\\/produit\\\/delilah-pour-femme-100ml-maison-alhambra\\\/#primaryimage\"},\"thumbnailUrl\":\"https:\\\/\\\/www.parfumerie-arabe.com\\\/wp-content\\\/uploads\\\/2022\\\/10\\\/delilah-pour-femme-maison-alhambra.jpg\",\"datePublished\":\"2022-10-02T20:22:47+00:00\",\"dateModified\":\"2025-09-09T12:22:39+00:00\",\"description\":\"Delilah pour femme de Maison Alhambra va \u00eatre votre\u00a0atout s\u00e9duction. Ici d\u00e9couvrez-le en quelques clics sans plus attendre !\",\"breadcrumb\":{\"@id\":\"https:\\\/\\\/www.parfumerie-arabe.com\\\/produit\\\/delilah-pour-femme-100ml-maison-alhambra\\\/#breadcrumb\"},\"inLanguage\":\"es\",\"potentialAction\":[{\"@type\":\"ReadAction\",\"target\":[\"https:\\\/\\\/www.parfumerie-arabe.com\\\/produit\\\/delilah-pour-femme-100ml-maison-alhambra\\\/\"]}]},{\"@type\":\"ImageObject\",\"inLanguage\":\"es\",\"@id\":\"https:\\\/\\\/www.parfumerie-arabe.com\\\/produit\\\/delilah-pour-femme-100ml-maison-alhambra\\\/#primaryimage\",\"url\":\"https:\\\/\\\/www.parfumerie-arabe.com\\\/wp-content\\\/uploads\\\/2022\\\/10\\\/delilah-pour-femme-maison-alhambra.jpg\",\"contentUrl\":\"https:\\\/\\\/www.parfumerie-arabe.com\\\/wp-content\\\/uploads\\\/2022\\\/10\\\/delilah-pour-femme-maison-alhambra.jpg\",\"width\":600,\"height\":600,\"caption\":\"Delilah pour femme 100ml - Maison Alhambra\"},{\"@type\":\"BreadcrumbList\",\"@id\":\"https:\\\/\\\/www.parfumerie-arabe.com\\\/produit\\\/delilah-pour-femme-100ml-maison-alhambra\\\/#breadcrumb\",\"itemListElement\":[{\"@type\":\"ListItem\",\"position\":1,\"name\":\"Accueil\",\"item\":\"https:\\\/\\\/www.parfumerie-arabe.com\\\/\"},{\"@type\":\"ListItem\",\"position\":2,\"name\":\"Boutique\",\"item\":\"https:\\\/\\\/www.parfumerie-arabe.com\\\/boutique\\\/\"},{\"@type\":\"ListItem\",\"position\":3,\"name\":\"Delilah pour femme 100ml &#8211; Maison Alhambra\"}]},{\"@type\":\"WebSite\",\"@id\":\"https:\\\/\\\/www.parfumerie-arabe.com\\\/#website\",\"url\":\"https:\\\/\\\/www.parfumerie-arabe.com\\\/\",\"name\":\"Parfumerie Arabe\",\"description\":\"\",\"publisher\":{\"@id\":\"https:\\\/\\\/www.parfumerie-arabe.com\\\/#organization\"},\"potentialAction\":[{\"@type\":\"SearchAction\",\"target\":{\"@type\":\"EntryPoint\",\"urlTemplate\":\"https:\\\/\\\/www.parfumerie-arabe.com\\\/?s={search_term_string}\"},\"query-input\":{\"@type\":\"PropertyValueSpecification\",\"valueRequired\":true,\"valueName\":\"search_term_string\"}}],\"inLanguage\":\"es\"},{\"@type\":\"Organization\",\"@id\":\"https:\\\/\\\/www.parfumerie-arabe.com\\\/#organization\",\"name\":\"Parfumerie arabe\",\"url\":\"https:\\\/\\\/www.parfumerie-arabe.com\\\/\",\"logo\":{\"@type\":\"ImageObject\",\"inLanguage\":\"es\",\"@id\":\"https:\\\/\\\/www.parfumerie-arabe.com\\\/#\\\/schema\\\/logo\\\/image\\\/\",\"url\":\"https:\\\/\\\/www.parfumerie-arabe.com\\\/wp-content\\\/uploads\\\/2022\\\/08\\\/logo-parfumerie-arabe.png\",\"contentUrl\":\"https:\\\/\\\/www.parfumerie-arabe.com\\\/wp-content\\\/uploads\\\/2022\\\/08\\\/logo-parfumerie-arabe.png\",\"width\":600,\"height\":171,\"caption\":\"Parfumerie arabe\"},\"image\":{\"@id\":\"https:\\\/\\\/www.parfumerie-arabe.com\\\/#\\\/schema\\\/logo\\\/image\\\/\"}}]}<\/script>\n<!-- \/ Yoast SEO plugin. -->","yoast_head_json":{"title":"Delilah I Perfume oriental para mujer I Maison Alhambra","description":"Delilah para mujer de Maison Alhambra ser\u00e1 tu arma secreta para seducir. \u00a1Desc\u00fabrelo aqu\u00ed en unos pocos clics sin esperar m\u00e1s!","robots":{"index":"index","follow":"follow","max-snippet":"max-snippet:-1","max-image-preview":"max-image-preview:large","max-video-preview":"max-video-preview:-1"},"canonical":"https:\/\/www.parfumerie-arabe.com\/es\/product\/delilah-para-mujer-100-ml-maison-alhambra\/","og_locale":"es_ES","og_type":"article","og_title":"Delilah I Parfum oriental pour femme I Maison Alhambra","og_description":"Delilah pour femme de Maison Alhambra va \u00eatre votre\u00a0atout s\u00e9duction. Ici d\u00e9couvrez-le en quelques clics sans plus attendre !","og_url":"https:\/\/www.parfumerie-arabe.com\/es\/product\/delilah-para-mujer-100-ml-maison-alhambra\/","og_site_name":"Parfumerie Arabe","article_modified_time":"2025-09-09T12:22:39+00:00","og_image":[{"width":600,"height":600,"url":"https:\/\/www.parfumerie-arabe.com\/wp-content\/uploads\/2022\/10\/delilah-pour-femme-maison-alhambra.jpg","type":"image\/jpeg"}],"twitter_card":"summary_large_image","twitter_misc":{"Tiempo de lectura":"2 minutos"},"schema":{"@context":"https:\/\/schema.org","@graph":[{"@type":"WebPage","@id":"https:\/\/www.parfumerie-arabe.com\/produit\/delilah-pour-femme-100ml-maison-alhambra\/","url":"https:\/\/www.parfumerie-arabe.com\/produit\/delilah-pour-femme-100ml-maison-alhambra\/","name":"Delilah I Perfume oriental para mujer I Maison Alhambra","isPartOf":{"@id":"https:\/\/www.parfumerie-arabe.com\/#website"},"primaryImageOfPage":{"@id":"https:\/\/www.parfumerie-arabe.com\/produit\/delilah-pour-femme-100ml-maison-alhambra\/#primaryimage"},"image":{"@id":"https:\/\/www.parfumerie-arabe.com\/produit\/delilah-pour-femme-100ml-maison-alhambra\/#primaryimage"},"thumbnailUrl":"https:\/\/www.parfumerie-arabe.com\/wp-content\/uploads\/2022\/10\/delilah-pour-femme-maison-alhambra.jpg","datePublished":"2022-10-02T20:22:47+00:00","dateModified":"2025-09-09T12:22:39+00:00","description":"Delilah para mujer de Maison Alhambra ser\u00e1 tu arma secreta para seducir. \u00a1Desc\u00fabrelo aqu\u00ed en unos pocos clics sin esperar m\u00e1s!","breadcrumb":{"@id":"https:\/\/www.parfumerie-arabe.com\/produit\/delilah-pour-femme-100ml-maison-alhambra\/#breadcrumb"},"inLanguage":"es","potentialAction":[{"@type":"ReadAction","target":["https:\/\/www.parfumerie-arabe.com\/produit\/delilah-pour-femme-100ml-maison-alhambra\/"]}]},{"@type":"ImageObject","inLanguage":"es","@id":"https:\/\/www.parfumerie-arabe.com\/produit\/delilah-pour-femme-100ml-maison-alhambra\/#primaryimage","url":"https:\/\/www.parfumerie-arabe.com\/wp-content\/uploads\/2022\/10\/delilah-pour-femme-maison-alhambra.jpg","contentUrl":"https:\/\/www.parfumerie-arabe.com\/wp-content\/uploads\/2022\/10\/delilah-pour-femme-maison-alhambra.jpg","width":600,"height":600,"caption":"Delilah pour femme 100ml - Maison Alhambra"},{"@type":"BreadcrumbList","@id":"https:\/\/www.parfumerie-arabe.com\/produit\/delilah-pour-femme-100ml-maison-alhambra\/#breadcrumb","itemListElement":[{"@type":"ListItem","position":1,"name":"Accueil","item":"https:\/\/www.parfumerie-arabe.com\/"},{"@type":"ListItem","position":2,"name":"Boutique","item":"https:\/\/www.parfumerie-arabe.com\/boutique\/"},{"@type":"ListItem","position":3,"name":"Delilah pour femme 100ml &#8211; Maison Alhambra"}]},{"@type":"WebSite","@id":"https:\/\/www.parfumerie-arabe.com\/#website","url":"https:\/\/www.parfumerie-arabe.com\/","name":"Perfumer\u00eda \u00e1rabe","description":"","publisher":{"@id":"https:\/\/www.parfumerie-arabe.com\/#organization"},"potentialAction":[{"@type":"SearchAction","target":{"@type":"EntryPoint","urlTemplate":"https:\/\/www.parfumerie-arabe.com\/?s={search_term_string}"},"query-input":{"@type":"PropertyValueSpecification","valueRequired":true,"valueName":"search_term_string"}}],"inLanguage":"es"},{"@type":"Organization","@id":"https:\/\/www.parfumerie-arabe.com\/#organization","name":"Perfumer\u00eda \u00e1rabe","url":"https:\/\/www.parfumerie-arabe.com\/","logo":{"@type":"ImageObject","inLanguage":"es","@id":"https:\/\/www.parfumerie-arabe.com\/#\/schema\/logo\/image\/","url":"https:\/\/www.parfumerie-arabe.com\/wp-content\/uploads\/2022\/08\/logo-parfumerie-arabe.png","contentUrl":"https:\/\/www.parfumerie-arabe.com\/wp-content\/uploads\/2022\/08\/logo-parfumerie-arabe.png","width":600,"height":171,"caption":"Parfumerie arabe"},"image":{"@id":"https:\/\/www.parfumerie-arabe.com\/#\/schema\/logo\/image\/"}}]}},"_links":{"self":[{"href":"https:\/\/www.parfumerie-arabe.com\/es\/wp-json\/wp\/v2\/product\/594","targetHints":{"allow":["GET"]}}],"collection":[{"href":"https:\/\/www.parfumerie-arabe.com\/es\/wp-json\/wp\/v2\/product"}],"about":[{"href":"https:\/\/www.parfumerie-arabe.com\/es\/wp-json\/wp\/v2\/types\/product"}],"wp:featuredmedia":[{"embeddable":true,"href":"https:\/\/www.parfumerie-arabe.com\/es\/wp-json\/wp\/v2\/media\/607"}],"wp:attachment":[{"href":"https:\/\/www.parfumerie-arabe.com\/es\/wp-json\/wp\/v2\/media?parent=594"}],"wp:term":[{"taxonomy":"product_brand","embeddable":true,"href":"https:\/\/www.parfumerie-arabe.com\/es\/wp-json\/wp\/v2\/product_brand?post=594"},{"taxonomy":"product_cat","embeddable":true,"href":"https:\/\/www.parfumerie-arabe.com\/es\/wp-json\/wp\/v2\/product_cat?post=594"},{"taxonomy":"product_tag","embeddable":true,"href":"https:\/\/www.parfumerie-arabe.com\/es\/wp-json\/wp\/v2\/product_tag?post=594"}],"curies":[{"name":"wp","href":"https:\/\/api.w.org\/{rel}","templated":true}]}}