{"id":597,"date":"2015-10-02T20:22:47","date_gmt":"2015-10-02T20:22:47","guid":{"rendered":"https:\/\/www.parfumerie-arabe.com\/?post_type=product&#038;p=597"},"modified":"2025-11-11T08:21:08","modified_gmt":"2025-11-11T08:21:08","slug":"ahlaam-100-ml-wasam-de-lattafa","status":"publish","type":"product","link":"https:\/\/www.parfumerie-arabe.com\/es\/produit\/ahlaam-100ml-wasam-de-lattafa\/","title":{"rendered":"Ahlaam 100 ml \u2013 Wasam de Lattafa"},"content":{"rendered":"<p><strong>Mi perfume Dub\u00e1i<\/strong>, es una\u00a0<strong>perfumer\u00eda online\u00a0<\/strong>que le permite descubrir aromas procedentes principalmente de Oriente Medio. Le ofrecemos la oportunidad de hacerse con productos originales. Exprese su identidad a trav\u00e9s de la\u2019<strong>Eau de parfum Ahlaam \u2013 Wasam.\u00a0<\/strong>Despu\u00e9s de probarlo, lamentar\u00e1 no haberlo conocido antes.<\/p>\n<h2><strong>El eau de parfum Ahlaam, una obra maestra firmada por Lattafa<\/strong><\/h2>\n<p>Este eau de parfum, procedente de Dub\u00e1i, tiene un lugar especial en tu armario. Antes de entrar en detalles sobre su composici\u00f3n, echemos un vistazo a su original envase. Contenido en un maravilloso frasco acompa\u00f1ado de una caja exterior, representa una\u00a0<strong>idea para regalo\u00a0<\/strong>ideal. Expresa tu cari\u00f1o por tus seres queridos regal\u00e1ndoles el eau de parfum Ahlaam.<\/p>\n<h2><strong>Una pir\u00e1mide olfativa digna de los grandes nombres<\/strong><\/h2>\n<p>En la composici\u00f3n de este\u00a0<strong>perfume oriental\u00a0<\/strong>irresistible variedad. Por otra parte, como es habitual,\u00a0<strong>Lattafa\u00a0<\/strong>ha combinado su creatividad y su saber hacer para ofrecer un producto excepcional.<\/p>\n<p>Las notas afrutadas y c\u00edtricas forman lo que se conoce como nota de salida. En la nota de coraz\u00f3n, encontramos notas amaderadas, mezcladas con canela, cedro o nuez moscada. Por \u00faltimo, la combinaci\u00f3n de\u00a0<strong>almizcle<\/strong>, vainilla y \u00e1mbar forman la nota de fondo.<\/p>\n<p>No espere m\u00e1s y pida este perfume seductor y atrevido, destinado tanto a mujeres como a hombres. Har\u00e1 subir la temperatura en las noches de invierno, ya que se trata de un\u00a0<strong>perfume c\u00e1lido<\/strong>. No dude en impregnar sus interiores con un aroma exquisito pidiendo el\u2019<a href=\"https:\/\/www.mon-parfum-dubai.com\/produit\/encens-de-la-mecque-bakhour-salwa-odour\/\"><strong>Incienso de La Meca Bakhour Salwa Aroma<\/strong><\/a>. Para utilizarlo, tambi\u00e9n deber\u00e1 adquirir un\u00a0<strong>incensario<\/strong>. \u00a1Este art\u00edculo tambi\u00e9n es un producto de decoraci\u00f3n interior que hay que elegir con mucho cuidado!<\/p>\n<h3><strong>Ahlaam: <\/strong><strong>Un perfume oriental a la altura de tus ambiciones<\/strong><\/h3>\n<p>El eau de parfum Ahlam de Lattafa est\u00e1 dirigido a todos aquellos que buscan un perfume de alta gama. Disfrute de su aroma durante largas horas gracias a su gran duraci\u00f3n. Este\u00a0<strong>EDP\u00a0<\/strong>\u00a1Esta energ\u00eda y este est\u00edmulo no dejar\u00e1n de animar tus d\u00edas!<\/p>","protected":false},"excerpt":{"rendered":"<p><strong>Notas olfativas:<\/strong><\/p>\n<p><strong>Notas de salida<\/strong> : Notas afrutadas, c\u00edtricas<br \/>\n<strong>Notas de coraz\u00f3n<\/strong> : Notas amaderadas, canela, nuez moscada, cedro.<br \/>\n<strong>Notas de fondo<\/strong> : Vainilla, \u00e1mbar y almizcle.<\/p>\n<p><strong>G\u00e9nero<\/strong> : Mixto.<\/p>","protected":false},"featured_media":610,"template":"","meta":[],"product_brand":[],"product_cat":[17,19],"product_tag":[],"class_list":{"0":"post-597","1":"product","2":"type-product","3":"status-publish","4":"has-post-thumbnail","6":"product_cat-lattafa","7":"product_cat-parfum-oud-femme","9":"first","10":"outofstock","11":"taxable","12":"shipping-taxable","13":"purchasable","14":"product-type-simple"},"yoast_head":"<!-- This site is optimized with the Yoast SEO plugin v27.5 - https:\/\/yoast.com\/product\/yoast-seo-wordpress\/ -->\n<title>Ahlaam 100ml - Wasam de Lattafa - Parfumerie Arabe<\/title>\n<meta name=\"robots\" content=\"index, follow, max-snippet:-1, max-image-preview:large, max-video-preview:-1\" \/>\n<link rel=\"canonical\" href=\"https:\/\/www.parfumerie-arabe.com\/es\/product\/ahlaam-100-ml-wasam-de-lattafa\/\" \/>\n<meta property=\"og:locale\" content=\"es_ES\" \/>\n<meta property=\"og:type\" content=\"article\" \/>\n<meta property=\"og:title\" content=\"Ahlaam 100ml - Wasam de Lattafa - Parfumerie Arabe\" \/>\n<meta property=\"og:description\" content=\"Notes olfactives :  Notes de t\u00eate : Notes Fruit\u00e9es, Agrumes Notes de c\u0153ur : Notes Bois\u00e9es, Cannelle, Muscade, C\u00e8dre Notes de fond : Vanille, Ambre et Musc  Genre : Mixte.\" \/>\n<meta property=\"og:url\" content=\"https:\/\/www.parfumerie-arabe.com\/es\/product\/ahlaam-100-ml-wasam-de-lattafa\/\" \/>\n<meta property=\"og:site_name\" content=\"Parfumerie Arabe\" \/>\n<meta property=\"article:modified_time\" content=\"2025-11-11T08:21:08+00:00\" \/>\n<meta property=\"og:image\" content=\"https:\/\/www.parfumerie-arabe.com\/wp-content\/uploads\/2022\/10\/ahlaam-wasam-de-lattafa.jpg\" \/>\n\t<meta property=\"og:image:width\" content=\"600\" \/>\n\t<meta property=\"og:image:height\" content=\"600\" \/>\n\t<meta property=\"og:image:type\" content=\"image\/jpeg\" \/>\n<meta name=\"twitter:card\" content=\"summary_large_image\" \/>\n<meta name=\"twitter:label1\" content=\"Tiempo de lectura\" \/>\n\t<meta name=\"twitter:data1\" content=\"2 minutos\" \/>\n<script type=\"application\/ld+json\" class=\"yoast-schema-graph\">{\"@context\":\"https:\\\/\\\/schema.org\",\"@graph\":[{\"@type\":\"WebPage\",\"@id\":\"https:\\\/\\\/www.parfumerie-arabe.com\\\/produit\\\/ahlaam-100ml-wasam-de-lattafa\\\/\",\"url\":\"https:\\\/\\\/www.parfumerie-arabe.com\\\/produit\\\/ahlaam-100ml-wasam-de-lattafa\\\/\",\"name\":\"Ahlaam 100ml - Wasam de Lattafa - Parfumerie Arabe\",\"isPartOf\":{\"@id\":\"https:\\\/\\\/www.parfumerie-arabe.com\\\/#website\"},\"primaryImageOfPage\":{\"@id\":\"https:\\\/\\\/www.parfumerie-arabe.com\\\/produit\\\/ahlaam-100ml-wasam-de-lattafa\\\/#primaryimage\"},\"image\":{\"@id\":\"https:\\\/\\\/www.parfumerie-arabe.com\\\/produit\\\/ahlaam-100ml-wasam-de-lattafa\\\/#primaryimage\"},\"thumbnailUrl\":\"https:\\\/\\\/www.parfumerie-arabe.com\\\/wp-content\\\/uploads\\\/2022\\\/10\\\/ahlaam-wasam-de-lattafa.jpg\",\"datePublished\":\"2015-10-02T20:22:47+00:00\",\"dateModified\":\"2025-11-11T08:21:08+00:00\",\"breadcrumb\":{\"@id\":\"https:\\\/\\\/www.parfumerie-arabe.com\\\/produit\\\/ahlaam-100ml-wasam-de-lattafa\\\/#breadcrumb\"},\"inLanguage\":\"es\",\"potentialAction\":[{\"@type\":\"ReadAction\",\"target\":[\"https:\\\/\\\/www.parfumerie-arabe.com\\\/produit\\\/ahlaam-100ml-wasam-de-lattafa\\\/\"]}]},{\"@type\":\"ImageObject\",\"inLanguage\":\"es\",\"@id\":\"https:\\\/\\\/www.parfumerie-arabe.com\\\/produit\\\/ahlaam-100ml-wasam-de-lattafa\\\/#primaryimage\",\"url\":\"https:\\\/\\\/www.parfumerie-arabe.com\\\/wp-content\\\/uploads\\\/2022\\\/10\\\/ahlaam-wasam-de-lattafa.jpg\",\"contentUrl\":\"https:\\\/\\\/www.parfumerie-arabe.com\\\/wp-content\\\/uploads\\\/2022\\\/10\\\/ahlaam-wasam-de-lattafa.jpg\",\"width\":600,\"height\":600},{\"@type\":\"BreadcrumbList\",\"@id\":\"https:\\\/\\\/www.parfumerie-arabe.com\\\/produit\\\/ahlaam-100ml-wasam-de-lattafa\\\/#breadcrumb\",\"itemListElement\":[{\"@type\":\"ListItem\",\"position\":1,\"name\":\"Accueil\",\"item\":\"https:\\\/\\\/www.parfumerie-arabe.com\\\/\"},{\"@type\":\"ListItem\",\"position\":2,\"name\":\"Boutique\",\"item\":\"https:\\\/\\\/www.parfumerie-arabe.com\\\/boutique\\\/\"},{\"@type\":\"ListItem\",\"position\":3,\"name\":\"Ahlaam 100ml &#8211; Wasam de Lattafa\"}]},{\"@type\":\"WebSite\",\"@id\":\"https:\\\/\\\/www.parfumerie-arabe.com\\\/#website\",\"url\":\"https:\\\/\\\/www.parfumerie-arabe.com\\\/\",\"name\":\"Parfumerie Arabe\",\"description\":\"\",\"publisher\":{\"@id\":\"https:\\\/\\\/www.parfumerie-arabe.com\\\/#organization\"},\"potentialAction\":[{\"@type\":\"SearchAction\",\"target\":{\"@type\":\"EntryPoint\",\"urlTemplate\":\"https:\\\/\\\/www.parfumerie-arabe.com\\\/?s={search_term_string}\"},\"query-input\":{\"@type\":\"PropertyValueSpecification\",\"valueRequired\":true,\"valueName\":\"search_term_string\"}}],\"inLanguage\":\"es\"},{\"@type\":\"Organization\",\"@id\":\"https:\\\/\\\/www.parfumerie-arabe.com\\\/#organization\",\"name\":\"Parfumerie arabe\",\"url\":\"https:\\\/\\\/www.parfumerie-arabe.com\\\/\",\"logo\":{\"@type\":\"ImageObject\",\"inLanguage\":\"es\",\"@id\":\"https:\\\/\\\/www.parfumerie-arabe.com\\\/#\\\/schema\\\/logo\\\/image\\\/\",\"url\":\"https:\\\/\\\/www.parfumerie-arabe.com\\\/wp-content\\\/uploads\\\/2022\\\/08\\\/logo-parfumerie-arabe.png\",\"contentUrl\":\"https:\\\/\\\/www.parfumerie-arabe.com\\\/wp-content\\\/uploads\\\/2022\\\/08\\\/logo-parfumerie-arabe.png\",\"width\":600,\"height\":171,\"caption\":\"Parfumerie arabe\"},\"image\":{\"@id\":\"https:\\\/\\\/www.parfumerie-arabe.com\\\/#\\\/schema\\\/logo\\\/image\\\/\"}}]}<\/script>\n<!-- \/ Yoast SEO plugin. -->","yoast_head_json":{"title":"Ahlaam 100 ml - Wasam de Lattafa - Perfumer\u00eda \u00e1rabe","robots":{"index":"index","follow":"follow","max-snippet":"max-snippet:-1","max-image-preview":"max-image-preview:large","max-video-preview":"max-video-preview:-1"},"canonical":"https:\/\/www.parfumerie-arabe.com\/es\/product\/ahlaam-100-ml-wasam-de-lattafa\/","og_locale":"es_ES","og_type":"article","og_title":"Ahlaam 100ml - Wasam de Lattafa - Parfumerie Arabe","og_description":"Notes olfactives :  Notes de t\u00eate : Notes Fruit\u00e9es, Agrumes Notes de c\u0153ur : Notes Bois\u00e9es, Cannelle, Muscade, C\u00e8dre Notes de fond : Vanille, Ambre et Musc  Genre : Mixte.","og_url":"https:\/\/www.parfumerie-arabe.com\/es\/product\/ahlaam-100-ml-wasam-de-lattafa\/","og_site_name":"Parfumerie Arabe","article_modified_time":"2025-11-11T08:21:08+00:00","og_image":[{"width":600,"height":600,"url":"https:\/\/www.parfumerie-arabe.com\/wp-content\/uploads\/2022\/10\/ahlaam-wasam-de-lattafa.jpg","type":"image\/jpeg"}],"twitter_card":"summary_large_image","twitter_misc":{"Tiempo de lectura":"2 minutos"},"schema":{"@context":"https:\/\/schema.org","@graph":[{"@type":"WebPage","@id":"https:\/\/www.parfumerie-arabe.com\/produit\/ahlaam-100ml-wasam-de-lattafa\/","url":"https:\/\/www.parfumerie-arabe.com\/produit\/ahlaam-100ml-wasam-de-lattafa\/","name":"Ahlaam 100 ml - Wasam de Lattafa - Perfumer\u00eda \u00e1rabe","isPartOf":{"@id":"https:\/\/www.parfumerie-arabe.com\/#website"},"primaryImageOfPage":{"@id":"https:\/\/www.parfumerie-arabe.com\/produit\/ahlaam-100ml-wasam-de-lattafa\/#primaryimage"},"image":{"@id":"https:\/\/www.parfumerie-arabe.com\/produit\/ahlaam-100ml-wasam-de-lattafa\/#primaryimage"},"thumbnailUrl":"https:\/\/www.parfumerie-arabe.com\/wp-content\/uploads\/2022\/10\/ahlaam-wasam-de-lattafa.jpg","datePublished":"2015-10-02T20:22:47+00:00","dateModified":"2025-11-11T08:21:08+00:00","breadcrumb":{"@id":"https:\/\/www.parfumerie-arabe.com\/produit\/ahlaam-100ml-wasam-de-lattafa\/#breadcrumb"},"inLanguage":"es","potentialAction":[{"@type":"ReadAction","target":["https:\/\/www.parfumerie-arabe.com\/produit\/ahlaam-100ml-wasam-de-lattafa\/"]}]},{"@type":"ImageObject","inLanguage":"es","@id":"https:\/\/www.parfumerie-arabe.com\/produit\/ahlaam-100ml-wasam-de-lattafa\/#primaryimage","url":"https:\/\/www.parfumerie-arabe.com\/wp-content\/uploads\/2022\/10\/ahlaam-wasam-de-lattafa.jpg","contentUrl":"https:\/\/www.parfumerie-arabe.com\/wp-content\/uploads\/2022\/10\/ahlaam-wasam-de-lattafa.jpg","width":600,"height":600},{"@type":"BreadcrumbList","@id":"https:\/\/www.parfumerie-arabe.com\/produit\/ahlaam-100ml-wasam-de-lattafa\/#breadcrumb","itemListElement":[{"@type":"ListItem","position":1,"name":"Accueil","item":"https:\/\/www.parfumerie-arabe.com\/"},{"@type":"ListItem","position":2,"name":"Boutique","item":"https:\/\/www.parfumerie-arabe.com\/boutique\/"},{"@type":"ListItem","position":3,"name":"Ahlaam 100ml &#8211; Wasam de Lattafa"}]},{"@type":"WebSite","@id":"https:\/\/www.parfumerie-arabe.com\/#website","url":"https:\/\/www.parfumerie-arabe.com\/","name":"Perfumer\u00eda \u00e1rabe","description":"","publisher":{"@id":"https:\/\/www.parfumerie-arabe.com\/#organization"},"potentialAction":[{"@type":"SearchAction","target":{"@type":"EntryPoint","urlTemplate":"https:\/\/www.parfumerie-arabe.com\/?s={search_term_string}"},"query-input":{"@type":"PropertyValueSpecification","valueRequired":true,"valueName":"search_term_string"}}],"inLanguage":"es"},{"@type":"Organization","@id":"https:\/\/www.parfumerie-arabe.com\/#organization","name":"Perfumer\u00eda \u00e1rabe","url":"https:\/\/www.parfumerie-arabe.com\/","logo":{"@type":"ImageObject","inLanguage":"es","@id":"https:\/\/www.parfumerie-arabe.com\/#\/schema\/logo\/image\/","url":"https:\/\/www.parfumerie-arabe.com\/wp-content\/uploads\/2022\/08\/logo-parfumerie-arabe.png","contentUrl":"https:\/\/www.parfumerie-arabe.com\/wp-content\/uploads\/2022\/08\/logo-parfumerie-arabe.png","width":600,"height":171,"caption":"Parfumerie arabe"},"image":{"@id":"https:\/\/www.parfumerie-arabe.com\/#\/schema\/logo\/image\/"}}]}},"_links":{"self":[{"href":"https:\/\/www.parfumerie-arabe.com\/es\/wp-json\/wp\/v2\/product\/597","targetHints":{"allow":["GET"]}}],"collection":[{"href":"https:\/\/www.parfumerie-arabe.com\/es\/wp-json\/wp\/v2\/product"}],"about":[{"href":"https:\/\/www.parfumerie-arabe.com\/es\/wp-json\/wp\/v2\/types\/product"}],"wp:featuredmedia":[{"embeddable":true,"href":"https:\/\/www.parfumerie-arabe.com\/es\/wp-json\/wp\/v2\/media\/610"}],"wp:attachment":[{"href":"https:\/\/www.parfumerie-arabe.com\/es\/wp-json\/wp\/v2\/media?parent=597"}],"wp:term":[{"taxonomy":"product_brand","embeddable":true,"href":"https:\/\/www.parfumerie-arabe.com\/es\/wp-json\/wp\/v2\/product_brand?post=597"},{"taxonomy":"product_cat","embeddable":true,"href":"https:\/\/www.parfumerie-arabe.com\/es\/wp-json\/wp\/v2\/product_cat?post=597"},{"taxonomy":"product_tag","embeddable":true,"href":"https:\/\/www.parfumerie-arabe.com\/es\/wp-json\/wp\/v2\/product_tag?post=597"}],"curies":[{"name":"wp","href":"https:\/\/api.w.org\/{rel}","templated":true}]}}