{"id":598,"date":"2022-10-02T20:22:47","date_gmt":"2022-10-02T20:22:47","guid":{"rendered":"https:\/\/www.parfumerie-arabe.com\/?post_type=product&#038;p=598"},"modified":"2023-05-29T07:11:46","modified_gmt":"2023-05-29T07:11:46","slug":"yaa-roohi-100-ml-wasam-de-lattafa","status":"publish","type":"product","link":"https:\/\/www.parfumerie-arabe.com\/es\/produit\/yaa-roohi-100ml-wasam-de-lattafa\/","title":{"rendered":"Yaa Roohi 100 ml \u2013 Wasam de Lattafa"},"content":{"rendered":"<p>El\u2019<strong>Eau de parfum Yaa Roohi \u2013 Wasam\u00a0<\/strong>de\u00a0<strong>Lattafa\u00a0<\/strong>\u00bfNo te dice nada? Sin embargo, este\u00a0<strong>perfume oriental\u00a0<\/strong>pronto se entrometer\u00e1 en su\u00a0<strong>colecci\u00f3n privada<\/strong>. Es in\u00fatil resistirse a una fragancia tan exquisita. Descubra Oriente Medio a trav\u00e9s de nuestra amplia selecci\u00f3n de\u00a0<strong>perfumes de Dub\u00e1i\u00a0<\/strong>!<\/p>\n<h2><strong>El eau de parfum Yaa Roohi \u2013 Wasam, una fragancia que te representa.<\/strong><\/h2>\n<p>Si desea hacer un regalo a un ser querido, el eau de parfum Yaa Roohi \u2013 Wasam re\u00fane todas las cualidades necesarias. Adem\u00e1s de ser misterioso y original, se trata de un\u00a0<strong>perfume de alta gama<\/strong>. Adem\u00e1s, este elixir viene en una botella maravillosa, junto con una caja para mantener la sorpresa.<\/p>\n<p>\u00a1Seguro que a\u00fan no ha terminado de dar alegr\u00edas a quienes le rodean! Y para un regalo excepcional, le proponemos el famoso <a href=\"https:\/\/www.mon-parfum-dubai.com\/produit\/madawi-arabian-oud\/\"><strong>Madawi 90 ml \u2013 Arabian Oud<\/strong><\/a>. Se trata de un perfume de lujo que superar\u00e1 con creces sus expectativas.<\/p>\n<h2><strong>Yaa Roohi: Un perfume seductor y elegante<\/strong><\/h2>\n<p>Esta eau de parfum contiene notas energizantes. En primer lugar, encontramos notas amaderadas, ambarinas y minerales. Estas forman la nota de salida. El coraz\u00f3n de este perfume incluye cedro y jazm\u00edn. El azafr\u00e1n y las almendras amargas completan la composici\u00f3n de esta extraordinaria pir\u00e1mide olfativa. Si te gustan los perfumes atrevidos y seductores, \u00a1este es tu perfume!<\/p>\n<h3><strong>Mi perfume Duba\u00ef, una tienda que te habla<\/strong><\/h3>\n<p>Nuestro\u00a0<strong>tienda de perfumes online\u00a0<\/strong>ha hecho del perfume oriental una especialidad. T\u00f3mese su tiempo para consultar toda nuestra perfumer\u00eda. Nuestros diferentes art\u00edculos le envolver\u00e1n a usted y a su hogar con las fragancias m\u00e1s exquisitas.<\/p>\n<p>Nunca dejaremos de repetir que los buenos aromas tienen una influencia real en el estado de \u00e1nimo de cada uno. As\u00ed que, para disfrutar de la tranquilidad en el d\u00eda a d\u00eda, \u00a1vis\u00edtenos en mon-parfum-dubai.com! Nuestro\u00a0<strong>tienda online\u00a0<\/strong>se complace en poder hacer accesible\u00a0<strong>los mejores perfumes del mundo\u00a0<\/strong>al mejor precio.<\/p>","protected":false},"excerpt":{"rendered":"<p><strong>Notas olfativas:<\/strong><\/p>\n<p><strong>Notas de salida<\/strong> : \u00c1mbar, madera seca y minerales.<br \/>\n<strong>Notas de coraz\u00f3n<\/strong> : Cedro, jazm\u00edn<br \/>\n<strong>Notas de fondo<\/strong> : Azafr\u00e1n, almendras amargas<\/p>\n<p><strong>G\u00e9nero<\/strong> : Mixto.<\/p>","protected":false},"featured_media":611,"template":"","meta":[],"product_brand":[],"product_cat":[17,15,19],"product_tag":[],"class_list":{"0":"post-598","1":"product","2":"type-product","3":"status-publish","4":"has-post-thumbnail","6":"product_cat-lattafa","7":"product_cat-parfum-homme","8":"product_cat-parfum-oud-femme","10":"first","11":"outofstock","12":"taxable","13":"shipping-taxable","14":"purchasable","15":"product-type-simple"},"yoast_head":"<!-- This site is optimized with the Yoast SEO plugin v27.4 - https:\/\/yoast.com\/product\/yoast-seo-wordpress\/ -->\n<title>Yaa Roohi 100ml - Wasam de Lattafa - Parfumerie Arabe<\/title>\n<meta name=\"robots\" content=\"index, follow, max-snippet:-1, max-image-preview:large, max-video-preview:-1\" \/>\n<link rel=\"canonical\" href=\"https:\/\/www.parfumerie-arabe.com\/es\/product\/yaa-roohi-100-ml-wasam-de-lattafa\/\" \/>\n<meta property=\"og:locale\" content=\"es_ES\" \/>\n<meta property=\"og:type\" content=\"article\" \/>\n<meta property=\"og:title\" content=\"Yaa Roohi 100ml - Wasam de Lattafa - Parfumerie Arabe\" \/>\n<meta property=\"og:description\" content=\"Notes olfactives :  Notes de t\u00eate : Ambr\u00e9es, bois\u00e9es s\u00e8ches et min\u00e9rales Notes de c\u0153ur : C\u00e8dre, jasmin Notes de fond : Safran, amandes am\u00e8res  Genre : Mixte.\" \/>\n<meta property=\"og:url\" content=\"https:\/\/www.parfumerie-arabe.com\/es\/product\/yaa-roohi-100-ml-wasam-de-lattafa\/\" \/>\n<meta property=\"og:site_name\" content=\"Parfumerie Arabe\" \/>\n<meta property=\"article:modified_time\" content=\"2023-05-29T07:11:46+00:00\" \/>\n<meta property=\"og:image\" content=\"https:\/\/www.parfumerie-arabe.com\/wp-content\/uploads\/2022\/10\/yaa-rohi-wasam-de-lattafa.jpg\" \/>\n\t<meta property=\"og:image:width\" content=\"600\" \/>\n\t<meta property=\"og:image:height\" content=\"600\" \/>\n\t<meta property=\"og:image:type\" content=\"image\/jpeg\" \/>\n<meta name=\"twitter:card\" content=\"summary_large_image\" \/>\n<meta name=\"twitter:label1\" content=\"Tiempo de lectura\" \/>\n\t<meta name=\"twitter:data1\" content=\"2 minutos\" \/>\n<script type=\"application\/ld+json\" class=\"yoast-schema-graph\">{\"@context\":\"https:\\\/\\\/schema.org\",\"@graph\":[{\"@type\":\"WebPage\",\"@id\":\"https:\\\/\\\/www.parfumerie-arabe.com\\\/produit\\\/yaa-roohi-100ml-wasam-de-lattafa\\\/\",\"url\":\"https:\\\/\\\/www.parfumerie-arabe.com\\\/produit\\\/yaa-roohi-100ml-wasam-de-lattafa\\\/\",\"name\":\"Yaa Roohi 100ml - Wasam de Lattafa - Parfumerie Arabe\",\"isPartOf\":{\"@id\":\"https:\\\/\\\/www.parfumerie-arabe.com\\\/#website\"},\"primaryImageOfPage\":{\"@id\":\"https:\\\/\\\/www.parfumerie-arabe.com\\\/produit\\\/yaa-roohi-100ml-wasam-de-lattafa\\\/#primaryimage\"},\"image\":{\"@id\":\"https:\\\/\\\/www.parfumerie-arabe.com\\\/produit\\\/yaa-roohi-100ml-wasam-de-lattafa\\\/#primaryimage\"},\"thumbnailUrl\":\"https:\\\/\\\/www.parfumerie-arabe.com\\\/wp-content\\\/uploads\\\/2022\\\/10\\\/yaa-rohi-wasam-de-lattafa.jpg\",\"datePublished\":\"2022-10-02T20:22:47+00:00\",\"dateModified\":\"2023-05-29T07:11:46+00:00\",\"breadcrumb\":{\"@id\":\"https:\\\/\\\/www.parfumerie-arabe.com\\\/produit\\\/yaa-roohi-100ml-wasam-de-lattafa\\\/#breadcrumb\"},\"inLanguage\":\"es\",\"potentialAction\":[{\"@type\":\"ReadAction\",\"target\":[\"https:\\\/\\\/www.parfumerie-arabe.com\\\/produit\\\/yaa-roohi-100ml-wasam-de-lattafa\\\/\"]}]},{\"@type\":\"ImageObject\",\"inLanguage\":\"es\",\"@id\":\"https:\\\/\\\/www.parfumerie-arabe.com\\\/produit\\\/yaa-roohi-100ml-wasam-de-lattafa\\\/#primaryimage\",\"url\":\"https:\\\/\\\/www.parfumerie-arabe.com\\\/wp-content\\\/uploads\\\/2022\\\/10\\\/yaa-rohi-wasam-de-lattafa.jpg\",\"contentUrl\":\"https:\\\/\\\/www.parfumerie-arabe.com\\\/wp-content\\\/uploads\\\/2022\\\/10\\\/yaa-rohi-wasam-de-lattafa.jpg\",\"width\":600,\"height\":600},{\"@type\":\"BreadcrumbList\",\"@id\":\"https:\\\/\\\/www.parfumerie-arabe.com\\\/produit\\\/yaa-roohi-100ml-wasam-de-lattafa\\\/#breadcrumb\",\"itemListElement\":[{\"@type\":\"ListItem\",\"position\":1,\"name\":\"Accueil\",\"item\":\"https:\\\/\\\/www.parfumerie-arabe.com\\\/\"},{\"@type\":\"ListItem\",\"position\":2,\"name\":\"Boutique\",\"item\":\"https:\\\/\\\/www.parfumerie-arabe.com\\\/boutique\\\/\"},{\"@type\":\"ListItem\",\"position\":3,\"name\":\"Yaa Roohi 100ml &#8211; Wasam de Lattafa\"}]},{\"@type\":\"WebSite\",\"@id\":\"https:\\\/\\\/www.parfumerie-arabe.com\\\/#website\",\"url\":\"https:\\\/\\\/www.parfumerie-arabe.com\\\/\",\"name\":\"Parfumerie Arabe\",\"description\":\"\",\"publisher\":{\"@id\":\"https:\\\/\\\/www.parfumerie-arabe.com\\\/#organization\"},\"potentialAction\":[{\"@type\":\"SearchAction\",\"target\":{\"@type\":\"EntryPoint\",\"urlTemplate\":\"https:\\\/\\\/www.parfumerie-arabe.com\\\/?s={search_term_string}\"},\"query-input\":{\"@type\":\"PropertyValueSpecification\",\"valueRequired\":true,\"valueName\":\"search_term_string\"}}],\"inLanguage\":\"es\"},{\"@type\":\"Organization\",\"@id\":\"https:\\\/\\\/www.parfumerie-arabe.com\\\/#organization\",\"name\":\"Parfumerie arabe\",\"url\":\"https:\\\/\\\/www.parfumerie-arabe.com\\\/\",\"logo\":{\"@type\":\"ImageObject\",\"inLanguage\":\"es\",\"@id\":\"https:\\\/\\\/www.parfumerie-arabe.com\\\/#\\\/schema\\\/logo\\\/image\\\/\",\"url\":\"https:\\\/\\\/www.parfumerie-arabe.com\\\/wp-content\\\/uploads\\\/2022\\\/08\\\/logo-parfumerie-arabe.png\",\"contentUrl\":\"https:\\\/\\\/www.parfumerie-arabe.com\\\/wp-content\\\/uploads\\\/2022\\\/08\\\/logo-parfumerie-arabe.png\",\"width\":600,\"height\":171,\"caption\":\"Parfumerie arabe\"},\"image\":{\"@id\":\"https:\\\/\\\/www.parfumerie-arabe.com\\\/#\\\/schema\\\/logo\\\/image\\\/\"}}]}<\/script>\n<!-- \/ Yoast SEO plugin. -->","yoast_head_json":{"title":"Yaa Roohi 100 ml - Wasam de Lattafa - Perfumer\u00eda \u00e1rabe","robots":{"index":"index","follow":"follow","max-snippet":"max-snippet:-1","max-image-preview":"max-image-preview:large","max-video-preview":"max-video-preview:-1"},"canonical":"https:\/\/www.parfumerie-arabe.com\/es\/product\/yaa-roohi-100-ml-wasam-de-lattafa\/","og_locale":"es_ES","og_type":"article","og_title":"Yaa Roohi 100ml - Wasam de Lattafa - Parfumerie Arabe","og_description":"Notes olfactives :  Notes de t\u00eate : Ambr\u00e9es, bois\u00e9es s\u00e8ches et min\u00e9rales Notes de c\u0153ur : C\u00e8dre, jasmin Notes de fond : Safran, amandes am\u00e8res  Genre : Mixte.","og_url":"https:\/\/www.parfumerie-arabe.com\/es\/product\/yaa-roohi-100-ml-wasam-de-lattafa\/","og_site_name":"Parfumerie Arabe","article_modified_time":"2023-05-29T07:11:46+00:00","og_image":[{"width":600,"height":600,"url":"https:\/\/www.parfumerie-arabe.com\/wp-content\/uploads\/2022\/10\/yaa-rohi-wasam-de-lattafa.jpg","type":"image\/jpeg"}],"twitter_card":"summary_large_image","twitter_misc":{"Tiempo de lectura":"2 minutos"},"schema":{"@context":"https:\/\/schema.org","@graph":[{"@type":"WebPage","@id":"https:\/\/www.parfumerie-arabe.com\/produit\/yaa-roohi-100ml-wasam-de-lattafa\/","url":"https:\/\/www.parfumerie-arabe.com\/produit\/yaa-roohi-100ml-wasam-de-lattafa\/","name":"Yaa Roohi 100 ml - Wasam de Lattafa - Perfumer\u00eda \u00e1rabe","isPartOf":{"@id":"https:\/\/www.parfumerie-arabe.com\/#website"},"primaryImageOfPage":{"@id":"https:\/\/www.parfumerie-arabe.com\/produit\/yaa-roohi-100ml-wasam-de-lattafa\/#primaryimage"},"image":{"@id":"https:\/\/www.parfumerie-arabe.com\/produit\/yaa-roohi-100ml-wasam-de-lattafa\/#primaryimage"},"thumbnailUrl":"https:\/\/www.parfumerie-arabe.com\/wp-content\/uploads\/2022\/10\/yaa-rohi-wasam-de-lattafa.jpg","datePublished":"2022-10-02T20:22:47+00:00","dateModified":"2023-05-29T07:11:46+00:00","breadcrumb":{"@id":"https:\/\/www.parfumerie-arabe.com\/produit\/yaa-roohi-100ml-wasam-de-lattafa\/#breadcrumb"},"inLanguage":"es","potentialAction":[{"@type":"ReadAction","target":["https:\/\/www.parfumerie-arabe.com\/produit\/yaa-roohi-100ml-wasam-de-lattafa\/"]}]},{"@type":"ImageObject","inLanguage":"es","@id":"https:\/\/www.parfumerie-arabe.com\/produit\/yaa-roohi-100ml-wasam-de-lattafa\/#primaryimage","url":"https:\/\/www.parfumerie-arabe.com\/wp-content\/uploads\/2022\/10\/yaa-rohi-wasam-de-lattafa.jpg","contentUrl":"https:\/\/www.parfumerie-arabe.com\/wp-content\/uploads\/2022\/10\/yaa-rohi-wasam-de-lattafa.jpg","width":600,"height":600},{"@type":"BreadcrumbList","@id":"https:\/\/www.parfumerie-arabe.com\/produit\/yaa-roohi-100ml-wasam-de-lattafa\/#breadcrumb","itemListElement":[{"@type":"ListItem","position":1,"name":"Accueil","item":"https:\/\/www.parfumerie-arabe.com\/"},{"@type":"ListItem","position":2,"name":"Boutique","item":"https:\/\/www.parfumerie-arabe.com\/boutique\/"},{"@type":"ListItem","position":3,"name":"Yaa Roohi 100ml &#8211; Wasam de Lattafa"}]},{"@type":"WebSite","@id":"https:\/\/www.parfumerie-arabe.com\/#website","url":"https:\/\/www.parfumerie-arabe.com\/","name":"Perfumer\u00eda \u00e1rabe","description":"","publisher":{"@id":"https:\/\/www.parfumerie-arabe.com\/#organization"},"potentialAction":[{"@type":"SearchAction","target":{"@type":"EntryPoint","urlTemplate":"https:\/\/www.parfumerie-arabe.com\/?s={search_term_string}"},"query-input":{"@type":"PropertyValueSpecification","valueRequired":true,"valueName":"search_term_string"}}],"inLanguage":"es"},{"@type":"Organization","@id":"https:\/\/www.parfumerie-arabe.com\/#organization","name":"Perfumer\u00eda \u00e1rabe","url":"https:\/\/www.parfumerie-arabe.com\/","logo":{"@type":"ImageObject","inLanguage":"es","@id":"https:\/\/www.parfumerie-arabe.com\/#\/schema\/logo\/image\/","url":"https:\/\/www.parfumerie-arabe.com\/wp-content\/uploads\/2022\/08\/logo-parfumerie-arabe.png","contentUrl":"https:\/\/www.parfumerie-arabe.com\/wp-content\/uploads\/2022\/08\/logo-parfumerie-arabe.png","width":600,"height":171,"caption":"Parfumerie arabe"},"image":{"@id":"https:\/\/www.parfumerie-arabe.com\/#\/schema\/logo\/image\/"}}]}},"_links":{"self":[{"href":"https:\/\/www.parfumerie-arabe.com\/es\/wp-json\/wp\/v2\/product\/598","targetHints":{"allow":["GET"]}}],"collection":[{"href":"https:\/\/www.parfumerie-arabe.com\/es\/wp-json\/wp\/v2\/product"}],"about":[{"href":"https:\/\/www.parfumerie-arabe.com\/es\/wp-json\/wp\/v2\/types\/product"}],"wp:featuredmedia":[{"embeddable":true,"href":"https:\/\/www.parfumerie-arabe.com\/es\/wp-json\/wp\/v2\/media\/611"}],"wp:attachment":[{"href":"https:\/\/www.parfumerie-arabe.com\/es\/wp-json\/wp\/v2\/media?parent=598"}],"wp:term":[{"taxonomy":"product_brand","embeddable":true,"href":"https:\/\/www.parfumerie-arabe.com\/es\/wp-json\/wp\/v2\/product_brand?post=598"},{"taxonomy":"product_cat","embeddable":true,"href":"https:\/\/www.parfumerie-arabe.com\/es\/wp-json\/wp\/v2\/product_cat?post=598"},{"taxonomy":"product_tag","embeddable":true,"href":"https:\/\/www.parfumerie-arabe.com\/es\/wp-json\/wp\/v2\/product_tag?post=598"}],"curies":[{"name":"wp","href":"https:\/\/api.w.org\/{rel}","templated":true}]}}