{"id":77,"date":"2022-08-20T17:12:41","date_gmt":"2022-08-20T17:12:41","guid":{"rendered":"https:\/\/www.parfumerie-arabe.com\/?post_type=product&#038;p=77"},"modified":"2023-02-24T11:34:11","modified_gmt":"2023-02-24T11:34:11","slug":"eau-de-parfum-bint-hooran-100-ml-ard-al-zaafaran","status":"publish","type":"product","link":"https:\/\/www.parfumerie-arabe.com\/es\/produit\/eau-de-parfum-bint-hooran-100ml-ard-al-zaafaran\/","title":{"rendered":"Eau de parfum Bint Hooran 100 ml \u2013 Ard Al Zaafaran"},"content":{"rendered":"<p>Bint Hooran de Ard Al Zaafaran es un delicioso c\u00f3ctel que despertar\u00e1 en ti mil\u00a0<strong>emociones<\/strong>. De hecho, esta fragancia combina notas\u00a0<strong>picantes<\/strong> a los aromas\u00a0<strong>frescas y florales <\/strong>sobre una cama oriental\u00a0<strong>boscoso<\/strong>. Adem\u00e1s, en cuanto perciba las primeras notas, se ver\u00e1 transportada a mundos imaginarios misteriosos, sensuales y luminosos. En definitiva, es el adorno so\u00f1ado por toda mujer. Y, as\u00ed adornada, resplandecer\u00e1 ante los ojos de todos.<\/p>\n<h2><strong>Bint Hooran de Ard Al Zaafaran: una composici\u00f3n multicolor<\/strong><\/h2>\n<p>Los perfumistas de esta gran marca han encontrado la f\u00f3rmula milagrosa para ofrecerte esta\u00a0<strong>creaci\u00f3n original<\/strong>. De hecho, todos los que la huelen se quedan sin palabras para describirla. Porque despierta en cada uno una multitud de emociones. Y eso gracias a este conjunto en el que se mezclan\u00a0<strong>especias<\/strong>, condimentos,\u00a0<strong>frutas<\/strong>,\u00a0<strong>flores<\/strong>\u00a0y\u00a0<strong>aromas orientales<\/strong>. \u00a1Porque aqu\u00ed le espera una explosi\u00f3n de sensaciones!<\/p>\n<p>El azafr\u00e1n, que representa a esta gran casa, introduce las dem\u00e1s especias y condimentos.<\/p>\n<p>As\u00ed, el protagonismo recaer\u00e1 en el cilantro, la nuez moscada o la deliciosa canela. Pero, incluso cuando su nariz reconozca ciertos aromas familiares, las notas \u00e1cidas aparecer\u00e1n delicadamente. A continuaci\u00f3n, las notas florales dar\u00e1n paso al baile oriental. Y, finalmente, un desfile almizclado y amaderado pondr\u00e1 el broche final a este espect\u00e1culo impresionante. Prep\u00e1rese, con esta fragancia, el\u00a0<strong>despegue emocional <\/strong>\u00a1Est\u00e1 asegurado!<\/p>\n<h3><strong>El azafr\u00e1n: la estrella indiscutible<\/strong><\/h3>\n<p>Por si no lo sab\u00e9is, el nombre de esta perfumer\u00eda significa\u00a0<strong>Tierra de azafr\u00e1n<\/strong>. Por lo tanto, comprender\u00e1 f\u00e1cilmente la importancia de esta especia representativa de los sentidos y el gusto. Pero tambi\u00e9n del lujo, ya que es una de las especias m\u00e1s caras del mundo. De ah\u00ed su apodo de \u00aboro rojo\u00bb.<\/p>\n<p>Por eso, todas las grandes casas lo utilizan. Adem\u00e1s, se asocia con la canela o el jazm\u00edn, que lo realzan a\u00fan m\u00e1s. Este es el caso de\u00a0<a href=\"https:\/\/www.parfumerie-arabe.com\/es\/product\/yaa-roohi-100-ml-wasam-de-lattafa\/\"><strong>Yaa Roohi<\/strong><\/a>\u00a0de Wasam de Lattafa, donde el jazm\u00edn lo perfumar\u00e1 con almendras y maderas. Por el contrario,\u00a0<a href=\"https:\/\/www.parfumerie-arabe.com\/es\/product\/ser-al-malika-100-ml-lattafa\/\"><strong>Ser Al Malika<\/strong><\/a>\u00a0de Lattafa, le ofrecer\u00e1 un desfile gourmet y oriental.<\/p>\n<h3><strong>Bint Hooran de Ard Al Zaafaran: una oda femenina cantada en varios tonos<\/strong><\/h3>\n<p>Esta creaci\u00f3n olfativa es una delicia para quienes la llevan, pero tambi\u00e9n para quienes la huelen. Porque revela la\u00a0<strong>belleza <\/strong>de cada mujer. As\u00ed, estar\u00e1s resplandeciente y radiante. Pero eso sin contar con que esta sinfon\u00eda sensorial iluminar\u00e1 tu d\u00eda y te pondr\u00e1 de buen humor. Segura de ti misma, sonriente y radiante, \u00a1todo te saldr\u00e1 bien!<\/p>\n<p>Adem\u00e1s, para las incondicionales de esta fragancia, se ofrece la misma f\u00f3rmula en\u00a0<strong>perfume para el cabello<\/strong>. Es la fragancia perfecta para no correr el riesgo de ponerse demasiada. Adem\u00e1s, respetar\u00e1 y realzar\u00e1 la fibra capilar.  Por \u00faltimo, combinada con el eau de parfum, aportar\u00e1 un plus.\u00a0<strong>larga estela<\/strong>.<\/p>\n<p>Para terminar, encontrar\u00e1 este c\u00f3ctel en\u00a0<strong>Bakhour<\/strong>. Aqu\u00ed, los aromas ser\u00e1n m\u00e1s intensos debido al incienso. Sin embargo, la base seguir\u00e1 siendo la misma para su mayor disfrute. As\u00ed, este \u00e9xito de ventas de la marca tambi\u00e9n iluminar\u00e1 su hogar gracias a un proceso ancestral.<\/p>","protected":false},"excerpt":{"rendered":"<p><strong>Notas olfativas:<\/strong><\/p>\n<p><strong>Notas de salida:<\/strong> Cilantro, mandarina, cipr\u00e9s, estrag\u00f3n, lim\u00f3n, salvia, yuzu, bergamota, c\u00e1lamo.<br \/>\n<strong>Notas de coraz\u00f3n:<\/strong> Naranjo, Canela de Ceil\u00e1n, Corteza de Bourbon, Azafr\u00e1n, Lirio, Loto azul, Nuez moscada<br \/>\n<strong>Notas de fondo:<\/strong> Almizcle, s\u00e1ndalo, cedro, \u00e1mbar, tabaco, vetiver de Tahit\u00ed.<\/p>\n<p><strong>G\u00e9nero<\/strong> : Femenino.<\/p>","protected":false},"featured_media":107,"template":"","meta":[],"product_brand":[],"product_cat":[18,19],"product_tag":[],"class_list":{"0":"post-77","1":"product","2":"type-product","3":"status-publish","4":"has-post-thumbnail","6":"product_cat-ard-al-zaafaran","7":"product_cat-parfum-oud-femme","9":"first","10":"instock","11":"taxable","12":"shipping-taxable","13":"purchasable","14":"product-type-simple"},"yoast_head":"<!-- This site is optimized with the Yoast SEO plugin v27.4 - https:\/\/yoast.com\/product\/yoast-seo-wordpress\/ -->\n<title>Bint Hooran I Eau de parfum 100ml I Ard Al Zaafaran<\/title>\n<meta name=\"description\" content=\"Bint Hooran d\u2019Ard Al Zaafaran est un d\u00e9licieux cocktail qui va r\u00e9veiller en vous mille\u00a0\u00e9motions. D\u00e9couvrez cette fragrance rapidement !\" \/>\n<meta name=\"robots\" content=\"index, follow, max-snippet:-1, max-image-preview:large, max-video-preview:-1\" \/>\n<link rel=\"canonical\" href=\"https:\/\/www.parfumerie-arabe.com\/es\/product\/eau-de-parfum-bint-hooran-100-ml-ard-al-zaafaran\/\" \/>\n<meta property=\"og:locale\" content=\"es_ES\" \/>\n<meta property=\"og:type\" content=\"article\" \/>\n<meta property=\"og:title\" content=\"Bint Hooran I Eau de parfum 100ml I Ard Al Zaafaran\" \/>\n<meta property=\"og:description\" content=\"Bint Hooran d\u2019Ard Al Zaafaran est un d\u00e9licieux cocktail qui va r\u00e9veiller en vous mille\u00a0\u00e9motions. D\u00e9couvrez cette fragrance rapidement !\" \/>\n<meta property=\"og:url\" content=\"https:\/\/www.parfumerie-arabe.com\/es\/product\/eau-de-parfum-bint-hooran-100-ml-ard-al-zaafaran\/\" \/>\n<meta property=\"og:site_name\" content=\"Parfumerie Arabe\" \/>\n<meta property=\"article:modified_time\" content=\"2023-02-24T11:34:11+00:00\" \/>\n<meta property=\"og:image\" content=\"https:\/\/www.parfumerie-arabe.com\/wp-content\/uploads\/2022\/08\/parfum-bint-hooran-ard-al-zaafaran.jpg\" \/>\n\t<meta property=\"og:image:width\" content=\"600\" \/>\n\t<meta property=\"og:image:height\" content=\"600\" \/>\n\t<meta property=\"og:image:type\" content=\"image\/jpeg\" \/>\n<meta name=\"twitter:card\" content=\"summary_large_image\" \/>\n<meta name=\"twitter:label1\" content=\"Tiempo de lectura\" \/>\n\t<meta name=\"twitter:data1\" content=\"3 minutos\" \/>\n<script type=\"application\/ld+json\" class=\"yoast-schema-graph\">{\"@context\":\"https:\\\/\\\/schema.org\",\"@graph\":[{\"@type\":\"WebPage\",\"@id\":\"https:\\\/\\\/www.parfumerie-arabe.com\\\/produit\\\/eau-de-parfum-bint-hooran-100ml-ard-al-zaafaran\\\/\",\"url\":\"https:\\\/\\\/www.parfumerie-arabe.com\\\/produit\\\/eau-de-parfum-bint-hooran-100ml-ard-al-zaafaran\\\/\",\"name\":\"Bint Hooran I Eau de parfum 100ml I Ard Al Zaafaran\",\"isPartOf\":{\"@id\":\"https:\\\/\\\/www.parfumerie-arabe.com\\\/#website\"},\"primaryImageOfPage\":{\"@id\":\"https:\\\/\\\/www.parfumerie-arabe.com\\\/produit\\\/eau-de-parfum-bint-hooran-100ml-ard-al-zaafaran\\\/#primaryimage\"},\"image\":{\"@id\":\"https:\\\/\\\/www.parfumerie-arabe.com\\\/produit\\\/eau-de-parfum-bint-hooran-100ml-ard-al-zaafaran\\\/#primaryimage\"},\"thumbnailUrl\":\"https:\\\/\\\/www.parfumerie-arabe.com\\\/wp-content\\\/uploads\\\/2022\\\/08\\\/parfum-bint-hooran-ard-al-zaafaran.jpg\",\"datePublished\":\"2022-08-20T17:12:41+00:00\",\"dateModified\":\"2023-02-24T11:34:11+00:00\",\"description\":\"Bint Hooran d\u2019Ard Al Zaafaran est un d\u00e9licieux cocktail qui va r\u00e9veiller en vous mille\u00a0\u00e9motions. D\u00e9couvrez cette fragrance rapidement !\",\"breadcrumb\":{\"@id\":\"https:\\\/\\\/www.parfumerie-arabe.com\\\/produit\\\/eau-de-parfum-bint-hooran-100ml-ard-al-zaafaran\\\/#breadcrumb\"},\"inLanguage\":\"es\",\"potentialAction\":[{\"@type\":\"ReadAction\",\"target\":[\"https:\\\/\\\/www.parfumerie-arabe.com\\\/produit\\\/eau-de-parfum-bint-hooran-100ml-ard-al-zaafaran\\\/\"]}]},{\"@type\":\"ImageObject\",\"inLanguage\":\"es\",\"@id\":\"https:\\\/\\\/www.parfumerie-arabe.com\\\/produit\\\/eau-de-parfum-bint-hooran-100ml-ard-al-zaafaran\\\/#primaryimage\",\"url\":\"https:\\\/\\\/www.parfumerie-arabe.com\\\/wp-content\\\/uploads\\\/2022\\\/08\\\/parfum-bint-hooran-ard-al-zaafaran.jpg\",\"contentUrl\":\"https:\\\/\\\/www.parfumerie-arabe.com\\\/wp-content\\\/uploads\\\/2022\\\/08\\\/parfum-bint-hooran-ard-al-zaafaran.jpg\",\"width\":600,\"height\":600,\"caption\":\"Eau de parfum Bint Hooran 100ml \u2013 Ard Al Zaafaran\"},{\"@type\":\"BreadcrumbList\",\"@id\":\"https:\\\/\\\/www.parfumerie-arabe.com\\\/produit\\\/eau-de-parfum-bint-hooran-100ml-ard-al-zaafaran\\\/#breadcrumb\",\"itemListElement\":[{\"@type\":\"ListItem\",\"position\":1,\"name\":\"Accueil\",\"item\":\"https:\\\/\\\/www.parfumerie-arabe.com\\\/\"},{\"@type\":\"ListItem\",\"position\":2,\"name\":\"Boutique\",\"item\":\"https:\\\/\\\/www.parfumerie-arabe.com\\\/boutique\\\/\"},{\"@type\":\"ListItem\",\"position\":3,\"name\":\"Eau de parfum Bint Hooran 100ml \u2013 Ard Al Zaafaran\"}]},{\"@type\":\"WebSite\",\"@id\":\"https:\\\/\\\/www.parfumerie-arabe.com\\\/#website\",\"url\":\"https:\\\/\\\/www.parfumerie-arabe.com\\\/\",\"name\":\"Parfumerie Arabe\",\"description\":\"\",\"publisher\":{\"@id\":\"https:\\\/\\\/www.parfumerie-arabe.com\\\/#organization\"},\"potentialAction\":[{\"@type\":\"SearchAction\",\"target\":{\"@type\":\"EntryPoint\",\"urlTemplate\":\"https:\\\/\\\/www.parfumerie-arabe.com\\\/?s={search_term_string}\"},\"query-input\":{\"@type\":\"PropertyValueSpecification\",\"valueRequired\":true,\"valueName\":\"search_term_string\"}}],\"inLanguage\":\"es\"},{\"@type\":\"Organization\",\"@id\":\"https:\\\/\\\/www.parfumerie-arabe.com\\\/#organization\",\"name\":\"Parfumerie arabe\",\"url\":\"https:\\\/\\\/www.parfumerie-arabe.com\\\/\",\"logo\":{\"@type\":\"ImageObject\",\"inLanguage\":\"es\",\"@id\":\"https:\\\/\\\/www.parfumerie-arabe.com\\\/#\\\/schema\\\/logo\\\/image\\\/\",\"url\":\"https:\\\/\\\/www.parfumerie-arabe.com\\\/wp-content\\\/uploads\\\/2022\\\/08\\\/logo-parfumerie-arabe.png\",\"contentUrl\":\"https:\\\/\\\/www.parfumerie-arabe.com\\\/wp-content\\\/uploads\\\/2022\\\/08\\\/logo-parfumerie-arabe.png\",\"width\":600,\"height\":171,\"caption\":\"Parfumerie arabe\"},\"image\":{\"@id\":\"https:\\\/\\\/www.parfumerie-arabe.com\\\/#\\\/schema\\\/logo\\\/image\\\/\"}}]}<\/script>\n<!-- \/ Yoast SEO plugin. -->","yoast_head_json":{"title":"Bint Hooran I Eau de parfum 100 ml I Ard Al Zaafaran","description":"Bint Hooran de Ard Al Zaafaran es un delicioso c\u00f3ctel que despertar\u00e1 en ti mil emociones. \u00a1Descubre esta fragancia cuanto antes!","robots":{"index":"index","follow":"follow","max-snippet":"max-snippet:-1","max-image-preview":"max-image-preview:large","max-video-preview":"max-video-preview:-1"},"canonical":"https:\/\/www.parfumerie-arabe.com\/es\/product\/eau-de-parfum-bint-hooran-100-ml-ard-al-zaafaran\/","og_locale":"es_ES","og_type":"article","og_title":"Bint Hooran I Eau de parfum 100ml I Ard Al Zaafaran","og_description":"Bint Hooran d\u2019Ard Al Zaafaran est un d\u00e9licieux cocktail qui va r\u00e9veiller en vous mille\u00a0\u00e9motions. D\u00e9couvrez cette fragrance rapidement !","og_url":"https:\/\/www.parfumerie-arabe.com\/es\/product\/eau-de-parfum-bint-hooran-100-ml-ard-al-zaafaran\/","og_site_name":"Parfumerie Arabe","article_modified_time":"2023-02-24T11:34:11+00:00","og_image":[{"width":600,"height":600,"url":"https:\/\/www.parfumerie-arabe.com\/wp-content\/uploads\/2022\/08\/parfum-bint-hooran-ard-al-zaafaran.jpg","type":"image\/jpeg"}],"twitter_card":"summary_large_image","twitter_misc":{"Tiempo de lectura":"3 minutos"},"schema":{"@context":"https:\/\/schema.org","@graph":[{"@type":"WebPage","@id":"https:\/\/www.parfumerie-arabe.com\/produit\/eau-de-parfum-bint-hooran-100ml-ard-al-zaafaran\/","url":"https:\/\/www.parfumerie-arabe.com\/produit\/eau-de-parfum-bint-hooran-100ml-ard-al-zaafaran\/","name":"Bint Hooran I Eau de parfum 100 ml I Ard Al Zaafaran","isPartOf":{"@id":"https:\/\/www.parfumerie-arabe.com\/#website"},"primaryImageOfPage":{"@id":"https:\/\/www.parfumerie-arabe.com\/produit\/eau-de-parfum-bint-hooran-100ml-ard-al-zaafaran\/#primaryimage"},"image":{"@id":"https:\/\/www.parfumerie-arabe.com\/produit\/eau-de-parfum-bint-hooran-100ml-ard-al-zaafaran\/#primaryimage"},"thumbnailUrl":"https:\/\/www.parfumerie-arabe.com\/wp-content\/uploads\/2022\/08\/parfum-bint-hooran-ard-al-zaafaran.jpg","datePublished":"2022-08-20T17:12:41+00:00","dateModified":"2023-02-24T11:34:11+00:00","description":"Bint Hooran de Ard Al Zaafaran es un delicioso c\u00f3ctel que despertar\u00e1 en ti mil emociones. \u00a1Descubre esta fragancia cuanto antes!","breadcrumb":{"@id":"https:\/\/www.parfumerie-arabe.com\/produit\/eau-de-parfum-bint-hooran-100ml-ard-al-zaafaran\/#breadcrumb"},"inLanguage":"es","potentialAction":[{"@type":"ReadAction","target":["https:\/\/www.parfumerie-arabe.com\/produit\/eau-de-parfum-bint-hooran-100ml-ard-al-zaafaran\/"]}]},{"@type":"ImageObject","inLanguage":"es","@id":"https:\/\/www.parfumerie-arabe.com\/produit\/eau-de-parfum-bint-hooran-100ml-ard-al-zaafaran\/#primaryimage","url":"https:\/\/www.parfumerie-arabe.com\/wp-content\/uploads\/2022\/08\/parfum-bint-hooran-ard-al-zaafaran.jpg","contentUrl":"https:\/\/www.parfumerie-arabe.com\/wp-content\/uploads\/2022\/08\/parfum-bint-hooran-ard-al-zaafaran.jpg","width":600,"height":600,"caption":"Eau de parfum Bint Hooran 100ml \u2013 Ard Al Zaafaran"},{"@type":"BreadcrumbList","@id":"https:\/\/www.parfumerie-arabe.com\/produit\/eau-de-parfum-bint-hooran-100ml-ard-al-zaafaran\/#breadcrumb","itemListElement":[{"@type":"ListItem","position":1,"name":"Accueil","item":"https:\/\/www.parfumerie-arabe.com\/"},{"@type":"ListItem","position":2,"name":"Boutique","item":"https:\/\/www.parfumerie-arabe.com\/boutique\/"},{"@type":"ListItem","position":3,"name":"Eau de parfum Bint Hooran 100ml \u2013 Ard Al Zaafaran"}]},{"@type":"WebSite","@id":"https:\/\/www.parfumerie-arabe.com\/#website","url":"https:\/\/www.parfumerie-arabe.com\/","name":"Perfumer\u00eda \u00e1rabe","description":"","publisher":{"@id":"https:\/\/www.parfumerie-arabe.com\/#organization"},"potentialAction":[{"@type":"SearchAction","target":{"@type":"EntryPoint","urlTemplate":"https:\/\/www.parfumerie-arabe.com\/?s={search_term_string}"},"query-input":{"@type":"PropertyValueSpecification","valueRequired":true,"valueName":"search_term_string"}}],"inLanguage":"es"},{"@type":"Organization","@id":"https:\/\/www.parfumerie-arabe.com\/#organization","name":"Perfumer\u00eda \u00e1rabe","url":"https:\/\/www.parfumerie-arabe.com\/","logo":{"@type":"ImageObject","inLanguage":"es","@id":"https:\/\/www.parfumerie-arabe.com\/#\/schema\/logo\/image\/","url":"https:\/\/www.parfumerie-arabe.com\/wp-content\/uploads\/2022\/08\/logo-parfumerie-arabe.png","contentUrl":"https:\/\/www.parfumerie-arabe.com\/wp-content\/uploads\/2022\/08\/logo-parfumerie-arabe.png","width":600,"height":171,"caption":"Parfumerie arabe"},"image":{"@id":"https:\/\/www.parfumerie-arabe.com\/#\/schema\/logo\/image\/"}}]}},"_links":{"self":[{"href":"https:\/\/www.parfumerie-arabe.com\/es\/wp-json\/wp\/v2\/product\/77","targetHints":{"allow":["GET"]}}],"collection":[{"href":"https:\/\/www.parfumerie-arabe.com\/es\/wp-json\/wp\/v2\/product"}],"about":[{"href":"https:\/\/www.parfumerie-arabe.com\/es\/wp-json\/wp\/v2\/types\/product"}],"wp:featuredmedia":[{"embeddable":true,"href":"https:\/\/www.parfumerie-arabe.com\/es\/wp-json\/wp\/v2\/media\/107"}],"wp:attachment":[{"href":"https:\/\/www.parfumerie-arabe.com\/es\/wp-json\/wp\/v2\/media?parent=77"}],"wp:term":[{"taxonomy":"product_brand","embeddable":true,"href":"https:\/\/www.parfumerie-arabe.com\/es\/wp-json\/wp\/v2\/product_brand?post=77"},{"taxonomy":"product_cat","embeddable":true,"href":"https:\/\/www.parfumerie-arabe.com\/es\/wp-json\/wp\/v2\/product_cat?post=77"},{"taxonomy":"product_tag","embeddable":true,"href":"https:\/\/www.parfumerie-arabe.com\/es\/wp-json\/wp\/v2\/product_tag?post=77"}],"curies":[{"name":"wp","href":"https:\/\/api.w.org\/{rel}","templated":true}]}}