{"id":79,"date":"2022-08-20T17:12:41","date_gmt":"2022-08-20T17:12:41","guid":{"rendered":"https:\/\/www.parfumerie-arabe.com\/?post_type=product&#038;p=79"},"modified":"2026-04-07T23:03:01","modified_gmt":"2026-04-07T23:03:01","slug":"eau-de-parfum-pure-musk-khalis-musk-100-ml-lattafa","status":"publish","type":"product","link":"https:\/\/www.parfumerie-arabe.com\/es\/produit\/eau-de-parfum-pure-musk-khalis-musk-100ml-lattafa\/","title":{"rendered":"Eau de parfum Pure Musk (Khalis Musk) 100 ml \u2013 Ard Al Zaafaran"},"content":{"rendered":"<p>Pure Musk de Lattafa es una fragancia que te sublimar\u00e1 con sus deliciosas esencias orientales. De hecho, sus notas te recordar\u00e1n a la\u00a0<strong>dulzura\u00a0<\/strong>y la<strong>\u00a0ternura<\/strong>. As\u00ed, ganar\u00e1s confianza en ti mismo y irradiar\u00e1s belleza. Porque es un perfume suave y potente a la vez. As\u00ed es como te sentir\u00e1s trascendido por sus aromas venidos de otros lugares.<\/p>\n<h2><strong>Pure Musk de Lattafa: el almizcle blanco en todo su esplendor<\/strong><\/h2>\n<p>Si no conoce este aroma, sepa que vale la pena el desv\u00edo. Aqu\u00ed se encuentra en el pa\u00eds de la\u00a0<strong>dulzura<\/strong>, pero tambi\u00e9n de la\u00a0<strong>potencia<\/strong>. En cuanto a las notas, te transportar\u00e1 a un universo\u00a0<strong>voluptuoso y tranquilizador<\/strong>. Adem\u00e1s, te invadir\u00e1n los recuerdos felices del verano. Y te envolver\u00e1 el aroma de la ropa limpia sec\u00e1ndose al viento. Al igual que con el\u00a0<strong>Almizcle Tahara<\/strong>\u00a0Una brisa agradablemente perfumada te acariciar\u00e1 durante horas.<\/p>\n<h2><strong>Pure Musk de Lattafa: el perfume de quienes saben lo que quieren.<\/strong><\/h2>\n<p>Es un himno oriental que se ofrece a usted. Sus notas suaves y dulces est\u00e1n ah\u00ed para realzar su feminidad. Pero tambi\u00e9n ser\u00e1n el aliado de los hombres seguros de s\u00ed mismos y tranquilizadores. En definitiva, es la fragancia de aquellos que se asumen como\u00a0<strong>Asad<\/strong>. Y iluminan a quienes les rodean con esa personalidad afirmada que tanto nos gusta. Porque, una vez sobre tu piel, el almizcle blanco se convierte en parte de ti. De hecho, se mezclar\u00e1 con tu olor personal y le dar\u00e1 un tono \u00fanico.<\/p>\n<h3><strong>Perfumes que te afirman<\/strong><\/h3>\n<p>El almizcle tiene el poder de conferirle una presencia \u00fanica. Adem\u00e1s, le vestir\u00e1 para cualquier ocasi\u00f3n. Para el hombre, ser\u00e1 un activo imparable en\u00a0<a href=\"https:\/\/www.parfumerie-arabe.com\/es\/product\/eau-de-parfum-opulent-oud-100-ml-lattafa\/\"><strong>Oud opulento<\/strong><\/a>. De hecho, combinado con pachul\u00ed y notas golosas y amaderadas, ser\u00e1s EL caballero de la noche. Para la mujer, el\u00a0<a href=\"https:\/\/www.parfumerie-arabe.com\/es\/product\/cofre-de-almizcle-tahara-abraj-al-oud\/\"><strong>Cofre Musc Tahara de Abraj Al Oud<\/strong><\/a>, ser\u00e1 una\u00a0<strong>Oda a la sensualidad\u00a0<\/strong>que nadie podr\u00e1 permanecer indiferente.<\/p>","protected":false},"excerpt":{"rendered":"<p><strong>Notas olfativas:<\/strong><\/p>\n<p>Almizcle blanco.<\/p>\n<p><strong>G\u00e9nero<\/strong> : Mixto.<\/p>","protected":false},"featured_media":109,"template":"","meta":[],"product_brand":[],"product_cat":[18,50],"product_tag":[],"class_list":{"0":"post-79","1":"product","2":"type-product","3":"status-publish","4":"has-post-thumbnail","6":"product_cat-ard-al-zaafaran","7":"product_cat-parfum-mixte","9":"first","10":"instock","11":"taxable","12":"shipping-taxable","13":"purchasable","14":"product-type-simple"},"yoast_head":"<!-- This site is optimized with the Yoast SEO plugin v27.5 - https:\/\/yoast.com\/product\/yoast-seo-wordpress\/ -->\n<title>Pure Musk (Khalis Musk) I Parfum doux I Collection Lattafa<\/title>\n<meta name=\"description\" content=\"Pure Musk de Lattafa est une fragrance qui vous sublimera par ses essences d\u00e9licieusement orientales. Adoptez-l\u00e0 en quelques clics !\" \/>\n<meta name=\"robots\" content=\"index, follow, max-snippet:-1, max-image-preview:large, max-video-preview:-1\" \/>\n<link rel=\"canonical\" href=\"https:\/\/www.parfumerie-arabe.com\/es\/product\/eau-de-parfum-pure-musk-khalis-musk-100-ml-lattafa\/\" \/>\n<meta property=\"og:locale\" content=\"es_ES\" \/>\n<meta property=\"og:type\" content=\"article\" \/>\n<meta property=\"og:title\" content=\"Pure Musk (Khalis Musk) I Parfum doux I Collection Lattafa\" \/>\n<meta property=\"og:description\" content=\"Pure Musk de Lattafa est une fragrance qui vous sublimera par ses essences d\u00e9licieusement orientales. Adoptez-l\u00e0 en quelques clics !\" \/>\n<meta property=\"og:url\" content=\"https:\/\/www.parfumerie-arabe.com\/es\/product\/eau-de-parfum-pure-musk-khalis-musk-100-ml-lattafa\/\" \/>\n<meta property=\"og:site_name\" content=\"Parfumerie Arabe\" \/>\n<meta property=\"article:modified_time\" content=\"2026-04-07T23:03:01+00:00\" \/>\n<meta property=\"og:image\" content=\"https:\/\/www.parfumerie-arabe.com\/wp-content\/uploads\/2022\/08\/parfum-pure-musk-lattafa.jpg\" \/>\n\t<meta property=\"og:image:width\" content=\"600\" \/>\n\t<meta property=\"og:image:height\" content=\"600\" \/>\n\t<meta property=\"og:image:type\" content=\"image\/jpeg\" \/>\n<meta name=\"twitter:card\" content=\"summary_large_image\" \/>\n<meta name=\"twitter:label1\" content=\"Tiempo de lectura\" \/>\n\t<meta name=\"twitter:data1\" content=\"2 minutos\" \/>\n<script type=\"application\/ld+json\" class=\"yoast-schema-graph\">{\"@context\":\"https:\\\/\\\/schema.org\",\"@graph\":[{\"@type\":\"WebPage\",\"@id\":\"https:\\\/\\\/www.parfumerie-arabe.com\\\/produit\\\/eau-de-parfum-pure-musk-khalis-musk-100ml-lattafa\\\/\",\"url\":\"https:\\\/\\\/www.parfumerie-arabe.com\\\/produit\\\/eau-de-parfum-pure-musk-khalis-musk-100ml-lattafa\\\/\",\"name\":\"Pure Musk (Khalis Musk) I Parfum doux I Collection Lattafa\",\"isPartOf\":{\"@id\":\"https:\\\/\\\/www.parfumerie-arabe.com\\\/#website\"},\"primaryImageOfPage\":{\"@id\":\"https:\\\/\\\/www.parfumerie-arabe.com\\\/produit\\\/eau-de-parfum-pure-musk-khalis-musk-100ml-lattafa\\\/#primaryimage\"},\"image\":{\"@id\":\"https:\\\/\\\/www.parfumerie-arabe.com\\\/produit\\\/eau-de-parfum-pure-musk-khalis-musk-100ml-lattafa\\\/#primaryimage\"},\"thumbnailUrl\":\"https:\\\/\\\/www.parfumerie-arabe.com\\\/wp-content\\\/uploads\\\/2022\\\/08\\\/parfum-pure-musk-lattafa.jpg\",\"datePublished\":\"2022-08-20T17:12:41+00:00\",\"dateModified\":\"2026-04-07T23:03:01+00:00\",\"description\":\"Pure Musk de Lattafa est une fragrance qui vous sublimera par ses essences d\u00e9licieusement orientales. Adoptez-l\u00e0 en quelques clics !\",\"breadcrumb\":{\"@id\":\"https:\\\/\\\/www.parfumerie-arabe.com\\\/produit\\\/eau-de-parfum-pure-musk-khalis-musk-100ml-lattafa\\\/#breadcrumb\"},\"inLanguage\":\"es\",\"potentialAction\":[{\"@type\":\"ReadAction\",\"target\":[\"https:\\\/\\\/www.parfumerie-arabe.com\\\/produit\\\/eau-de-parfum-pure-musk-khalis-musk-100ml-lattafa\\\/\"]}]},{\"@type\":\"ImageObject\",\"inLanguage\":\"es\",\"@id\":\"https:\\\/\\\/www.parfumerie-arabe.com\\\/produit\\\/eau-de-parfum-pure-musk-khalis-musk-100ml-lattafa\\\/#primaryimage\",\"url\":\"https:\\\/\\\/www.parfumerie-arabe.com\\\/wp-content\\\/uploads\\\/2022\\\/08\\\/parfum-pure-musk-lattafa.jpg\",\"contentUrl\":\"https:\\\/\\\/www.parfumerie-arabe.com\\\/wp-content\\\/uploads\\\/2022\\\/08\\\/parfum-pure-musk-lattafa.jpg\",\"width\":600,\"height\":600,\"caption\":\"Pure Musk (Khalis Musk)\"},{\"@type\":\"BreadcrumbList\",\"@id\":\"https:\\\/\\\/www.parfumerie-arabe.com\\\/produit\\\/eau-de-parfum-pure-musk-khalis-musk-100ml-lattafa\\\/#breadcrumb\",\"itemListElement\":[{\"@type\":\"ListItem\",\"position\":1,\"name\":\"Accueil\",\"item\":\"https:\\\/\\\/www.parfumerie-arabe.com\\\/\"},{\"@type\":\"ListItem\",\"position\":2,\"name\":\"Boutique\",\"item\":\"https:\\\/\\\/www.parfumerie-arabe.com\\\/boutique\\\/\"},{\"@type\":\"ListItem\",\"position\":3,\"name\":\"Eau de parfum Pure Musk (Khalis Musk) 100ml \u2013 Ard Al Zaafaran\"}]},{\"@type\":\"WebSite\",\"@id\":\"https:\\\/\\\/www.parfumerie-arabe.com\\\/#website\",\"url\":\"https:\\\/\\\/www.parfumerie-arabe.com\\\/\",\"name\":\"Parfumerie Arabe\",\"description\":\"\",\"publisher\":{\"@id\":\"https:\\\/\\\/www.parfumerie-arabe.com\\\/#organization\"},\"potentialAction\":[{\"@type\":\"SearchAction\",\"target\":{\"@type\":\"EntryPoint\",\"urlTemplate\":\"https:\\\/\\\/www.parfumerie-arabe.com\\\/?s={search_term_string}\"},\"query-input\":{\"@type\":\"PropertyValueSpecification\",\"valueRequired\":true,\"valueName\":\"search_term_string\"}}],\"inLanguage\":\"es\"},{\"@type\":\"Organization\",\"@id\":\"https:\\\/\\\/www.parfumerie-arabe.com\\\/#organization\",\"name\":\"Parfumerie arabe\",\"url\":\"https:\\\/\\\/www.parfumerie-arabe.com\\\/\",\"logo\":{\"@type\":\"ImageObject\",\"inLanguage\":\"es\",\"@id\":\"https:\\\/\\\/www.parfumerie-arabe.com\\\/#\\\/schema\\\/logo\\\/image\\\/\",\"url\":\"https:\\\/\\\/www.parfumerie-arabe.com\\\/wp-content\\\/uploads\\\/2022\\\/08\\\/logo-parfumerie-arabe.png\",\"contentUrl\":\"https:\\\/\\\/www.parfumerie-arabe.com\\\/wp-content\\\/uploads\\\/2022\\\/08\\\/logo-parfumerie-arabe.png\",\"width\":600,\"height\":171,\"caption\":\"Parfumerie arabe\"},\"image\":{\"@id\":\"https:\\\/\\\/www.parfumerie-arabe.com\\\/#\\\/schema\\\/logo\\\/image\\\/\"}}]}<\/script>\n<!-- \/ Yoast SEO plugin. -->","yoast_head_json":{"title":"Pure Musk (Khalis Musk) I Perfume dulce I Colecci\u00f3n Lattafa","description":"Pure Musk de Lattafa es una fragancia que te cautivar\u00e1 con sus deliciosas esencias orientales. \u00a1Hazte con ella en unos pocos clics!","robots":{"index":"index","follow":"follow","max-snippet":"max-snippet:-1","max-image-preview":"max-image-preview:large","max-video-preview":"max-video-preview:-1"},"canonical":"https:\/\/www.parfumerie-arabe.com\/es\/product\/eau-de-parfum-pure-musk-khalis-musk-100-ml-lattafa\/","og_locale":"es_ES","og_type":"article","og_title":"Pure Musk (Khalis Musk) I Parfum doux I Collection Lattafa","og_description":"Pure Musk de Lattafa est une fragrance qui vous sublimera par ses essences d\u00e9licieusement orientales. Adoptez-l\u00e0 en quelques clics !","og_url":"https:\/\/www.parfumerie-arabe.com\/es\/product\/eau-de-parfum-pure-musk-khalis-musk-100-ml-lattafa\/","og_site_name":"Parfumerie Arabe","article_modified_time":"2026-04-07T23:03:01+00:00","og_image":[{"width":600,"height":600,"url":"https:\/\/www.parfumerie-arabe.com\/wp-content\/uploads\/2022\/08\/parfum-pure-musk-lattafa.jpg","type":"image\/jpeg"}],"twitter_card":"summary_large_image","twitter_misc":{"Tiempo de lectura":"2 minutos"},"schema":{"@context":"https:\/\/schema.org","@graph":[{"@type":"WebPage","@id":"https:\/\/www.parfumerie-arabe.com\/produit\/eau-de-parfum-pure-musk-khalis-musk-100ml-lattafa\/","url":"https:\/\/www.parfumerie-arabe.com\/produit\/eau-de-parfum-pure-musk-khalis-musk-100ml-lattafa\/","name":"Pure Musk (Khalis Musk) I Perfume dulce I Colecci\u00f3n Lattafa","isPartOf":{"@id":"https:\/\/www.parfumerie-arabe.com\/#website"},"primaryImageOfPage":{"@id":"https:\/\/www.parfumerie-arabe.com\/produit\/eau-de-parfum-pure-musk-khalis-musk-100ml-lattafa\/#primaryimage"},"image":{"@id":"https:\/\/www.parfumerie-arabe.com\/produit\/eau-de-parfum-pure-musk-khalis-musk-100ml-lattafa\/#primaryimage"},"thumbnailUrl":"https:\/\/www.parfumerie-arabe.com\/wp-content\/uploads\/2022\/08\/parfum-pure-musk-lattafa.jpg","datePublished":"2022-08-20T17:12:41+00:00","dateModified":"2026-04-07T23:03:01+00:00","description":"Pure Musk de Lattafa es una fragancia que te cautivar\u00e1 con sus deliciosas esencias orientales. \u00a1Hazte con ella en unos pocos clics!","breadcrumb":{"@id":"https:\/\/www.parfumerie-arabe.com\/produit\/eau-de-parfum-pure-musk-khalis-musk-100ml-lattafa\/#breadcrumb"},"inLanguage":"es","potentialAction":[{"@type":"ReadAction","target":["https:\/\/www.parfumerie-arabe.com\/produit\/eau-de-parfum-pure-musk-khalis-musk-100ml-lattafa\/"]}]},{"@type":"ImageObject","inLanguage":"es","@id":"https:\/\/www.parfumerie-arabe.com\/produit\/eau-de-parfum-pure-musk-khalis-musk-100ml-lattafa\/#primaryimage","url":"https:\/\/www.parfumerie-arabe.com\/wp-content\/uploads\/2022\/08\/parfum-pure-musk-lattafa.jpg","contentUrl":"https:\/\/www.parfumerie-arabe.com\/wp-content\/uploads\/2022\/08\/parfum-pure-musk-lattafa.jpg","width":600,"height":600,"caption":"Pure Musk (Khalis Musk)"},{"@type":"BreadcrumbList","@id":"https:\/\/www.parfumerie-arabe.com\/produit\/eau-de-parfum-pure-musk-khalis-musk-100ml-lattafa\/#breadcrumb","itemListElement":[{"@type":"ListItem","position":1,"name":"Accueil","item":"https:\/\/www.parfumerie-arabe.com\/"},{"@type":"ListItem","position":2,"name":"Boutique","item":"https:\/\/www.parfumerie-arabe.com\/boutique\/"},{"@type":"ListItem","position":3,"name":"Eau de parfum Pure Musk (Khalis Musk) 100ml \u2013 Ard Al Zaafaran"}]},{"@type":"WebSite","@id":"https:\/\/www.parfumerie-arabe.com\/#website","url":"https:\/\/www.parfumerie-arabe.com\/","name":"Perfumer\u00eda \u00e1rabe","description":"","publisher":{"@id":"https:\/\/www.parfumerie-arabe.com\/#organization"},"potentialAction":[{"@type":"SearchAction","target":{"@type":"EntryPoint","urlTemplate":"https:\/\/www.parfumerie-arabe.com\/?s={search_term_string}"},"query-input":{"@type":"PropertyValueSpecification","valueRequired":true,"valueName":"search_term_string"}}],"inLanguage":"es"},{"@type":"Organization","@id":"https:\/\/www.parfumerie-arabe.com\/#organization","name":"Perfumer\u00eda \u00e1rabe","url":"https:\/\/www.parfumerie-arabe.com\/","logo":{"@type":"ImageObject","inLanguage":"es","@id":"https:\/\/www.parfumerie-arabe.com\/#\/schema\/logo\/image\/","url":"https:\/\/www.parfumerie-arabe.com\/wp-content\/uploads\/2022\/08\/logo-parfumerie-arabe.png","contentUrl":"https:\/\/www.parfumerie-arabe.com\/wp-content\/uploads\/2022\/08\/logo-parfumerie-arabe.png","width":600,"height":171,"caption":"Parfumerie arabe"},"image":{"@id":"https:\/\/www.parfumerie-arabe.com\/#\/schema\/logo\/image\/"}}]}},"_links":{"self":[{"href":"https:\/\/www.parfumerie-arabe.com\/es\/wp-json\/wp\/v2\/product\/79","targetHints":{"allow":["GET"]}}],"collection":[{"href":"https:\/\/www.parfumerie-arabe.com\/es\/wp-json\/wp\/v2\/product"}],"about":[{"href":"https:\/\/www.parfumerie-arabe.com\/es\/wp-json\/wp\/v2\/types\/product"}],"wp:featuredmedia":[{"embeddable":true,"href":"https:\/\/www.parfumerie-arabe.com\/es\/wp-json\/wp\/v2\/media\/109"}],"wp:attachment":[{"href":"https:\/\/www.parfumerie-arabe.com\/es\/wp-json\/wp\/v2\/media?parent=79"}],"wp:term":[{"taxonomy":"product_brand","embeddable":true,"href":"https:\/\/www.parfumerie-arabe.com\/es\/wp-json\/wp\/v2\/product_brand?post=79"},{"taxonomy":"product_cat","embeddable":true,"href":"https:\/\/www.parfumerie-arabe.com\/es\/wp-json\/wp\/v2\/product_cat?post=79"},{"taxonomy":"product_tag","embeddable":true,"href":"https:\/\/www.parfumerie-arabe.com\/es\/wp-json\/wp\/v2\/product_tag?post=79"}],"curies":[{"name":"wp","href":"https:\/\/api.w.org\/{rel}","templated":true}]}}