{"id":909,"date":"2023-02-19T14:19:30","date_gmt":"2023-02-19T14:19:30","guid":{"rendered":"https:\/\/www.parfumerie-arabe.com\/?post_type=product&#038;p=909"},"modified":"2025-09-09T12:23:33","modified_gmt":"2025-09-09T12:23:33","slug":"incensario-electrico-azul-dorado-con-motivo-paisley","status":"publish","type":"product","link":"https:\/\/www.parfumerie-arabe.com\/es\/produit\/encensoir-electrique-bleu-dore-motif-paisley\/","title":{"rendered":"Incensario el\u00e9ctrico azul dorado con motivo paisley"},"content":{"rendered":"","protected":false},"excerpt":{"rendered":"<p>Inciensario el\u00e9ctrico para quemar bakhour o incienso.<\/p>\n<p><strong>Consejos de uso:<\/strong><\/p>\n<p>Enchufar el incensario y encender el bot\u00f3n On.<\/p>\n<p>Coloca tu bakhour en el incensario.<\/p>\n<p>Deje encendido unos minutos para que se caliente el bakhour y ap\u00e1guelo (posici\u00f3n Off).<\/p>\n<p>No dejes el incensario encendido durante demasiado tiempo, ya que podr\u00eda da\u00f1arse y dejar de funcionar.<\/p>","protected":false},"featured_media":935,"template":"","meta":[],"product_brand":[],"product_cat":[158],"product_tag":[],"class_list":{"0":"post-909","1":"product","2":"type-product","3":"status-publish","4":"has-post-thumbnail","6":"product_cat-rupture-de-stock","8":"first","9":"outofstock","10":"taxable","11":"shipping-taxable","12":"purchasable","13":"product-type-simple"},"yoast_head":"<!-- This site is optimized with the Yoast SEO plugin v27.4 - https:\/\/yoast.com\/product\/yoast-seo-wordpress\/ -->\n<title>Encensoir \u00e9lectrique bleu dor\u00e9 motif paisley - Parfumerie Arabe<\/title>\n<meta name=\"robots\" content=\"index, follow, max-snippet:-1, max-image-preview:large, max-video-preview:-1\" \/>\n<link rel=\"canonical\" href=\"https:\/\/www.parfumerie-arabe.com\/es\/product\/incensario-electrico-azul-dorado-con-motivo-paisley\/\" \/>\n<meta property=\"og:locale\" content=\"es_ES\" \/>\n<meta property=\"og:type\" content=\"article\" \/>\n<meta property=\"og:title\" content=\"Encensoir \u00e9lectrique bleu dor\u00e9 motif paisley - Parfumerie Arabe\" \/>\n<meta property=\"og:description\" content=\"Encensoir \u00e9lectrique pour faire bruler du bakhour ou de l&#039;encens  Conseils d&#039;utilisation :  Brancher l&#039;encensoir et allumer le bouton sur On  Placer votre bakhour dans l&#039;encensoir  Laissez allumer quelques minutes le temps de faire chauffer le bakhour et l&#039;\u00e9teindre (position Off).  Ne pas laisser l&#039;encensoir allum\u00e9 trop longtemps au risque qu&#039;il ne s\u2019abime et ne fonctionne plus.\" \/>\n<meta property=\"og:url\" content=\"https:\/\/www.parfumerie-arabe.com\/es\/product\/incensario-electrico-azul-dorado-con-motivo-paisley\/\" \/>\n<meta property=\"og:site_name\" content=\"Parfumerie Arabe\" \/>\n<meta property=\"article:modified_time\" content=\"2025-09-09T12:23:33+00:00\" \/>\n<meta property=\"og:image\" content=\"https:\/\/www.parfumerie-arabe.com\/wp-content\/uploads\/2023\/02\/encensoir-electrique-pour-bakhour-bakhor-encens-motif-paisley.jpg\" \/>\n\t<meta property=\"og:image:width\" content=\"600\" \/>\n\t<meta property=\"og:image:height\" content=\"600\" \/>\n\t<meta property=\"og:image:type\" content=\"image\/jpeg\" \/>\n<meta name=\"twitter:card\" content=\"summary_large_image\" \/>\n<script type=\"application\/ld+json\" class=\"yoast-schema-graph\">{\"@context\":\"https:\\\/\\\/schema.org\",\"@graph\":[{\"@type\":\"WebPage\",\"@id\":\"https:\\\/\\\/www.parfumerie-arabe.com\\\/produit\\\/encensoir-electrique-bleu-dore-motif-paisley\\\/\",\"url\":\"https:\\\/\\\/www.parfumerie-arabe.com\\\/produit\\\/encensoir-electrique-bleu-dore-motif-paisley\\\/\",\"name\":\"Encensoir \u00e9lectrique bleu dor\u00e9 motif paisley - Parfumerie Arabe\",\"isPartOf\":{\"@id\":\"https:\\\/\\\/www.parfumerie-arabe.com\\\/#website\"},\"primaryImageOfPage\":{\"@id\":\"https:\\\/\\\/www.parfumerie-arabe.com\\\/produit\\\/encensoir-electrique-bleu-dore-motif-paisley\\\/#primaryimage\"},\"image\":{\"@id\":\"https:\\\/\\\/www.parfumerie-arabe.com\\\/produit\\\/encensoir-electrique-bleu-dore-motif-paisley\\\/#primaryimage\"},\"thumbnailUrl\":\"https:\\\/\\\/www.parfumerie-arabe.com\\\/wp-content\\\/uploads\\\/2023\\\/02\\\/encensoir-electrique-pour-bakhour-bakhor-encens-motif-paisley.jpg\",\"datePublished\":\"2023-02-19T14:19:30+00:00\",\"dateModified\":\"2025-09-09T12:23:33+00:00\",\"breadcrumb\":{\"@id\":\"https:\\\/\\\/www.parfumerie-arabe.com\\\/produit\\\/encensoir-electrique-bleu-dore-motif-paisley\\\/#breadcrumb\"},\"inLanguage\":\"es\",\"potentialAction\":[{\"@type\":\"ReadAction\",\"target\":[\"https:\\\/\\\/www.parfumerie-arabe.com\\\/produit\\\/encensoir-electrique-bleu-dore-motif-paisley\\\/\"]}]},{\"@type\":\"ImageObject\",\"inLanguage\":\"es\",\"@id\":\"https:\\\/\\\/www.parfumerie-arabe.com\\\/produit\\\/encensoir-electrique-bleu-dore-motif-paisley\\\/#primaryimage\",\"url\":\"https:\\\/\\\/www.parfumerie-arabe.com\\\/wp-content\\\/uploads\\\/2023\\\/02\\\/encensoir-electrique-pour-bakhour-bakhor-encens-motif-paisley.jpg\",\"contentUrl\":\"https:\\\/\\\/www.parfumerie-arabe.com\\\/wp-content\\\/uploads\\\/2023\\\/02\\\/encensoir-electrique-pour-bakhour-bakhor-encens-motif-paisley.jpg\",\"width\":600,\"height\":600},{\"@type\":\"BreadcrumbList\",\"@id\":\"https:\\\/\\\/www.parfumerie-arabe.com\\\/produit\\\/encensoir-electrique-bleu-dore-motif-paisley\\\/#breadcrumb\",\"itemListElement\":[{\"@type\":\"ListItem\",\"position\":1,\"name\":\"Accueil\",\"item\":\"https:\\\/\\\/www.parfumerie-arabe.com\\\/\"},{\"@type\":\"ListItem\",\"position\":2,\"name\":\"Boutique\",\"item\":\"https:\\\/\\\/www.parfumerie-arabe.com\\\/boutique\\\/\"},{\"@type\":\"ListItem\",\"position\":3,\"name\":\"Encensoir \u00e9lectrique bleu dor\u00e9 motif paisley\"}]},{\"@type\":\"WebSite\",\"@id\":\"https:\\\/\\\/www.parfumerie-arabe.com\\\/#website\",\"url\":\"https:\\\/\\\/www.parfumerie-arabe.com\\\/\",\"name\":\"Parfumerie Arabe\",\"description\":\"\",\"publisher\":{\"@id\":\"https:\\\/\\\/www.parfumerie-arabe.com\\\/#organization\"},\"potentialAction\":[{\"@type\":\"SearchAction\",\"target\":{\"@type\":\"EntryPoint\",\"urlTemplate\":\"https:\\\/\\\/www.parfumerie-arabe.com\\\/?s={search_term_string}\"},\"query-input\":{\"@type\":\"PropertyValueSpecification\",\"valueRequired\":true,\"valueName\":\"search_term_string\"}}],\"inLanguage\":\"es\"},{\"@type\":\"Organization\",\"@id\":\"https:\\\/\\\/www.parfumerie-arabe.com\\\/#organization\",\"name\":\"Parfumerie arabe\",\"url\":\"https:\\\/\\\/www.parfumerie-arabe.com\\\/\",\"logo\":{\"@type\":\"ImageObject\",\"inLanguage\":\"es\",\"@id\":\"https:\\\/\\\/www.parfumerie-arabe.com\\\/#\\\/schema\\\/logo\\\/image\\\/\",\"url\":\"https:\\\/\\\/www.parfumerie-arabe.com\\\/wp-content\\\/uploads\\\/2022\\\/08\\\/logo-parfumerie-arabe.png\",\"contentUrl\":\"https:\\\/\\\/www.parfumerie-arabe.com\\\/wp-content\\\/uploads\\\/2022\\\/08\\\/logo-parfumerie-arabe.png\",\"width\":600,\"height\":171,\"caption\":\"Parfumerie arabe\"},\"image\":{\"@id\":\"https:\\\/\\\/www.parfumerie-arabe.com\\\/#\\\/schema\\\/logo\\\/image\\\/\"}}]}<\/script>\n<!-- \/ Yoast SEO plugin. -->","yoast_head_json":{"title":"Inciensario el\u00e9ctrico azul dorado con motivo paisley - Perfumer\u00eda \u00e1rabe","robots":{"index":"index","follow":"follow","max-snippet":"max-snippet:-1","max-image-preview":"max-image-preview:large","max-video-preview":"max-video-preview:-1"},"canonical":"https:\/\/www.parfumerie-arabe.com\/es\/product\/incensario-electrico-azul-dorado-con-motivo-paisley\/","og_locale":"es_ES","og_type":"article","og_title":"Encensoir \u00e9lectrique bleu dor\u00e9 motif paisley - Parfumerie Arabe","og_description":"Encensoir \u00e9lectrique pour faire bruler du bakhour ou de l'encens  Conseils d'utilisation :  Brancher l'encensoir et allumer le bouton sur On  Placer votre bakhour dans l'encensoir  Laissez allumer quelques minutes le temps de faire chauffer le bakhour et l'\u00e9teindre (position Off).  Ne pas laisser l'encensoir allum\u00e9 trop longtemps au risque qu'il ne s\u2019abime et ne fonctionne plus.","og_url":"https:\/\/www.parfumerie-arabe.com\/es\/product\/incensario-electrico-azul-dorado-con-motivo-paisley\/","og_site_name":"Parfumerie Arabe","article_modified_time":"2025-09-09T12:23:33+00:00","og_image":[{"width":600,"height":600,"url":"https:\/\/www.parfumerie-arabe.com\/wp-content\/uploads\/2023\/02\/encensoir-electrique-pour-bakhour-bakhor-encens-motif-paisley.jpg","type":"image\/jpeg"}],"twitter_card":"summary_large_image","schema":{"@context":"https:\/\/schema.org","@graph":[{"@type":"WebPage","@id":"https:\/\/www.parfumerie-arabe.com\/produit\/encensoir-electrique-bleu-dore-motif-paisley\/","url":"https:\/\/www.parfumerie-arabe.com\/produit\/encensoir-electrique-bleu-dore-motif-paisley\/","name":"Inciensario el\u00e9ctrico azul dorado con motivo paisley - Perfumer\u00eda \u00e1rabe","isPartOf":{"@id":"https:\/\/www.parfumerie-arabe.com\/#website"},"primaryImageOfPage":{"@id":"https:\/\/www.parfumerie-arabe.com\/produit\/encensoir-electrique-bleu-dore-motif-paisley\/#primaryimage"},"image":{"@id":"https:\/\/www.parfumerie-arabe.com\/produit\/encensoir-electrique-bleu-dore-motif-paisley\/#primaryimage"},"thumbnailUrl":"https:\/\/www.parfumerie-arabe.com\/wp-content\/uploads\/2023\/02\/encensoir-electrique-pour-bakhour-bakhor-encens-motif-paisley.jpg","datePublished":"2023-02-19T14:19:30+00:00","dateModified":"2025-09-09T12:23:33+00:00","breadcrumb":{"@id":"https:\/\/www.parfumerie-arabe.com\/produit\/encensoir-electrique-bleu-dore-motif-paisley\/#breadcrumb"},"inLanguage":"es","potentialAction":[{"@type":"ReadAction","target":["https:\/\/www.parfumerie-arabe.com\/produit\/encensoir-electrique-bleu-dore-motif-paisley\/"]}]},{"@type":"ImageObject","inLanguage":"es","@id":"https:\/\/www.parfumerie-arabe.com\/produit\/encensoir-electrique-bleu-dore-motif-paisley\/#primaryimage","url":"https:\/\/www.parfumerie-arabe.com\/wp-content\/uploads\/2023\/02\/encensoir-electrique-pour-bakhour-bakhor-encens-motif-paisley.jpg","contentUrl":"https:\/\/www.parfumerie-arabe.com\/wp-content\/uploads\/2023\/02\/encensoir-electrique-pour-bakhour-bakhor-encens-motif-paisley.jpg","width":600,"height":600},{"@type":"BreadcrumbList","@id":"https:\/\/www.parfumerie-arabe.com\/produit\/encensoir-electrique-bleu-dore-motif-paisley\/#breadcrumb","itemListElement":[{"@type":"ListItem","position":1,"name":"Accueil","item":"https:\/\/www.parfumerie-arabe.com\/"},{"@type":"ListItem","position":2,"name":"Boutique","item":"https:\/\/www.parfumerie-arabe.com\/boutique\/"},{"@type":"ListItem","position":3,"name":"Encensoir \u00e9lectrique bleu dor\u00e9 motif paisley"}]},{"@type":"WebSite","@id":"https:\/\/www.parfumerie-arabe.com\/#website","url":"https:\/\/www.parfumerie-arabe.com\/","name":"Perfumer\u00eda \u00e1rabe","description":"","publisher":{"@id":"https:\/\/www.parfumerie-arabe.com\/#organization"},"potentialAction":[{"@type":"SearchAction","target":{"@type":"EntryPoint","urlTemplate":"https:\/\/www.parfumerie-arabe.com\/?s={search_term_string}"},"query-input":{"@type":"PropertyValueSpecification","valueRequired":true,"valueName":"search_term_string"}}],"inLanguage":"es"},{"@type":"Organization","@id":"https:\/\/www.parfumerie-arabe.com\/#organization","name":"Perfumer\u00eda \u00e1rabe","url":"https:\/\/www.parfumerie-arabe.com\/","logo":{"@type":"ImageObject","inLanguage":"es","@id":"https:\/\/www.parfumerie-arabe.com\/#\/schema\/logo\/image\/","url":"https:\/\/www.parfumerie-arabe.com\/wp-content\/uploads\/2022\/08\/logo-parfumerie-arabe.png","contentUrl":"https:\/\/www.parfumerie-arabe.com\/wp-content\/uploads\/2022\/08\/logo-parfumerie-arabe.png","width":600,"height":171,"caption":"Parfumerie arabe"},"image":{"@id":"https:\/\/www.parfumerie-arabe.com\/#\/schema\/logo\/image\/"}}]}},"_links":{"self":[{"href":"https:\/\/www.parfumerie-arabe.com\/es\/wp-json\/wp\/v2\/product\/909","targetHints":{"allow":["GET"]}}],"collection":[{"href":"https:\/\/www.parfumerie-arabe.com\/es\/wp-json\/wp\/v2\/product"}],"about":[{"href":"https:\/\/www.parfumerie-arabe.com\/es\/wp-json\/wp\/v2\/types\/product"}],"wp:featuredmedia":[{"embeddable":true,"href":"https:\/\/www.parfumerie-arabe.com\/es\/wp-json\/wp\/v2\/media\/935"}],"wp:attachment":[{"href":"https:\/\/www.parfumerie-arabe.com\/es\/wp-json\/wp\/v2\/media?parent=909"}],"wp:term":[{"taxonomy":"product_brand","embeddable":true,"href":"https:\/\/www.parfumerie-arabe.com\/es\/wp-json\/wp\/v2\/product_brand?post=909"},{"taxonomy":"product_cat","embeddable":true,"href":"https:\/\/www.parfumerie-arabe.com\/es\/wp-json\/wp\/v2\/product_cat?post=909"},{"taxonomy":"product_tag","embeddable":true,"href":"https:\/\/www.parfumerie-arabe.com\/es\/wp-json\/wp\/v2\/product_tag?post=909"}],"curies":[{"name":"wp","href":"https:\/\/api.w.org\/{rel}","templated":true}]}}